{"id":28400,"date":"2025-04-10T12:07:30","date_gmt":"2025-04-10T10:07:30","guid":{"rendered":"https:\/\/myspainfood.com\/producto\/salata-de-ardei-si-ton\/"},"modified":"2025-04-10T12:07:30","modified_gmt":"2025-04-10T10:07:30","slug":"salata-de-ardei-si-ton","status":"publish","type":"product","link":"https:\/\/myspainfood.com\/ro\/producto\/salata-de-ardei-si-ton\/","title":{"rendered":"Salat\u0103 de ardei \u0219i ton"},"content":{"rendered":"<p>Succesul salatei de ardei cu ton de la <a href=\"https:\/\/www.alsurvegetales.com\/producto\/id\/26\/ensalada-de-pimiento-asado-con-atun\" target=\"_blank\" rel=\"noopener noreferrer nofollow\">Alsur<\/a> const\u0103 \u00een culoarea sa variabil\u0103 de la ro\u0219u deschis la ro\u0219u \u00eenchis, \u00een gustul s\u0103u \u0219i \u00een textura sa fin\u0103.<\/p>\n<p>Ace\u0219ti ardei pr\u0103ji\u021bi, \u00eempreun\u0103 cu ceapa, alc\u0103tuiesc un fel de m\u00e2ncare delicios \u0219i foarte u\u0219or de preparat.<\/p>\n<p>Borcanul de sticl\u0103 c\u00e2nt\u0103re\u0219te 340 de grame.<\/p>\n<p>A se p\u0103stra \u00eentr-un loc r\u0103coros \u0219i uscat. Odat\u0103 deschis, se p\u0103streaz\u0103 la frigider \u0219i se consum\u0103 \u00een termen de 7 zile. <\/p>\n<p>Ingrediente: Ardei Piquillo, ceap\u0103, ap\u0103, zah\u0103r, ton (5%), o\u021bet, sare \u0219i acid citric.<\/p>\n<p>Alsur este o afacere de familie, \u00een care esen\u021ba alimentelor este principalul protagonist.<\/p>\n<h4>Principalele beneficii ale alimentelor conservate<\/h4>\n<ol>\n<li>P\u0103streaz\u0103 toate propriet\u0103\u021bile nutritive ale alimentelor \u00een sine. Alimentele \u00ee\u0219i p\u0103streaz\u0103 prospe\u021bimea. <\/li>\n<li>Alimentele utilizate sunt s\u0103n\u0103toase \u0219i, prin urmare, potrivite pentru o diet\u0103 optim\u0103 datorit\u0103 con\u021binutului lor ridicat de vitamine \u0219i proteine.<\/li>\n<li>Aceste produse au o durat\u0103 de via\u021b\u0103 mai lung\u0103 (2-5 ani este tipic).<\/li>\n<li>Conservele sunt foarte u\u0219or de depozitat, deoarece ambalajul lor este u\u0219or de aplicat.<\/li>\n<\/ol>\n<p>Dac\u0103 dori\u021bi s\u0103 cump\u0103ra\u021bi Salat\u0103 de ardei cu ton sau orice alt tip de <a href=\"https:\/\/latiendadesami.com\/categoria-producto\/conservas\/\" rel=\"noopener noreferrer nofollow\" target=\"_blank\">conserv\u0103<\/a>, nu ezita\u021bi s\u0103 arunca\u021bi o privire la catalogul nostru online pentru a vedea varietatea larg\u0103 de <a href=\"https:\/\/latiendadesami.com\/categoria-producto\/conservas\/atun-y-bonito\/\" target=\"_blank\" rel=\"noopener noreferrer nofollow\">ton<\/a> pe care o avem.<\/p>\n<p>Scrie\u021bi-ne pentru mai multe informa\u021bii.<\/p>\n","protected":false},"excerpt":{"rendered":"<p>Succesul salatei de ardei cu ton de la Alsur const\u0103 \u00een culoarea sa variabil\u0103 de la ro\u0219u deschis la ro\u0219u \u00eenchis, \u00een gustul s\u0103u \u0219i \u00een textura sa fin\u0103. Ace\u0219ti ardei pr\u0103ji\u021bi, \u00eempreun\u0103 cu ceapa, alc\u0103tuiesc un fel de m\u00e2ncare delicios \u0219i foarte u\u0219or de preparat. Borcanul de sticl\u0103 c\u00e2nt\u0103re\u0219te 340 de grame. A se [&hellip;]<\/p>\n","protected":false},"featured_media":9878,"template":"","meta":{"_et_pb_use_builder":"","_et_pb_old_content":"","_et_gb_content_width":""},"product_brand":[1196],"product_cat":[2307,1975,4398],"product_tag":[],"class_list":{"0":"post-28400","1":"product","2":"type-product","3":"status-publish","4":"has-post-thumbnail","6":"product_brand-alsur","7":"product_cat-ardei","8":"product_cat-conserve-ro","9":"product_cat-ton-si-bonito","11":"first","12":"instock","13":"taxable","14":"shipping-taxable","15":"purchasable","16":"product-type-variable"},"_links":{"self":[{"href":"https:\/\/myspainfood.com\/ro\/wp-json\/wp\/v2\/product\/28400","targetHints":{"allow":["GET"]}}],"collection":[{"href":"https:\/\/myspainfood.com\/ro\/wp-json\/wp\/v2\/product"}],"about":[{"href":"https:\/\/myspainfood.com\/ro\/wp-json\/wp\/v2\/types\/product"}],"wp:featuredmedia":[{"embeddable":true,"href":"https:\/\/myspainfood.com\/ro\/wp-json\/wp\/v2\/media\/9878"}],"wp:attachment":[{"href":"https:\/\/myspainfood.com\/ro\/wp-json\/wp\/v2\/media?parent=28400"}],"wp:term":[{"taxonomy":"product_brand","embeddable":true,"href":"https:\/\/myspainfood.com\/ro\/wp-json\/wp\/v2\/product_brand?post=28400"},{"taxonomy":"product_cat","embeddable":true,"href":"https:\/\/myspainfood.com\/ro\/wp-json\/wp\/v2\/product_cat?post=28400"},{"taxonomy":"product_tag","embeddable":true,"href":"https:\/\/myspainfood.com\/ro\/wp-json\/wp\/v2\/product_tag?post=28400"}],"curies":[{"name":"wp","href":"https:\/\/api.w.org\/{rel}","templated":true}]}}