{"id":29520,"date":"2025-04-10T12:08:22","date_gmt":"2025-04-10T10:08:22","guid":{"rendered":"https:\/\/myspainfood.com\/producto\/haddock-fine-crumble-5kg\/"},"modified":"2025-07-28T10:42:30","modified_gmt":"2025-07-28T08:42:30","slug":"haddock-fine-crumble-5kg","status":"publish","type":"product","link":"https:\/\/myspainfood.com\/ro\/producto\/haddock-fine-crumble-5kg\/","title":{"rendered":"Haddock Fine Crumble 5kg"},"content":{"rendered":"<p>Desmigado Fino Abadejo 5kg de <a href=\"https:\/\/labarajilla.es\/bacalao\/\" target=\"_blank\" rel=\"noopener noreferrer nofollow\">La Barajilla<\/a> se bazeaz\u0103 pe buc\u0103\u021bi de calitate superioar\u0103 f\u0103r\u0103 piele sau oase, ideale pentru omlete, crochete \u0219i ajoarriero.<\/p>\n<p>Acest produs necesit\u0103 o temperatur\u0103 de depozitare \u00eentre 0\u00baC \u0219i 5\u00baC pentru a-\u0219i men\u021bine propriet\u0103\u021bile intacte.<\/p>\n<p>Din punct de vedere nutri\u021bional, codul este un aliment bogat \u00een proteine cu valoare biologic\u0103 \u0219i digestibilitate ridicate, cu un con\u021binut sc\u0103zut de gr\u0103simi \u0219i calorii.<\/p>\n<p>Con\u021binutul de ap\u0103 este de aproximativ 80% (\u00een cod proasp\u0103t).<\/p>\n<p>Acest cod este o surs\u0103 bun\u0103 de vitamine (\u00een special din grupul B) \u0219i s\u0103ruri minerale esen\u021biale pentru organism.<\/p>\n<p>Codul proasp\u0103t sau des\u0103rat poate fi consumat de persoanele cu tensiune arterial\u0103 ridicat\u0103, deoarece este s\u0103rac \u00een sodiu \u0219i bogat \u00een potasiu.<\/p>\n<p>&#8222;Cod&#8221; este denumirea comun\u0103 pentru mai multe specii de pe\u0219ti din genul Gadus, de\u0219i unele din acela\u0219i gen pot avea alte denumiri.<\/p>\n<p>Cea mai comun\u0103 specie este codul de Atlantic (Gadus morhua sau cod comun).<\/p>\n<p>Dac\u0103 dori\u021bi s\u0103 cump\u0103ra\u021bi Desmigado Fino Abadejo 5kg sau orice alt tip de produs <a href=\"https:\/\/latiendadesami.com\/categoria-producto\/frio\/\" rel=\"noopener noreferrer nofollow\" target=\"_blank\">rece<\/a>, nu ezita\u021bi s\u0103 arunca\u021bi o privire la \u00eentregul nostru catalog online pentru a vedea marea varietate de cod pe care o avem.<\/p>\n<p>Scrie\u021bi-ne pentru mai multe informa\u021bii.<\/p>\n","protected":false},"excerpt":{"rendered":"<p>Desmigado Fino Abadejo 5kg de La Barajilla se bazeaz\u0103 pe buc\u0103\u021bi de calitate superioar\u0103 f\u0103r\u0103 piele sau oase, ideale pentru omlete, crochete \u0219i ajoarriero. Acest produs necesit\u0103 o temperatur\u0103 de depozitare \u00eentre 0\u00baC \u0219i 5\u00baC pentru a-\u0219i men\u021bine propriet\u0103\u021bile intacte. Din punct de vedere nutri\u021bional, codul este un aliment bogat \u00een proteine cu valoare biologic\u0103 [&hellip;]<\/p>\n","protected":false},"featured_media":11039,"template":"","meta":{"_et_pb_use_builder":"","_et_pb_old_content":"","_et_gb_content_width":""},"product_brand":[1290],"product_cat":[3554,1828],"product_tag":[],"class_list":{"0":"post-29520","1":"product","2":"type-product","3":"status-publish","4":"has-post-thumbnail","6":"product_brand-la-barajilla","7":"product_cat-cod-ro","8":"product_cat-rece","9":"product_shipping_class-transport-la-rece","11":"first","12":"outofstock","13":"taxable","14":"shipping-taxable","15":"purchasable","16":"product-type-simple"},"_links":{"self":[{"href":"https:\/\/myspainfood.com\/ro\/wp-json\/wp\/v2\/product\/29520","targetHints":{"allow":["GET"]}}],"collection":[{"href":"https:\/\/myspainfood.com\/ro\/wp-json\/wp\/v2\/product"}],"about":[{"href":"https:\/\/myspainfood.com\/ro\/wp-json\/wp\/v2\/types\/product"}],"wp:featuredmedia":[{"embeddable":true,"href":"https:\/\/myspainfood.com\/ro\/wp-json\/wp\/v2\/media\/11039"}],"wp:attachment":[{"href":"https:\/\/myspainfood.com\/ro\/wp-json\/wp\/v2\/media?parent=29520"}],"wp:term":[{"taxonomy":"product_brand","embeddable":true,"href":"https:\/\/myspainfood.com\/ro\/wp-json\/wp\/v2\/product_brand?post=29520"},{"taxonomy":"product_cat","embeddable":true,"href":"https:\/\/myspainfood.com\/ro\/wp-json\/wp\/v2\/product_cat?post=29520"},{"taxonomy":"product_tag","embeddable":true,"href":"https:\/\/myspainfood.com\/ro\/wp-json\/wp\/v2\/product_tag?post=29520"}],"curies":[{"name":"wp","href":"https:\/\/api.w.org\/{rel}","templated":true}]}}