{"id":29539,"date":"2025-04-10T12:08:11","date_gmt":"2025-04-10T10:08:11","guid":{"rendered":"https:\/\/myspainfood.com\/producto\/delicii-de-branza-cu-ansoa-75-unitati\/"},"modified":"2026-03-26T18:15:01","modified_gmt":"2026-03-26T17:15:01","slug":"delicii-de-branza-cu-ansoa-75-unitati","status":"publish","type":"product","link":"https:\/\/myspainfood.com\/ro\/producto\/delicii-de-branza-cu-ansoa-75-unitati\/","title":{"rendered":"Delicii de br\u00e2nz\u0103 cu an\u0219oa 75 unit\u0103\u021bi"},"content":{"rendered":"<p>Ulei (85% floarea soarelui, 15% m\u0103sline), m\u0103sline umplute cu <strong>an\u0219oa<\/strong>, file de<strong> an\u0219oa<\/strong>, br\u00e2nz\u0103 semi-curat\u0103, piparra \u0219i piper ro\u0219u.<\/p>\n","protected":false},"excerpt":{"rendered":"<p>Ulei (85% floarea soarelui, 15% m\u0103sline), m\u0103sline umplute cu an\u0219oa, file de an\u0219oa, br\u00e2nz\u0103 semi-curat\u0103, piparra \u0219i piper ro\u0219u.<\/p>\n","protected":false},"featured_media":10607,"template":"","meta":{"_et_pb_use_builder":"","_et_pb_old_content":"","_et_gb_content_width":""},"product_brand":[1277],"product_cat":[1830,1600,1598,1832,1828],"product_tag":[],"class_list":{"0":"post-29539","1":"product","2":"type-product","3":"status-publish","4":"has-post-thumbnail","6":"product_brand-bokeo","7":"product_cat-ansoa","8":"product_cat-masline","9":"product_cat-muraturi","10":"product_cat-pintxos-ro","11":"product_cat-rece","12":"product_shipping_class-transport-la-rece","14":"first","15":"instock","16":"taxable","17":"shipping-taxable","18":"purchasable","19":"product-type-simple"},"_links":{"self":[{"href":"https:\/\/myspainfood.com\/ro\/wp-json\/wp\/v2\/product\/29539","targetHints":{"allow":["GET"]}}],"collection":[{"href":"https:\/\/myspainfood.com\/ro\/wp-json\/wp\/v2\/product"}],"about":[{"href":"https:\/\/myspainfood.com\/ro\/wp-json\/wp\/v2\/types\/product"}],"wp:featuredmedia":[{"embeddable":true,"href":"https:\/\/myspainfood.com\/ro\/wp-json\/wp\/v2\/media\/10607"}],"wp:attachment":[{"href":"https:\/\/myspainfood.com\/ro\/wp-json\/wp\/v2\/media?parent=29539"}],"wp:term":[{"taxonomy":"product_brand","embeddable":true,"href":"https:\/\/myspainfood.com\/ro\/wp-json\/wp\/v2\/product_brand?post=29539"},{"taxonomy":"product_cat","embeddable":true,"href":"https:\/\/myspainfood.com\/ro\/wp-json\/wp\/v2\/product_cat?post=29539"},{"taxonomy":"product_tag","embeddable":true,"href":"https:\/\/myspainfood.com\/ro\/wp-json\/wp\/v2\/product_tag?post=29539"}],"curies":[{"name":"wp","href":"https:\/\/api.w.org\/{rel}","templated":true}]}}