{"id":29884,"date":"2025-04-10T12:08:04","date_gmt":"2025-04-10T10:08:04","guid":{"rendered":"https:\/\/myspainfood.com\/producto\/bloc-de-pateu-de-foie-gras-90-canard-picarpicar-150-g\/"},"modified":"2025-07-28T12:58:33","modified_gmt":"2025-07-28T10:58:33","slug":"bloc-de-pateu-de-foie-gras-90-canard-picarpicar-150-g","status":"publish","type":"product","link":"https:\/\/myspainfood.com\/ro\/producto\/bloc-de-pateu-de-foie-gras-90-canard-picarpicar-150-g\/","title":{"rendered":"Bloc de pateu de Foie Gras 90% Canard Picar&amp;picar 150 g"},"content":{"rendered":"<p>PICAR&amp;PICAR ofer\u0103 Bloc Foie Gras de prima calitate, \u00een pachete de 150 gr<\/p>\n<p><strong>Foie gras de canard<\/strong> are o arom\u0103 mai intens\u0103, perfect\u0103 pentru a \u00eenso\u021bi mesele noastre \u00een orice moment sau pentru a fi folosit\u0103 ca ingredient \u00een buc\u0103t\u0103rie.<\/p>\n","protected":false},"excerpt":{"rendered":"<p>PICAR&amp;PICAR ofer\u0103 Bloc Foie Gras de prima calitate, \u00een pachete de 150 gr Foie gras de canard are o arom\u0103 mai intens\u0103, perfect\u0103 pentru a \u00eenso\u021bi mesele noastre \u00een orice moment sau pentru a fi folosit\u0103 ca ingredient \u00een buc\u0103t\u0103rie.<\/p>\n","protected":false},"featured_media":10445,"template":"","meta":{"_et_pb_use_builder":"","_et_pb_old_content":"","_et_gb_content_width":""},"product_brand":[1127],"product_cat":[6592,1828],"product_tag":[],"class_list":{"0":"post-29884","1":"product","2":"type-product","3":"status-publish","4":"has-post-thumbnail","6":"product_brand-picarpicar","7":"product_cat-foie-ro","8":"product_cat-rece","9":"product_shipping_class-transport-la-rece","11":"first","12":"outofstock","13":"sale","14":"featured","15":"taxable","16":"shipping-taxable","17":"purchasable","18":"product-type-simple"},"_links":{"self":[{"href":"https:\/\/myspainfood.com\/ro\/wp-json\/wp\/v2\/product\/29884","targetHints":{"allow":["GET"]}}],"collection":[{"href":"https:\/\/myspainfood.com\/ro\/wp-json\/wp\/v2\/product"}],"about":[{"href":"https:\/\/myspainfood.com\/ro\/wp-json\/wp\/v2\/types\/product"}],"wp:featuredmedia":[{"embeddable":true,"href":"https:\/\/myspainfood.com\/ro\/wp-json\/wp\/v2\/media\/10445"}],"wp:attachment":[{"href":"https:\/\/myspainfood.com\/ro\/wp-json\/wp\/v2\/media?parent=29884"}],"wp:term":[{"taxonomy":"product_brand","embeddable":true,"href":"https:\/\/myspainfood.com\/ro\/wp-json\/wp\/v2\/product_brand?post=29884"},{"taxonomy":"product_cat","embeddable":true,"href":"https:\/\/myspainfood.com\/ro\/wp-json\/wp\/v2\/product_cat?post=29884"},{"taxonomy":"product_tag","embeddable":true,"href":"https:\/\/myspainfood.com\/ro\/wp-json\/wp\/v2\/product_tag?post=29884"}],"curies":[{"name":"wp","href":"https:\/\/api.w.org\/{rel}","templated":true}]}}