{"id":29935,"date":"2025-04-10T12:08:05","date_gmt":"2025-04-10T10:08:05","guid":{"rendered":"https:\/\/myspainfood.com\/producto\/sushi-cecina-si-branza-80-unitati\/"},"modified":"2025-07-28T12:58:44","modified_gmt":"2025-07-28T10:58:44","slug":"sushi-cecina-si-branza-80-unitati","status":"publish","type":"product","link":"https:\/\/myspainfood.com\/ro\/producto\/sushi-cecina-si-branza-80-unitati\/","title":{"rendered":"Sushi Cecina \u0219i Br\u00e2nz\u0103 80 unit\u0103\u021bi"},"content":{"rendered":"<p>Ulei (85% floarea soarelui, 15% m\u0103sline), m\u0103sline umplute cu<strong> an\u0219oa<\/strong>, <strong>ou de<\/strong> prepeli\u021b\u0103, br\u00e2nz\u0103 mixt\u0103 \u0219i carne de vit\u0103 uscat\u0103.<\/p>\n","protected":false},"excerpt":{"rendered":"<p>Ulei (85% floarea soarelui, 15% m\u0103sline), m\u0103sline umplute cu an\u0219oa, ou de prepeli\u021b\u0103, br\u00e2nz\u0103 mixt\u0103 \u0219i carne de vit\u0103 uscat\u0103.<\/p>\n","protected":false},"featured_media":10463,"template":"","meta":{"_et_pb_use_builder":"","_et_pb_old_content":"","_et_gb_content_width":""},"product_brand":[1277],"product_cat":[2239,1600,1598,1832,1828],"product_tag":[],"class_list":{"0":"post-29935","1":"product","2":"type-product","3":"status-publish","4":"has-post-thumbnail","6":"product_brand-bokeo","7":"product_cat-branza-si-carnati","8":"product_cat-masline","9":"product_cat-muraturi","10":"product_cat-pintxos-ro","11":"product_cat-rece","12":"product_shipping_class-transport-la-rece","14":"first","15":"outofstock","16":"taxable","17":"shipping-taxable","18":"purchasable","19":"product-type-simple"},"_links":{"self":[{"href":"https:\/\/myspainfood.com\/ro\/wp-json\/wp\/v2\/product\/29935","targetHints":{"allow":["GET"]}}],"collection":[{"href":"https:\/\/myspainfood.com\/ro\/wp-json\/wp\/v2\/product"}],"about":[{"href":"https:\/\/myspainfood.com\/ro\/wp-json\/wp\/v2\/types\/product"}],"wp:featuredmedia":[{"embeddable":true,"href":"https:\/\/myspainfood.com\/ro\/wp-json\/wp\/v2\/media\/10463"}],"wp:attachment":[{"href":"https:\/\/myspainfood.com\/ro\/wp-json\/wp\/v2\/media?parent=29935"}],"wp:term":[{"taxonomy":"product_brand","embeddable":true,"href":"https:\/\/myspainfood.com\/ro\/wp-json\/wp\/v2\/product_brand?post=29935"},{"taxonomy":"product_cat","embeddable":true,"href":"https:\/\/myspainfood.com\/ro\/wp-json\/wp\/v2\/product_cat?post=29935"},{"taxonomy":"product_tag","embeddable":true,"href":"https:\/\/myspainfood.com\/ro\/wp-json\/wp\/v2\/product_tag?post=29935"}],"curies":[{"name":"wp","href":"https:\/\/api.w.org\/{rel}","templated":true}]}}