{"id":30371,"date":"2025-04-10T12:08:03","date_gmt":"2025-04-10T10:08:03","guid":{"rendered":"https:\/\/myspainfood.com\/producto\/tentatii-cu-branza-170-gr\/"},"modified":"2025-04-10T12:08:03","modified_gmt":"2025-04-10T10:08:03","slug":"tentatii-cu-branza-170-gr","status":"publish","type":"product","link":"https:\/\/myspainfood.com\/ro\/producto\/tentatii-cu-branza-170-gr\/","title":{"rendered":"Tenta\u021bii cu br\u00e2nz\u0103 170 gr"},"content":{"rendered":"<p>Ulei (100% floarea soarelui), piper dulce de cire\u0219e, crem\u0103 de br\u00e2nz\u0103.<\/p>\n","protected":false},"excerpt":{"rendered":"<p>Ulei (100% floarea soarelui), piper dulce de cire\u0219e, crem\u0103 de br\u00e2nz\u0103.<\/p>\n","protected":false},"featured_media":10562,"template":"","meta":{"_et_pb_use_builder":"","_et_pb_old_content":"","_et_gb_content_width":""},"product_brand":[1277],"product_cat":[2307,2239,1975],"product_tag":[],"class_list":{"0":"post-30371","1":"product","2":"type-product","3":"status-publish","4":"has-post-thumbnail","6":"product_brand-bokeo","7":"product_cat-ardei","8":"product_cat-branza-si-carnati","9":"product_cat-conserve-ro","10":"product_shipping_class-transport-la-rece","12":"first","13":"instock","14":"taxable","15":"shipping-taxable","16":"product-type-variable"},"_links":{"self":[{"href":"https:\/\/myspainfood.com\/ro\/wp-json\/wp\/v2\/product\/30371","targetHints":{"allow":["GET"]}}],"collection":[{"href":"https:\/\/myspainfood.com\/ro\/wp-json\/wp\/v2\/product"}],"about":[{"href":"https:\/\/myspainfood.com\/ro\/wp-json\/wp\/v2\/types\/product"}],"wp:featuredmedia":[{"embeddable":true,"href":"https:\/\/myspainfood.com\/ro\/wp-json\/wp\/v2\/media\/10562"}],"wp:attachment":[{"href":"https:\/\/myspainfood.com\/ro\/wp-json\/wp\/v2\/media?parent=30371"}],"wp:term":[{"taxonomy":"product_brand","embeddable":true,"href":"https:\/\/myspainfood.com\/ro\/wp-json\/wp\/v2\/product_brand?post=30371"},{"taxonomy":"product_cat","embeddable":true,"href":"https:\/\/myspainfood.com\/ro\/wp-json\/wp\/v2\/product_cat?post=30371"},{"taxonomy":"product_tag","embeddable":true,"href":"https:\/\/myspainfood.com\/ro\/wp-json\/wp\/v2\/product_tag?post=30371"}],"curies":[{"name":"wp","href":"https:\/\/api.w.org\/{rel}","templated":true}]}}