{"id":31035,"date":"2025-04-10T12:08:39","date_gmt":"2025-04-10T10:08:39","guid":{"rendered":"https:\/\/myspainfood.com\/producto\/kokotxas-islanda-extra-500gr\/"},"modified":"2025-07-28T10:36:34","modified_gmt":"2025-07-28T08:36:34","slug":"kokotxas-islanda-extra-500gr","status":"publish","type":"product","link":"https:\/\/myspainfood.com\/ro\/producto\/kokotxas-islanda-extra-500gr\/","title":{"rendered":"Kokotxas Islanda Extra 500gr"},"content":{"rendered":"<p>Kokotxas Islandia Extra 500gr de <a href=\"https:\/\/labarajilla.es\/bacalao\/\" target=\"_blank\" rel=\"noopener noreferrer nofollow\">la Barajilla<\/a> sunt foarte apreciate pentru textura lor.<\/p>\n<p>Ace\u0219ti kokotxas au o mas\u0103 muscular\u0103 bun\u0103 situat\u0103 \u00eentre cele dou\u0103 maxilare inferioare ale pe\u0219telui.<\/p>\n<ul>\n<li><strong>SPECIE<\/strong>: Cod ( Gadus Morhua )<u><\/u><u><\/u><\/li>\n<li><strong>ZON\u0102 DE PESCUIT<\/strong>: Atlanticul de Nord-Vest ( FAO 27 )<u><\/u><u><\/u><\/li>\n<li><strong>DEPOZITARE<\/strong>: \u00eentre 0\u00baC \u0219i 5\u00baC.<\/li>\n<\/ul>\n<p>Din punct de vedere nutri\u021bional, codul este un aliment bogat \u00een proteine cu valoare biologic\u0103 \u0219i digestibilitate ridicate, cu un con\u021binut sc\u0103zut de gr\u0103simi \u0219i calorii.<\/p>\n<p>Con\u021binutul de ap\u0103 este de aproximativ 80% (\u00een cod proasp\u0103t).<\/p>\n<p>Acest cod este o surs\u0103 bun\u0103 de vitamine (\u00een special din grupul B) \u0219i s\u0103ruri minerale esen\u021biale pentru organism.<\/p>\n<p>Codul proasp\u0103t sau des\u0103rat poate fi consumat de persoanele cu tensiune arterial\u0103 ridicat\u0103, deoarece este s\u0103rac \u00een sodiu \u0219i bogat \u00een potasiu.<\/p>\n<p>&#8222;Cod&#8221; este denumirea comun\u0103 pentru mai multe specii de pe\u0219ti din genul Gadus, de\u0219i unele din acela\u0219i gen pot avea alte denumiri.<\/p>\n<p>Cea mai comun\u0103 specie este codul de Atlantic (Gadus morhua sau cod comun).<\/p>\n<p>Dac\u0103 dori\u021bi s\u0103 cump\u0103ra\u021bi Kokotxas Islandia Extra 500gr sau orice alt tip de produs <a href=\"https:\/\/latiendadesami.com\/categoria-producto\/frio\/\" rel=\"noopener noreferrer nofollow\" target=\"_blank\">rece<\/a>, nu ezita\u021bi s\u0103 arunca\u021bi o privire la catalogul nostru online pentru a vedea marea varietate de cod pe care o avem.<\/p>\n<p>Scrie\u021bi-ne pentru mai multe informa\u021bii.<\/p>\n","protected":false},"excerpt":{"rendered":"<p>Kokotxas Islandia Extra 500gr de la Barajilla sunt foarte apreciate pentru textura lor. Ace\u0219ti kokotxas au o mas\u0103 muscular\u0103 bun\u0103 situat\u0103 \u00eentre cele dou\u0103 maxilare inferioare ale pe\u0219telui. SPECIE: Cod ( Gadus Morhua ) ZON\u0102 DE PESCUIT: Atlanticul de Nord-Vest ( FAO 27 ) DEPOZITARE: \u00eentre 0\u00baC \u0219i 5\u00baC. Din punct de vedere nutri\u021bional, codul [&hellip;]<\/p>\n","protected":false},"featured_media":11165,"template":"","meta":{"_et_pb_use_builder":"","_et_pb_old_content":"","_et_gb_content_width":""},"product_brand":[1290],"product_cat":[3554,1828],"product_tag":[],"class_list":{"0":"post-31035","1":"product","2":"type-product","3":"status-publish","4":"has-post-thumbnail","6":"product_brand-la-barajilla","7":"product_cat-cod-ro","8":"product_cat-rece","9":"product_shipping_class-transport-la-rece","11":"first","12":"outofstock","13":"taxable","14":"shipping-taxable","15":"purchasable","16":"product-type-simple"},"_links":{"self":[{"href":"https:\/\/myspainfood.com\/ro\/wp-json\/wp\/v2\/product\/31035","targetHints":{"allow":["GET"]}}],"collection":[{"href":"https:\/\/myspainfood.com\/ro\/wp-json\/wp\/v2\/product"}],"about":[{"href":"https:\/\/myspainfood.com\/ro\/wp-json\/wp\/v2\/types\/product"}],"wp:featuredmedia":[{"embeddable":true,"href":"https:\/\/myspainfood.com\/ro\/wp-json\/wp\/v2\/media\/11165"}],"wp:attachment":[{"href":"https:\/\/myspainfood.com\/ro\/wp-json\/wp\/v2\/media?parent=31035"}],"wp:term":[{"taxonomy":"product_brand","embeddable":true,"href":"https:\/\/myspainfood.com\/ro\/wp-json\/wp\/v2\/product_brand?post=31035"},{"taxonomy":"product_cat","embeddable":true,"href":"https:\/\/myspainfood.com\/ro\/wp-json\/wp\/v2\/product_cat?post=31035"},{"taxonomy":"product_tag","embeddable":true,"href":"https:\/\/myspainfood.com\/ro\/wp-json\/wp\/v2\/product_tag?post=31035"}],"curies":[{"name":"wp","href":"https:\/\/api.w.org\/{rel}","templated":true}]}}