{"id":31373,"date":"2025-04-10T12:08:39","date_gmt":"2025-04-10T10:08:39","guid":{"rendered":"https:\/\/myspainfood.com\/producto\/cruceiro-de-ferreiros-albarino\/"},"modified":"2025-04-10T12:08:39","modified_gmt":"2025-04-10T10:08:39","slug":"cruceiro-de-ferreiros-albarino","status":"publish","type":"product","link":"https:\/\/myspainfood.com\/ro\/producto\/cruceiro-de-ferreiros-albarino\/","title":{"rendered":"Cruceiro de Ferreiros Albari\u00f1o"},"content":{"rendered":"<p>Acest vin galician clasic este curat \u0219i str\u0103lucitor, cu o culoare aproape verde. Arome de grapefruit c\u00e2nt\u0103 pe un fundal floral cu note de mineralitate. Are corp, structur\u0103 bun\u0103 \u0219i un final puternic, un vin excelent pentru m\u00e2nc\u0103ruri u\u0219oare de pe\u0219te sau br\u00e2nz\u0103 proasp\u0103t\u0103.  <\/p>\n<div>produs din struguri Albari\u00f1o, Godello \u0219i Loureiro, a primit medalia de argint la International Wine Awards 2017, la categoria vin alb.<\/div>\n<p>Nume\/zon\u0103: Ixp Do Mi\u00f1o<\/p>\n","protected":false},"excerpt":{"rendered":"<p>Acest vin galician clasic este curat \u0219i str\u0103lucitor, cu o culoare aproape verde. Arome de grapefruit c\u00e2nt\u0103 pe un fundal floral cu note de mineralitate. Are corp, structur\u0103 bun\u0103 \u0219i un final puternic, un vin excelent pentru m\u00e2nc\u0103ruri u\u0219oare de pe\u0219te sau br\u00e2nz\u0103 proasp\u0103t\u0103. produs din struguri Albari\u00f1o, Godello \u0219i Loureiro, a primit medalia de [&hellip;]<\/p>\n","protected":false},"featured_media":11453,"template":"","meta":{"_et_pb_use_builder":"","_et_pb_old_content":"","_et_gb_content_width":""},"product_brand":[1302],"product_cat":[4868,6263],"product_tag":[7010],"class_list":{"0":"post-31373","1":"product","2":"type-product","3":"status-publish","4":"has-post-thumbnail","6":"product_brand-galiciano","7":"product_cat-bauturi","8":"product_cat-vin-ro-3","9":"product_tag-albarino-ro","11":"first","12":"instock","13":"taxable","14":"shipping-taxable","15":"purchasable","16":"product-type-variable"},"_links":{"self":[{"href":"https:\/\/myspainfood.com\/ro\/wp-json\/wp\/v2\/product\/31373","targetHints":{"allow":["GET"]}}],"collection":[{"href":"https:\/\/myspainfood.com\/ro\/wp-json\/wp\/v2\/product"}],"about":[{"href":"https:\/\/myspainfood.com\/ro\/wp-json\/wp\/v2\/types\/product"}],"wp:featuredmedia":[{"embeddable":true,"href":"https:\/\/myspainfood.com\/ro\/wp-json\/wp\/v2\/media\/11453"}],"wp:attachment":[{"href":"https:\/\/myspainfood.com\/ro\/wp-json\/wp\/v2\/media?parent=31373"}],"wp:term":[{"taxonomy":"product_brand","embeddable":true,"href":"https:\/\/myspainfood.com\/ro\/wp-json\/wp\/v2\/product_brand?post=31373"},{"taxonomy":"product_cat","embeddable":true,"href":"https:\/\/myspainfood.com\/ro\/wp-json\/wp\/v2\/product_cat?post=31373"},{"taxonomy":"product_tag","embeddable":true,"href":"https:\/\/myspainfood.com\/ro\/wp-json\/wp\/v2\/product_tag?post=31373"}],"curies":[{"name":"wp","href":"https:\/\/api.w.org\/{rel}","templated":true}]}}