{"id":31595,"date":"2025-04-10T12:09:08","date_gmt":"2025-04-10T10:09:08","guid":{"rendered":"https:\/\/myspainfood.com\/producto\/branza-de-oaie-cu-rozmarin-el-gran-cardenal\/"},"modified":"2025-07-28T10:39:31","modified_gmt":"2025-07-28T08:39:31","slug":"branza-de-oaie-cu-rozmarin-el-gran-cardenal","status":"publish","type":"product","link":"https:\/\/myspainfood.com\/ro\/producto\/branza-de-oaie-cu-rozmarin-el-gran-cardenal\/","title":{"rendered":"Br\u00e2nz\u0103 de oaie cu rozmarin El Gran Cardenal"},"content":{"rendered":"<div class=\"et_pb_blurb_container\">\n<div class=\"et_pb_blurb_container\">\n<h4 class=\"et_pb_module_header\">Oaie cu rozmarin<\/h4>\n<div class=\"et_pb_blurb_description\">Rozmarinul este o plant\u0103 aromatic\u0103 tipic\u0103 regiunii mediteraneene. Aroma sa impregneaz\u0103 br\u00e2nza noastr\u0103 Castellano de Oveja pentru a-i conferi un miros \u0219i o arom\u0103 foarte nuan\u021bate, contribuind totodat\u0103 la protejarea br\u00e2nzei. <\/p>\n<p>\u00cen limbajul florilor, rozmarinul este un simbol al bunei credin\u021be \u0219i al deschiderii.<\/p><\/div>\n<\/div>\n<\/div>\n","protected":false},"excerpt":{"rendered":"<p>Oaie cu rozmarin Rozmarinul este o plant\u0103 aromatic\u0103 tipic\u0103 regiunii mediteraneene. Aroma sa impregneaz\u0103 br\u00e2nza noastr\u0103 Castellano de Oveja pentru a-i conferi un miros \u0219i o arom\u0103 foarte nuan\u021bate, contribuind totodat\u0103 la protejarea br\u00e2nzei. \u00cen limbajul florilor, rozmarinul este un simbol al bunei credin\u021be \u0219i al deschiderii.<\/p>\n","protected":false},"featured_media":11687,"template":"","meta":{"_et_pb_use_builder":"","_et_pb_old_content":"","_et_gb_content_width":""},"product_brand":[1319],"product_cat":[2239,2720,1828],"product_tag":[],"class_list":{"0":"post-31595","1":"product","2":"type-product","3":"status-publish","4":"has-post-thumbnail","6":"product_brand-el-gran-cardenal","7":"product_cat-branza-si-carnati","8":"product_cat-curatare","9":"product_cat-rece","10":"product_shipping_class-transport-la-rece","12":"first","13":"outofstock","14":"taxable","15":"shipping-taxable","16":"purchasable","17":"product-type-variable"},"_links":{"self":[{"href":"https:\/\/myspainfood.com\/ro\/wp-json\/wp\/v2\/product\/31595","targetHints":{"allow":["GET"]}}],"collection":[{"href":"https:\/\/myspainfood.com\/ro\/wp-json\/wp\/v2\/product"}],"about":[{"href":"https:\/\/myspainfood.com\/ro\/wp-json\/wp\/v2\/types\/product"}],"wp:featuredmedia":[{"embeddable":true,"href":"https:\/\/myspainfood.com\/ro\/wp-json\/wp\/v2\/media\/11687"}],"wp:attachment":[{"href":"https:\/\/myspainfood.com\/ro\/wp-json\/wp\/v2\/media?parent=31595"}],"wp:term":[{"taxonomy":"product_brand","embeddable":true,"href":"https:\/\/myspainfood.com\/ro\/wp-json\/wp\/v2\/product_brand?post=31595"},{"taxonomy":"product_cat","embeddable":true,"href":"https:\/\/myspainfood.com\/ro\/wp-json\/wp\/v2\/product_cat?post=31595"},{"taxonomy":"product_tag","embeddable":true,"href":"https:\/\/myspainfood.com\/ro\/wp-json\/wp\/v2\/product_tag?post=31595"}],"curies":[{"name":"wp","href":"https:\/\/api.w.org\/{rel}","templated":true}]}}