{"id":31703,"date":"2025-04-10T12:09:09","date_gmt":"2025-04-10T10:09:09","guid":{"rendered":"https:\/\/myspainfood.com\/producto\/el-gran-cardenal-branza-de-capra-si-vaca-paprika\/"},"modified":"2026-03-17T10:42:49","modified_gmt":"2026-03-17T09:42:49","slug":"el-gran-cardenal-branza-de-capra-si-vaca-paprika","status":"publish","type":"product","link":"https:\/\/myspainfood.com\/ro\/producto\/el-gran-cardenal-branza-de-capra-si-vaca-paprika\/","title":{"rendered":"El Gran Cardenal Br\u00e2nz\u0103 de capr\u0103 \u0219i vac\u0103 Paprika"},"content":{"rendered":"<div class=\"et_pb_blurb_container\">\n<div class=\"et_pb_blurb_container\">\n<h4 class=\"et_pb_module_header\">Capr\u0103 cu paprika<\/h4>\n<div class=\"et_pb_blurb_description\">Acoperit\u0103 la exterior cu paprika natural\u0103 (ob\u021binut\u0103 prin uscarea \u0219i m\u0103cinarea piperului ro\u0219u), aceasta confer\u0103 br\u00e2nzei o culoare ro\u0219iatic\u0103 atr\u0103g\u0103toare, precum \u0219i o arom\u0103 \u0219i un gust foarte speciale.<\/p>\n<p>Combina\u021bia dintre cremozitatea laptelui de capr\u0103 \u0219i aroma paprika natural\u0103 este una dintre cele mai bune combina\u021bii posibile \u00een br\u00e2nzeturi.<\/p><\/div>\n<\/div>\n<\/div>\n","protected":false},"excerpt":{"rendered":"<p>Capr\u0103 cu paprika Acoperit\u0103 la exterior cu paprika natural\u0103 (ob\u021binut\u0103 prin uscarea \u0219i m\u0103cinarea piperului ro\u0219u), aceasta confer\u0103 br\u00e2nzei o culoare ro\u0219iatic\u0103 atr\u0103g\u0103toare, precum \u0219i o arom\u0103 \u0219i un gust foarte speciale. Combina\u021bia dintre cremozitatea laptelui de capr\u0103 \u0219i aroma paprika natural\u0103 este una dintre cele mai bune combina\u021bii posibile \u00een br\u00e2nzeturi.<\/p>\n","protected":false},"featured_media":11714,"template":"","meta":{"_et_pb_use_builder":"","_et_pb_old_content":"","_et_gb_content_width":""},"product_brand":[1319],"product_cat":[2239,2720,1828],"product_tag":[],"class_list":{"0":"post-31703","1":"product","2":"type-product","3":"status-publish","4":"has-post-thumbnail","6":"product_brand-el-gran-cardenal","7":"product_cat-branza-si-carnati","8":"product_cat-curatare","9":"product_cat-rece","10":"product_shipping_class-transport-la-rece","12":"first","13":"outofstock","14":"sale","15":"taxable","16":"shipping-taxable","17":"purchasable","18":"product-type-variable"},"_links":{"self":[{"href":"https:\/\/myspainfood.com\/ro\/wp-json\/wp\/v2\/product\/31703","targetHints":{"allow":["GET"]}}],"collection":[{"href":"https:\/\/myspainfood.com\/ro\/wp-json\/wp\/v2\/product"}],"about":[{"href":"https:\/\/myspainfood.com\/ro\/wp-json\/wp\/v2\/types\/product"}],"wp:featuredmedia":[{"embeddable":true,"href":"https:\/\/myspainfood.com\/ro\/wp-json\/wp\/v2\/media\/11714"}],"wp:attachment":[{"href":"https:\/\/myspainfood.com\/ro\/wp-json\/wp\/v2\/media?parent=31703"}],"wp:term":[{"taxonomy":"product_brand","embeddable":true,"href":"https:\/\/myspainfood.com\/ro\/wp-json\/wp\/v2\/product_brand?post=31703"},{"taxonomy":"product_cat","embeddable":true,"href":"https:\/\/myspainfood.com\/ro\/wp-json\/wp\/v2\/product_cat?post=31703"},{"taxonomy":"product_tag","embeddable":true,"href":"https:\/\/myspainfood.com\/ro\/wp-json\/wp\/v2\/product_tag?post=31703"}],"curies":[{"name":"wp","href":"https:\/\/api.w.org\/{rel}","templated":true}]}}