{"id":32265,"date":"2025-04-10T12:09:28","date_gmt":"2025-04-10T10:09:28","guid":{"rendered":"https:\/\/myspainfood.com\/producto\/el-gran-cardenal-branza-iberica-maturata\/"},"modified":"2025-07-28T13:02:30","modified_gmt":"2025-07-28T11:02:30","slug":"el-gran-cardenal-branza-iberica-maturata","status":"publish","type":"product","link":"https:\/\/myspainfood.com\/ro\/producto\/el-gran-cardenal-branza-iberica-maturata\/","title":{"rendered":"El Gran Cardenal Br\u00e2nz\u0103 iberic\u0103 maturat\u0103"},"content":{"rendered":"<div class=\"et_pb_blurb_container\">\n<div class=\"et_pb_blurb_container\">\n<div class=\"et_pb_column et_pb_column_4_4 et_pb_column_1 et_pb_css_mix_blend_mode_passthrough et-last-child\">\n<div class=\"et_pb_module et_pb_text et_pb_text_1 et_pb_text_align_justified et_pb_bg_layout_light\">\n<div class=\"et_pb_text_inner\">Fabricate dup\u0103 o re\u021bet\u0103 de familie, cu un amestec rafinat al laptelui nostru, ob\u021bin\u00e2ndu-se astfel o mare intensitate \u0219i persisten\u021b\u0103 \u00een gur\u0103. Br\u00e2nzeturi cu diferite perioade de maturare \u00een usc\u0103torul nostru din lemn, semi-curate (de la 2 la 4 luni de maturare) \u0219i maturate (de la 4 la 6 luni de maturare). <\/div>\n<\/div>\n<\/div>\n<\/div>\n<\/div>\n","protected":false},"excerpt":{"rendered":"<p>Fabricate dup\u0103 o re\u021bet\u0103 de familie, cu un amestec rafinat al laptelui nostru, ob\u021bin\u00e2ndu-se astfel o mare intensitate \u0219i persisten\u021b\u0103 \u00een gur\u0103. Br\u00e2nzeturi cu diferite perioade de maturare \u00een usc\u0103torul nostru din lemn, semi-curate (de la 2 la 4 luni de maturare) \u0219i maturate (de la 4 la 6 luni de maturare).<\/p>\n","protected":false},"featured_media":12047,"template":"","meta":{"_et_pb_use_builder":"","_et_pb_old_content":"","_et_gb_content_width":""},"product_brand":[1319],"product_cat":[2239,2720,1828],"product_tag":[],"class_list":{"0":"post-32265","1":"product","2":"type-product","3":"status-publish","4":"has-post-thumbnail","6":"product_brand-el-gran-cardenal","7":"product_cat-branza-si-carnati","8":"product_cat-curatare","9":"product_cat-rece","10":"product_shipping_class-transport-la-rece","12":"first","13":"outofstock","14":"taxable","15":"shipping-taxable","16":"product-type-variable"},"_links":{"self":[{"href":"https:\/\/myspainfood.com\/ro\/wp-json\/wp\/v2\/product\/32265","targetHints":{"allow":["GET"]}}],"collection":[{"href":"https:\/\/myspainfood.com\/ro\/wp-json\/wp\/v2\/product"}],"about":[{"href":"https:\/\/myspainfood.com\/ro\/wp-json\/wp\/v2\/types\/product"}],"wp:featuredmedia":[{"embeddable":true,"href":"https:\/\/myspainfood.com\/ro\/wp-json\/wp\/v2\/media\/12047"}],"wp:attachment":[{"href":"https:\/\/myspainfood.com\/ro\/wp-json\/wp\/v2\/media?parent=32265"}],"wp:term":[{"taxonomy":"product_brand","embeddable":true,"href":"https:\/\/myspainfood.com\/ro\/wp-json\/wp\/v2\/product_brand?post=32265"},{"taxonomy":"product_cat","embeddable":true,"href":"https:\/\/myspainfood.com\/ro\/wp-json\/wp\/v2\/product_cat?post=32265"},{"taxonomy":"product_tag","embeddable":true,"href":"https:\/\/myspainfood.com\/ro\/wp-json\/wp\/v2\/product_tag?post=32265"}],"curies":[{"name":"wp","href":"https:\/\/api.w.org\/{rel}","templated":true}]}}