{"id":32604,"date":"2025-04-10T12:09:05","date_gmt":"2025-04-10T10:09:05","guid":{"rendered":"https:\/\/myspainfood.com\/producto\/ulei-de-masline-extra-virgin-valdezarza-5-litri-2\/"},"modified":"2026-01-29T12:10:57","modified_gmt":"2026-01-29T11:10:57","slug":"ulei-de-masline-extra-virgin-valdezarza-5-litri-2","status":"publish","type":"product","link":"https:\/\/myspainfood.com\/ro\/producto\/ulei-de-masline-extra-virgin-valdezarza-5-litri-2\/","title":{"rendered":"Ulei de m\u0103sline extra virgin VALDEZARZA 5 litri"},"content":{"rendered":"<p>Valdezarza Extra Virgin Olive Oil 5l este un ulei de m\u0103sline extra virgin de categorie superioar\u0103, ob\u021binut direct din m\u0103sline \u0219i numai prin proceduri mecanice.<\/p>\n<p>Valdezarza este situat \u00een inima Montes de Toledo (Spania) \u0219i are un ecosistem integrat de planta\u021bii de m\u0103slini \u0219i natur\u0103.<\/p>\n<p>Cel mai bun suc de m\u0103sline este f\u0103cut din m\u0103sline: Ulei de m\u0103sline extravirgin <a href=\"https:\/\/aceitesvaldezarza.com\/quienes-somos\/\" target=\"_blank\" rel=\"noopener noreferrer nofollow\">VALDEZARZA<\/a>.<\/p>\n<p>Domeniul Valdezarza este situat \u00een municipalitatea San Mart\u00edn de Montalb\u00e1n, integrat\u0103 geografic \u00een Montes de Toledo.<\/p>\n<p>Cu o suprafa\u021b\u0103 de 700 de hectare, cea mai mare parte a acestui teren este considerat\u0103 p\u0103dure mediteranean\u0103 protejat\u0103 \u0219i un ecosistem controlat.<\/p>\n<p>Acest sit face parte din proiectul de reintroducere a r\u00e2sului iberic \u0219i v\u0103 pute\u021bi bucura de imagini spectaculoase cu mai mul\u021bi r\u00e2\u0219i odihnindu-se sub m\u0103slini.<\/p>\n<p>Fabrica lor de ambalare le ofer\u0103 un control mai mare asupra \u00eentregului circuit, de la m\u0103slin la ambalare.<\/p>\n<p>\u00cen plus, aceast\u0103 companie are proiecte reale de cercetare, dezvoltare \u0219i implementare, cum ar fi proiectul Messor.<\/p>\n<p>Dac\u0103 dori\u021bi s\u0103 cump\u0103ra\u021bi <a href=\"https:\/\/latiendadesami.com\/categoria-producto\/aceite\/\" rel=\"noopener noreferrer nofollow\" target=\"_blank\">ulei<\/a>, nu ezita\u021bi s\u0103 arunca\u021bi o privire la catalogul nostru online pentru a vedea varietatea larg\u0103 de produse pe care le avem, cum ar fi Valdezarza Extra Virgin Olive Oil 5l.<\/p>\n<p>Scrie\u021bi-ne pentru mai multe informa\u021bii despre oricare dintre alimentele noastre.<\/p>\n","protected":false},"excerpt":{"rendered":"<p>Valdezarza Extra Virgin Olive Oil 5l este un ulei de m\u0103sline extra virgin de categorie superioar\u0103, ob\u021binut direct din m\u0103sline \u0219i numai prin proceduri mecanice. Valdezarza este situat \u00een inima Montes de Toledo (Spania) \u0219i are un ecosistem integrat de planta\u021bii de m\u0103slini \u0219i natur\u0103. Cel mai bun suc de m\u0103sline este f\u0103cut din m\u0103sline: [&hellip;]<\/p>\n","protected":false},"featured_media":11624,"template":"","meta":{"_et_pb_use_builder":"","_et_pb_old_content":"","_et_gb_content_width":""},"product_brand":[1221],"product_cat":[2199,2197],"product_tag":[2201],"class_list":{"0":"post-32604","1":"product","2":"type-product","3":"status-publish","4":"has-post-thumbnail","6":"product_brand-valdezarza","7":"product_cat-masline-extra-virgine","8":"product_cat-ulei","9":"product_tag-ulei","11":"first","12":"outofstock","13":"featured","14":"taxable","15":"shipping-taxable","16":"purchasable","17":"product-type-simple"},"_links":{"self":[{"href":"https:\/\/myspainfood.com\/ro\/wp-json\/wp\/v2\/product\/32604","targetHints":{"allow":["GET"]}}],"collection":[{"href":"https:\/\/myspainfood.com\/ro\/wp-json\/wp\/v2\/product"}],"about":[{"href":"https:\/\/myspainfood.com\/ro\/wp-json\/wp\/v2\/types\/product"}],"wp:featuredmedia":[{"embeddable":true,"href":"https:\/\/myspainfood.com\/ro\/wp-json\/wp\/v2\/media\/11624"}],"wp:attachment":[{"href":"https:\/\/myspainfood.com\/ro\/wp-json\/wp\/v2\/media?parent=32604"}],"wp:term":[{"taxonomy":"product_brand","embeddable":true,"href":"https:\/\/myspainfood.com\/ro\/wp-json\/wp\/v2\/product_brand?post=32604"},{"taxonomy":"product_cat","embeddable":true,"href":"https:\/\/myspainfood.com\/ro\/wp-json\/wp\/v2\/product_cat?post=32604"},{"taxonomy":"product_tag","embeddable":true,"href":"https:\/\/myspainfood.com\/ro\/wp-json\/wp\/v2\/product_tag?post=32604"}],"curies":[{"name":"wp","href":"https:\/\/api.w.org\/{rel}","templated":true}]}}