{"id":32726,"date":"2025-04-10T12:09:07","date_gmt":"2025-04-10T10:09:07","guid":{"rendered":"https:\/\/myspainfood.com\/producto\/branza-de-oaie-el-gran-cardenal-cu-ulei-de-masline\/"},"modified":"2025-09-02T10:44:07","modified_gmt":"2025-09-02T08:44:07","slug":"branza-de-oaie-el-gran-cardenal-cu-ulei-de-masline","status":"publish","type":"product","link":"https:\/\/myspainfood.com\/ro\/producto\/branza-de-oaie-el-gran-cardenal-cu-ulei-de-masline\/","title":{"rendered":"Br\u00e2nz\u0103 de oaie El Gran Cardenal cu ulei de m\u0103sline"},"content":{"rendered":"<div class=\"et_pb_blurb_container\">\n<div class=\"et_pb_blurb_container\">\n<h4 class=\"et_pb_module_header\">Oaie cu ulei<\/h4>\n<div class=\"et_pb_blurb_description\">Br\u00e2nza noastr\u0103 de oaie castilian\u0103, c\u00e2\u0219tig\u0103toare a 4 medalii interna\u021bionale de aur, \u00eempreun\u0103 cu una dintre comorile dietei mediteraneene, uleiul de m\u0103sline.<\/p>\n<p>Pentru aceasta folosim propriul nostru ulei, din m\u0103slini centenari cultiva\u021bi pe terenurile pe care San Isidro le-a cultivat \u00eempreun\u0103 cu so\u021bia sa&#8230;<\/p><\/div>\n<\/div>\n<\/div>\n","protected":false},"excerpt":{"rendered":"<p>Oaie cu ulei Br\u00e2nza noastr\u0103 de oaie castilian\u0103, c\u00e2\u0219tig\u0103toare a 4 medalii interna\u021bionale de aur, \u00eempreun\u0103 cu una dintre comorile dietei mediteraneene, uleiul de m\u0103sline. Pentru aceasta folosim propriul nostru ulei, din m\u0103slini centenari cultiva\u021bi pe terenurile pe care San Isidro le-a cultivat \u00eempreun\u0103 cu so\u021bia sa&#8230;<\/p>\n","protected":false},"featured_media":11678,"template":"","meta":{"_et_pb_use_builder":"","_et_pb_old_content":"","_et_gb_content_width":""},"product_brand":[1319],"product_cat":[2239,2720,1828],"product_tag":[],"class_list":{"0":"post-32726","1":"product","2":"type-product","3":"status-publish","4":"has-post-thumbnail","6":"product_brand-el-gran-cardenal","7":"product_cat-branza-si-carnati","8":"product_cat-curatare","9":"product_cat-rece","10":"product_shipping_class-transport-la-rece","12":"first","13":"outofstock","14":"taxable","15":"shipping-taxable","16":"purchasable","17":"product-type-variable"},"_links":{"self":[{"href":"https:\/\/myspainfood.com\/ro\/wp-json\/wp\/v2\/product\/32726","targetHints":{"allow":["GET"]}}],"collection":[{"href":"https:\/\/myspainfood.com\/ro\/wp-json\/wp\/v2\/product"}],"about":[{"href":"https:\/\/myspainfood.com\/ro\/wp-json\/wp\/v2\/types\/product"}],"wp:featuredmedia":[{"embeddable":true,"href":"https:\/\/myspainfood.com\/ro\/wp-json\/wp\/v2\/media\/11678"}],"wp:attachment":[{"href":"https:\/\/myspainfood.com\/ro\/wp-json\/wp\/v2\/media?parent=32726"}],"wp:term":[{"taxonomy":"product_brand","embeddable":true,"href":"https:\/\/myspainfood.com\/ro\/wp-json\/wp\/v2\/product_brand?post=32726"},{"taxonomy":"product_cat","embeddable":true,"href":"https:\/\/myspainfood.com\/ro\/wp-json\/wp\/v2\/product_cat?post=32726"},{"taxonomy":"product_tag","embeddable":true,"href":"https:\/\/myspainfood.com\/ro\/wp-json\/wp\/v2\/product_tag?post=32726"}],"curies":[{"name":"wp","href":"https:\/\/api.w.org\/{rel}","templated":true}]}}