{"id":32740,"date":"2025-04-10T12:09:28","date_gmt":"2025-04-10T10:09:28","guid":{"rendered":"https:\/\/myspainfood.com\/producto\/branza-spaniola-de-oaie-din-lapte-crud-el-gran-cardenal\/"},"modified":"2025-07-28T13:03:56","modified_gmt":"2025-07-28T11:03:56","slug":"branza-spaniola-de-oaie-din-lapte-crud-el-gran-cardenal","status":"publish","type":"product","link":"https:\/\/myspainfood.com\/ro\/producto\/branza-spaniola-de-oaie-din-lapte-crud-el-gran-cardenal\/","title":{"rendered":"Br\u00e2nz\u0103 spaniol\u0103 de oaie din lapte crud El Gran Cardenal"},"content":{"rendered":"<div class=\"et_pb_blurb_container\">\n<div class=\"et_pb_blurb_container\">\n<div class=\"et_pb_blurb_container\">\n<p class=\"et_pb_module_header\">Lapte crud de oaie<\/p>\n<div class=\"et_pb_blurb_description\">Fabricat cu cel mai selec\u021bionat lapte, colectat zilnic pentru a asigura prospe\u021bimea \u0219i calitatea, ceea ce garanteaz\u0103 o arom\u0103 \u0219i o savoare mai mare.<\/div>\n<\/div>\n<\/div>\n<\/div>\n","protected":false},"excerpt":{"rendered":"<p>Lapte crud de oaie Fabricat cu cel mai selec\u021bionat lapte, colectat zilnic pentru a asigura prospe\u021bimea \u0219i calitatea, ceea ce garanteaz\u0103 o arom\u0103 \u0219i o savoare mai mare.<\/p>\n","protected":false},"featured_media":12011,"template":"","meta":{"_et_pb_use_builder":"","_et_pb_old_content":"","_et_gb_content_width":""},"product_brand":[1319],"product_cat":[2239,2720,1828],"product_tag":[],"class_list":{"0":"post-32740","1":"product","2":"type-product","3":"status-publish","4":"has-post-thumbnail","6":"product_brand-el-gran-cardenal","7":"product_cat-branza-si-carnati","8":"product_cat-curatare","9":"product_cat-rece","10":"product_shipping_class-transport-la-rece","12":"first","13":"outofstock","14":"taxable","15":"shipping-taxable","16":"purchasable","17":"product-type-variable"},"_links":{"self":[{"href":"https:\/\/myspainfood.com\/ro\/wp-json\/wp\/v2\/product\/32740","targetHints":{"allow":["GET"]}}],"collection":[{"href":"https:\/\/myspainfood.com\/ro\/wp-json\/wp\/v2\/product"}],"about":[{"href":"https:\/\/myspainfood.com\/ro\/wp-json\/wp\/v2\/types\/product"}],"wp:featuredmedia":[{"embeddable":true,"href":"https:\/\/myspainfood.com\/ro\/wp-json\/wp\/v2\/media\/12011"}],"wp:attachment":[{"href":"https:\/\/myspainfood.com\/ro\/wp-json\/wp\/v2\/media?parent=32740"}],"wp:term":[{"taxonomy":"product_brand","embeddable":true,"href":"https:\/\/myspainfood.com\/ro\/wp-json\/wp\/v2\/product_brand?post=32740"},{"taxonomy":"product_cat","embeddable":true,"href":"https:\/\/myspainfood.com\/ro\/wp-json\/wp\/v2\/product_cat?post=32740"},{"taxonomy":"product_tag","embeddable":true,"href":"https:\/\/myspainfood.com\/ro\/wp-json\/wp\/v2\/product_tag?post=32740"}],"curies":[{"name":"wp","href":"https:\/\/api.w.org\/{rel}","templated":true}]}}