{"id":32875,"date":"2025-04-10T12:09:07","date_gmt":"2025-04-10T10:09:07","guid":{"rendered":"https:\/\/myspainfood.com\/producto\/el-gran-cardenal-branza-de-oaie-trufata\/"},"modified":"2025-07-28T10:39:31","modified_gmt":"2025-07-28T08:39:31","slug":"el-gran-cardenal-branza-de-oaie-trufata","status":"publish","type":"product","link":"https:\/\/myspainfood.com\/ro\/producto\/el-gran-cardenal-branza-de-oaie-trufata\/","title":{"rendered":"El Gran Cardenal Br\u00e2nz\u0103 de oaie trufat\u0103"},"content":{"rendered":"<div class=\"et_pb_blurb_container\">\n<h4 class=\"et_pb_module_header\">Oaie cu trufe<\/h4>\n<div class=\"et_pb_blurb_description\">\n<p>Cea mai exclusivist\u0103 dintre br\u00e2nzeturile noastre. C\u00e2\u0219tig\u0103tor al medaliei Super Gold la premiile interna\u021bionale World Cheese Awards 2016-17. <\/p>\n<p>Numai cu lapte de oaie din cele mai bune turme, ad\u0103ug\u0103m trufa \u00eenc\u0103 de la \u00eenceputul produc\u021biei, astfel \u00eenc\u00e2t acestea coexist\u0103 pe tot parcursul matur\u0103rii, oferind o arom\u0103 \u0219i o savoare inconfundabile, respect\u00e2nd esen\u021ba br\u00e2nzei castiliene din lapte de oaie.<\/p>\n<\/div>\n<\/div>\n","protected":false},"excerpt":{"rendered":"<p>Oaie cu trufe Cea mai exclusivist\u0103 dintre br\u00e2nzeturile noastre. C\u00e2\u0219tig\u0103tor al medaliei Super Gold la premiile interna\u021bionale World Cheese Awards 2016-17. Numai cu lapte de oaie din cele mai bune turme, ad\u0103ug\u0103m trufa \u00eenc\u0103 de la \u00eenceputul produc\u021biei, astfel \u00eenc\u00e2t acestea coexist\u0103 pe tot parcursul matur\u0103rii, oferind o arom\u0103 \u0219i o savoare inconfundabile, respect\u00e2nd esen\u021ba [&hellip;]<\/p>\n","protected":false},"featured_media":11669,"template":"","meta":{"_et_pb_use_builder":"","_et_pb_old_content":"","_et_gb_content_width":""},"product_brand":[1319],"product_cat":[2239,2720,1828],"product_tag":[],"class_list":{"0":"post-32875","1":"product","2":"type-product","3":"status-publish","4":"has-post-thumbnail","6":"product_brand-el-gran-cardenal","7":"product_cat-branza-si-carnati","8":"product_cat-curatare","9":"product_cat-rece","10":"product_shipping_class-transport-la-rece","12":"first","13":"outofstock","14":"taxable","15":"shipping-taxable","16":"purchasable","17":"product-type-variable"},"_links":{"self":[{"href":"https:\/\/myspainfood.com\/ro\/wp-json\/wp\/v2\/product\/32875","targetHints":{"allow":["GET"]}}],"collection":[{"href":"https:\/\/myspainfood.com\/ro\/wp-json\/wp\/v2\/product"}],"about":[{"href":"https:\/\/myspainfood.com\/ro\/wp-json\/wp\/v2\/types\/product"}],"wp:featuredmedia":[{"embeddable":true,"href":"https:\/\/myspainfood.com\/ro\/wp-json\/wp\/v2\/media\/11669"}],"wp:attachment":[{"href":"https:\/\/myspainfood.com\/ro\/wp-json\/wp\/v2\/media?parent=32875"}],"wp:term":[{"taxonomy":"product_brand","embeddable":true,"href":"https:\/\/myspainfood.com\/ro\/wp-json\/wp\/v2\/product_brand?post=32875"},{"taxonomy":"product_cat","embeddable":true,"href":"https:\/\/myspainfood.com\/ro\/wp-json\/wp\/v2\/product_cat?post=32875"},{"taxonomy":"product_tag","embeddable":true,"href":"https:\/\/myspainfood.com\/ro\/wp-json\/wp\/v2\/product_tag?post=32875"}],"curies":[{"name":"wp","href":"https:\/\/api.w.org\/{rel}","templated":true}]}}