{"id":32931,"date":"2025-04-10T12:09:42","date_gmt":"2025-04-10T10:09:42","guid":{"rendered":"https:\/\/myspainfood.com\/producto\/el-gran-cardenal-old-blend-branza\/"},"modified":"2025-09-02T10:44:57","modified_gmt":"2025-09-02T08:44:57","slug":"el-gran-cardenal-old-blend-branza","status":"publish","type":"product","link":"https:\/\/myspainfood.com\/ro\/producto\/el-gran-cardenal-old-blend-branza\/","title":{"rendered":"El Gran Cardenal Old Blend Br\u00e2nz\u0103"},"content":{"rendered":"<div class=\"et_pb_column et_pb_column_4_4 et_pb_column_1 et_pb_css_mix_blend_mode_passthrough et-last-child\">\n<div class=\"et_pb_module et_pb_text et_pb_text_1 et_pb_text_align_justified et_pb_bg_layout_light\">\n<div class=\"et_pb_text_inner\">\n<p>Fabricat dup\u0103 o re\u021bet\u0103 de familie, cu amestecul nostru de lapte de oaie \u0219i de vac\u0103, care ofer\u0103 un echilibru deosebit \u00een gur\u0103 datorit\u0103 netezimii \u0219i cremozit\u0103\u021bii sale. Br\u00e2nzeturi cu diferite perioade de maturare \u00een usc\u0103tor de lemn: Tierno, Semicurado (de la 2 la 4 luni de maturare), Curado (de la 4 la 6 luni de maturare) \u0219i Viejo (de la 6 la 8 luni de maturare). <\/p>\n<\/div>\n<\/div>\n<\/div>\n","protected":false},"excerpt":{"rendered":"<p>Fabricat dup\u0103 o re\u021bet\u0103 de familie, cu amestecul nostru de lapte de oaie \u0219i de vac\u0103, care ofer\u0103 un echilibru deosebit \u00een gur\u0103 datorit\u0103 netezimii \u0219i cremozit\u0103\u021bii sale. Br\u00e2nzeturi cu diferite perioade de maturare \u00een usc\u0103tor de lemn: Tierno, Semicurado (de la 2 la 4 luni de maturare), Curado (de la 4 la 6 luni [&hellip;]<\/p>\n","protected":false},"featured_media":12083,"template":"","meta":{"_et_pb_use_builder":"","_et_pb_old_content":"","_et_gb_content_width":""},"product_brand":[1319],"product_cat":[2239,2720,1828],"product_tag":[],"class_list":{"0":"post-32931","1":"product","2":"type-product","3":"status-publish","4":"has-post-thumbnail","6":"product_brand-el-gran-cardenal","7":"product_cat-branza-si-carnati","8":"product_cat-curatare","9":"product_cat-rece","10":"product_shipping_class-transport-la-rece","12":"first","13":"outofstock","14":"taxable","15":"shipping-taxable","16":"product-type-variable"},"_links":{"self":[{"href":"https:\/\/myspainfood.com\/ro\/wp-json\/wp\/v2\/product\/32931","targetHints":{"allow":["GET"]}}],"collection":[{"href":"https:\/\/myspainfood.com\/ro\/wp-json\/wp\/v2\/product"}],"about":[{"href":"https:\/\/myspainfood.com\/ro\/wp-json\/wp\/v2\/types\/product"}],"wp:featuredmedia":[{"embeddable":true,"href":"https:\/\/myspainfood.com\/ro\/wp-json\/wp\/v2\/media\/12083"}],"wp:attachment":[{"href":"https:\/\/myspainfood.com\/ro\/wp-json\/wp\/v2\/media?parent=32931"}],"wp:term":[{"taxonomy":"product_brand","embeddable":true,"href":"https:\/\/myspainfood.com\/ro\/wp-json\/wp\/v2\/product_brand?post=32931"},{"taxonomy":"product_cat","embeddable":true,"href":"https:\/\/myspainfood.com\/ro\/wp-json\/wp\/v2\/product_cat?post=32931"},{"taxonomy":"product_tag","embeddable":true,"href":"https:\/\/myspainfood.com\/ro\/wp-json\/wp\/v2\/product_tag?post=32931"}],"curies":[{"name":"wp","href":"https:\/\/api.w.org\/{rel}","templated":true}]}}