{"id":33418,"date":"2025-04-10T12:08:59","date_gmt":"2025-04-10T10:08:59","guid":{"rendered":"https:\/\/myspainfood.com\/producto\/m-jesus-de-la-hoz-monsalve-2024-verdejo\/"},"modified":"2025-04-10T12:08:59","modified_gmt":"2025-04-10T10:08:59","slug":"m-jesus-de-la-hoz-monsalve-2024-verdejo","status":"publish","type":"product","link":"https:\/\/myspainfood.com\/ro\/producto\/m-jesus-de-la-hoz-monsalve-2024-verdejo\/","title":{"rendered":"M Jesus de La Hoz Monsalve 2024 Verdejo"},"content":{"rendered":"<div class=\"cs-blog-content\">\n<p>Acest vin este numit \u00een onoarea unei tradi\u021bii familiale ancorate \u00een vinifica\u021bie. Echipamentul de vinifica\u021bie este echipat cu cea mai recent\u0103 tehnologie pentru a se asigura c\u0103 mustul nu \u00ee\u0219i pierde caracterul varietal. Fermentarea \u00een rezervoare din o\u021bel inoxidabil realizeaz\u0103 un control absolut al temperaturii, respect\u00e2nd controalele de calitate riguroase ale fiec\u0103rui proces. <\/p>\n<p><strong>Culoare:<\/strong> pai str\u0103lucitor.<\/p>\n<p><strong>Aroma:<\/strong> expresiv\u0103, varietal\u0103, fructe proaspete.<\/p>\n<p><strong>Palat:<\/strong> gustos, fructat, proasp\u0103t, c\u0103rnos.<\/p>\n<\/div>\n<h1><span class=\"vintage\"> <\/span><\/h1>\n","protected":false},"excerpt":{"rendered":"<p>Acest vin este numit \u00een onoarea unei tradi\u021bii familiale ancorate \u00een vinifica\u021bie. Echipamentul de vinifica\u021bie este echipat cu cea mai recent\u0103 tehnologie pentru a se asigura c\u0103 mustul nu \u00ee\u0219i pierde caracterul varietal. Fermentarea \u00een rezervoare din o\u021bel inoxidabil realizeaz\u0103 un control absolut al temperaturii, respect\u00e2nd controalele de calitate riguroase ale fiec\u0103rui proces. Culoare: pai [&hellip;]<\/p>\n","protected":false},"featured_media":11777,"template":"","meta":{"_et_pb_use_builder":"","_et_pb_old_content":"","_et_gb_content_width":""},"product_brand":[1140],"product_cat":[4868,5250],"product_tag":[7246,7247],"class_list":{"0":"post-33418","1":"product","2":"type-product","3":"status-publish","4":"has-post-thumbnail","6":"product_brand-ladera-de-los-obispos","7":"product_cat-bauturi","8":"product_cat-vin-ro-2","9":"product_tag-gotic","10":"product_tag-roata","12":"first","13":"instock","14":"featured","15":"taxable","16":"shipping-taxable","17":"purchasable","18":"product-type-variable"},"_links":{"self":[{"href":"https:\/\/myspainfood.com\/ro\/wp-json\/wp\/v2\/product\/33418","targetHints":{"allow":["GET"]}}],"collection":[{"href":"https:\/\/myspainfood.com\/ro\/wp-json\/wp\/v2\/product"}],"about":[{"href":"https:\/\/myspainfood.com\/ro\/wp-json\/wp\/v2\/types\/product"}],"wp:featuredmedia":[{"embeddable":true,"href":"https:\/\/myspainfood.com\/ro\/wp-json\/wp\/v2\/media\/11777"}],"wp:attachment":[{"href":"https:\/\/myspainfood.com\/ro\/wp-json\/wp\/v2\/media?parent=33418"}],"wp:term":[{"taxonomy":"product_brand","embeddable":true,"href":"https:\/\/myspainfood.com\/ro\/wp-json\/wp\/v2\/product_brand?post=33418"},{"taxonomy":"product_cat","embeddable":true,"href":"https:\/\/myspainfood.com\/ro\/wp-json\/wp\/v2\/product_cat?post=33418"},{"taxonomy":"product_tag","embeddable":true,"href":"https:\/\/myspainfood.com\/ro\/wp-json\/wp\/v2\/product_tag?post=33418"}],"curies":[{"name":"wp","href":"https:\/\/api.w.org\/{rel}","templated":true}]}}