{"id":33459,"date":"2025-04-10T12:10:14","date_gmt":"2025-04-10T10:10:14","guid":{"rendered":"https:\/\/myspainfood.com\/producto\/scoici-naturale-45-65-areoso\/"},"modified":"2025-04-10T12:10:14","modified_gmt":"2025-04-10T10:10:14","slug":"scoici-naturale-45-65-areoso","status":"publish","type":"product","link":"https:\/\/myspainfood.com\/ro\/producto\/scoici-naturale-45-65-areoso\/","title":{"rendered":"Scoici naturale 45\/65 Areoso"},"content":{"rendered":"<p>Produs: Scoici 45\/65 buc\u0103\u021bi.<\/p>\n<p>Ingrediente: Cocos, ap\u0103 \u0219i sare<\/p>\n<p>PROCES DE PREPARARE: Cocosul se prepar\u0103 \u00eentr-un mod similar scoicilor, de\u0219i nu este un produs la fel de delicat ca scoicile. Procesul este urm\u0103torul: sunt fierte \u00een ap\u0103, cu caracteristicile igienico-sanitare corecte. \u00centregul proces de decojire \u0219i sortare este automatizat. Apoi sunt sp\u0103late din nou \u00een ap\u0103 cald\u0103, iar de aici sunt ambalate. Apoi se adaug\u0103 lichidul de acoperire, care \u00een acest caz este ap\u0103 natural\u0103. Se \u00eenchide \u0219i se sterilizeaz\u0103 cu parametrii caracteristici \u0219i adecva\u021bi pentru acest produs. Apoi este gata pentru depozitare \u0219i v\u00e2nzare.      <\/p>\n","protected":false},"excerpt":{"rendered":"<p>Produs: Scoici 45\/65 buc\u0103\u021bi. Ingrediente: Cocos, ap\u0103 \u0219i sare PROCES DE PREPARARE: Cocosul se prepar\u0103 \u00eentr-un mod similar scoicilor, de\u0219i nu este un produs la fel de delicat ca scoicile. Procesul este urm\u0103torul: sunt fierte \u00een ap\u0103, cu caracteristicile igienico-sanitare corecte. \u00centregul proces de decojire \u0219i sortare este automatizat. Apoi sunt sp\u0103late din nou \u00een [&hellip;]<\/p>\n","protected":false},"featured_media":12578,"template":"","meta":{"_et_pb_use_builder":"","_et_pb_old_content":"","_et_gb_content_width":""},"product_brand":[1358,1075],"product_cat":[1975,5670],"product_tag":[],"class_list":{"0":"post-33459","1":"product","2":"type-product","3":"status-publish","4":"has-post-thumbnail","6":"product_brand-areoso","7":"product_brand-oti","8":"product_cat-conserve-ro","9":"product_cat-scoici-ro","11":"first","12":"outofstock","13":"sale","14":"taxable","15":"shipping-taxable","16":"purchasable","17":"product-type-simple"},"_links":{"self":[{"href":"https:\/\/myspainfood.com\/ro\/wp-json\/wp\/v2\/product\/33459","targetHints":{"allow":["GET"]}}],"collection":[{"href":"https:\/\/myspainfood.com\/ro\/wp-json\/wp\/v2\/product"}],"about":[{"href":"https:\/\/myspainfood.com\/ro\/wp-json\/wp\/v2\/types\/product"}],"wp:featuredmedia":[{"embeddable":true,"href":"https:\/\/myspainfood.com\/ro\/wp-json\/wp\/v2\/media\/12578"}],"wp:attachment":[{"href":"https:\/\/myspainfood.com\/ro\/wp-json\/wp\/v2\/media?parent=33459"}],"wp:term":[{"taxonomy":"product_brand","embeddable":true,"href":"https:\/\/myspainfood.com\/ro\/wp-json\/wp\/v2\/product_brand?post=33459"},{"taxonomy":"product_cat","embeddable":true,"href":"https:\/\/myspainfood.com\/ro\/wp-json\/wp\/v2\/product_cat?post=33459"},{"taxonomy":"product_tag","embeddable":true,"href":"https:\/\/myspainfood.com\/ro\/wp-json\/wp\/v2\/product_tag?post=33459"}],"curies":[{"name":"wp","href":"https:\/\/api.w.org\/{rel}","templated":true}]}}