{"id":33646,"date":"2025-04-10T12:09:55","date_gmt":"2025-04-10T10:09:55","guid":{"rendered":"https:\/\/myspainfood.com\/producto\/vermut-los-cantabros-075l-cu-solera-de-igarmi-60-unitati\/"},"modified":"2025-04-10T12:09:55","modified_gmt":"2025-04-10T10:09:55","slug":"vermut-los-cantabros-075l-cu-solera-de-igarmi-60-unitati","status":"publish","type":"product","link":"https:\/\/myspainfood.com\/ro\/producto\/vermut-los-cantabros-075l-cu-solera-de-igarmi-60-unitati\/","title":{"rendered":"Vermut Los C\u00e1ntabros 0,75l cu solera de Igarmi 60 unit\u0103\u021bi"},"content":{"rendered":"<p>Verm\u00fa los C\u00e1ntabros este un omagiu adus tuturor acelor b\u0103rba\u021bi \u0219i femei care au \u0219tiut cum s\u0103 p\u0103streze \u0219i s\u0103 r\u0103sp\u00e2ndeasc\u0103 cultura noastr\u0103.<\/p>\n<p>De asemenea, r\u0103d\u0103cinile \u0219i tradi\u021biile noastre, \u00eenso\u021bite de t\u00e2rguri, festivaluri, jocuri \u0219i gastronomie, de la mare la mun\u021bii din iubita noastr\u0103 Cantabria.<\/p>\n<p>Acest produs este \u00eembuteliat de <a href=\"https:\/\/bodegasigarmi.es\/mayoristas-de-bebidas-en-cantabria\/\" target=\"_blank\" rel=\"noopener noreferrer nofollow\">Bodegas Igarmi. <\/a> <\/p>\n<p>Bodegas Igarmi este prezentul unei tradi\u021bii care, \u00eencep\u00e2nd din 1890, s-a caracterizat prin calitate \u0219i servicii pentru clien\u021bi.<\/p>\n<p>O afacere de familie a c\u0103rei pasiune \u0219i dedicare pentru vin i-a permis s\u0103 \u00eembutelieze \u0219i s\u0103 comercializeze vinuri cu un raport calitate-pre\u021b imbatabil, care sunt foarte apreciate pe pia\u021b\u0103 \u0219i de consumatori.<\/p>\n<p>Bodegas Igarmi dispune de 3 000 m\u00b2 de instala\u021bii \u00een ora\u0219ul Heras, cu o capacitate de depozitare de aproximativ un milion de litri.<\/p>\n<p>Este, de asemenea, cea mai mare fabric\u0103 de vinuri din Cantabria.<\/p>\n<p>Ei sunt o echip\u0103 minunat\u0103 de peste 30 de persoane care se angajeaz\u0103 s\u0103 ofere clientului cel mai bun produs \u0219i cele mai bune servicii pentru care ne distingem.<\/p>\n<p>&nbsp;<\/p>\n","protected":false},"excerpt":{"rendered":"<p>Verm\u00fa los C\u00e1ntabros este un omagiu adus tuturor acelor b\u0103rba\u021bi \u0219i femei care au \u0219tiut cum s\u0103 p\u0103streze \u0219i s\u0103 r\u0103sp\u00e2ndeasc\u0103 cultura noastr\u0103. De asemenea, r\u0103d\u0103cinile \u0219i tradi\u021biile noastre, \u00eenso\u021bite de t\u00e2rguri, festivaluri, jocuri \u0219i gastronomie, de la mare la mun\u021bii din iubita noastr\u0103 Cantabria. Acest produs este \u00eembuteliat de Bodegas Igarmi. Bodegas Igarmi este [&hellip;]<\/p>\n","protected":false},"featured_media":9950,"template":"","meta":{"_et_pb_use_builder":"","_et_pb_old_content":"","_et_gb_content_width":""},"product_brand":[1244,1245],"product_cat":[7370,2897],"product_tag":[5786],"class_list":{"0":"post-33646","1":"product","2":"type-product","3":"status-publish","4":"has-post-thumbnail","6":"product_brand-igarmi","7":"product_brand-los-cantabros","8":"product_cat-bauturi-ro","9":"product_cat-comert-cu-ridicata","10":"product_tag-igarmi-ro","12":"first","13":"instock","14":"taxable","15":"shipping-taxable","16":"purchasable","17":"product-type-simple"},"_links":{"self":[{"href":"https:\/\/myspainfood.com\/ro\/wp-json\/wp\/v2\/product\/33646","targetHints":{"allow":["GET"]}}],"collection":[{"href":"https:\/\/myspainfood.com\/ro\/wp-json\/wp\/v2\/product"}],"about":[{"href":"https:\/\/myspainfood.com\/ro\/wp-json\/wp\/v2\/types\/product"}],"wp:featuredmedia":[{"embeddable":true,"href":"https:\/\/myspainfood.com\/ro\/wp-json\/wp\/v2\/media\/9950"}],"wp:attachment":[{"href":"https:\/\/myspainfood.com\/ro\/wp-json\/wp\/v2\/media?parent=33646"}],"wp:term":[{"taxonomy":"product_brand","embeddable":true,"href":"https:\/\/myspainfood.com\/ro\/wp-json\/wp\/v2\/product_brand?post=33646"},{"taxonomy":"product_cat","embeddable":true,"href":"https:\/\/myspainfood.com\/ro\/wp-json\/wp\/v2\/product_cat?post=33646"},{"taxonomy":"product_tag","embeddable":true,"href":"https:\/\/myspainfood.com\/ro\/wp-json\/wp\/v2\/product_tag?post=33646"}],"curies":[{"name":"wp","href":"https:\/\/api.w.org\/{rel}","templated":true}]}}