{"id":33915,"date":"2025-04-10T12:10:21","date_gmt":"2025-04-10T10:10:21","guid":{"rendered":"https:\/\/myspainfood.com\/producto\/scoici-razor-in-ulei-de-masline-areoso-115-g\/"},"modified":"2025-07-31T16:49:42","modified_gmt":"2025-07-31T14:49:42","slug":"scoici-razor-in-ulei-de-masline-areoso-115-g","status":"publish","type":"product","link":"https:\/\/myspainfood.com\/ro\/producto\/scoici-razor-in-ulei-de-masline-areoso-115-g\/","title":{"rendered":"Scoici Razor \u00een ulei de m\u0103sline Areoso 115 g"},"content":{"rendered":"<p>Produs: Scoici \u00een ulei de m\u0103sline<\/p>\n<p>Specifica\u021bii: Scoici Razor (Ensis arcuatus) din Rias galiciene, de dimensiuni omogene \u00een ulei de m\u0103sline. Purificate \u0219i selectate manual \u00een fiecare cutie. <\/p>\n<p>Ingrediente: Scoici 56,5%, ulei de m\u0103sline 43,5% \u0219i sare.<\/p>\n<p>Procesul de produc\u021bie: Scoicile culese \u00een R\u00edas de Galicia, ca \u0219i restul molu\u0219telor, trec printr-un proces de purificare de \u00eendat\u0103 ce intr\u0103 \u00een fabric\u0103. Acestea sunt apoi fierte \u00een ap\u0103 cu caracteristicile igienice \u0219i sanitare corecte; molu\u0219tele sunt deschise \u0219i apoi decojite manual, av\u00e2nd mare grij\u0103 s\u0103 nu fie rupte. Apoi se spal\u0103 din nou \u00een ap\u0103 cald\u0103 s\u0103rat\u0103 \u0219i se ambaleaz\u0103. Ulterior, se adaug\u0103 un strat de ulei de m\u0103sline pentru a crea o textur\u0103 fin\u0103 \u0219i o arom\u0103 intens\u0103. Recipientele sunt \u00eenchise \u0219i sterilizate cu parametrii caracteristici \u0219i adecva\u021bi pentru acest produs, cre\u00e2ndu-se astfel atmosfera perfect\u0103 pentru a fi conservate timp de mul\u021bi ani f\u0103r\u0103 niciun fel de conservan\u021bi sau aditivi artificiali. Produsul este apoi gata pentru depozitare \u0219i v\u00e2nzare.     <\/p>\n","protected":false},"excerpt":{"rendered":"<p>Produs: Scoici \u00een ulei de m\u0103sline Specifica\u021bii: Scoici Razor (Ensis arcuatus) din Rias galiciene, de dimensiuni omogene \u00een ulei de m\u0103sline. Purificate \u0219i selectate manual \u00een fiecare cutie. Ingrediente: Scoici 56,5%, ulei de m\u0103sline 43,5% \u0219i sare. Procesul de produc\u021bie: Scoicile culese \u00een R\u00edas de Galicia, ca \u0219i restul molu\u0219telor, trec printr-un proces de purificare [&hellip;]<\/p>\n","protected":false},"featured_media":12902,"template":"","meta":{"_et_pb_use_builder":"","_et_pb_old_content":"","_et_gb_content_width":""},"product_brand":[1358],"product_cat":[7586,1975],"product_tag":[],"class_list":{"0":"post-33915","1":"product","2":"type-product","3":"status-publish","4":"has-post-thumbnail","6":"product_brand-areoso","7":"product_cat-aparate-de-ras","8":"product_cat-conserve-ro","10":"first","11":"outofstock","12":"taxable","13":"shipping-taxable","14":"product-type-variable"},"_links":{"self":[{"href":"https:\/\/myspainfood.com\/ro\/wp-json\/wp\/v2\/product\/33915","targetHints":{"allow":["GET"]}}],"collection":[{"href":"https:\/\/myspainfood.com\/ro\/wp-json\/wp\/v2\/product"}],"about":[{"href":"https:\/\/myspainfood.com\/ro\/wp-json\/wp\/v2\/types\/product"}],"wp:featuredmedia":[{"embeddable":true,"href":"https:\/\/myspainfood.com\/ro\/wp-json\/wp\/v2\/media\/12902"}],"wp:attachment":[{"href":"https:\/\/myspainfood.com\/ro\/wp-json\/wp\/v2\/media?parent=33915"}],"wp:term":[{"taxonomy":"product_brand","embeddable":true,"href":"https:\/\/myspainfood.com\/ro\/wp-json\/wp\/v2\/product_brand?post=33915"},{"taxonomy":"product_cat","embeddable":true,"href":"https:\/\/myspainfood.com\/ro\/wp-json\/wp\/v2\/product_cat?post=33915"},{"taxonomy":"product_tag","embeddable":true,"href":"https:\/\/myspainfood.com\/ro\/wp-json\/wp\/v2\/product_tag?post=33915"}],"curies":[{"name":"wp","href":"https:\/\/api.w.org\/{rel}","templated":true}]}}