{"id":34070,"date":"2025-04-10T12:09:58","date_gmt":"2025-04-10T10:09:58","guid":{"rendered":"https:\/\/myspainfood.com\/producto\/banderillas-extra-picante-chicon-900-grame-pachet-6-unitati\/"},"modified":"2025-04-10T12:09:58","modified_gmt":"2025-04-10T10:09:58","slug":"banderillas-extra-picante-chicon-900-grame-pachet-6-unitati","status":"publish","type":"product","link":"https:\/\/myspainfood.com\/ro\/producto\/banderillas-extra-picante-chicon-900-grame-pachet-6-unitati\/","title":{"rendered":"Banderillas Extra (picante) Chic\u00f3n 900 grame pachet 6 unit\u0103\u021bi"},"content":{"rendered":"<p>Banderillas extra picantes sunt <a href=\"https:\/\/aceitunaschiconlebron.com\/catalogo\/banderillas-picantes\/\" target=\"_blank\" rel=\"noopener noreferrer nofollow\">mur\u0103turi<\/a> consumate ca aperitiv \u00een fiecare zi ca fel de m\u00e2ncare \u00een multe col\u021buri ale \u021b\u0103rii noastre.<\/p>\n<p>Amestecul de arome oferit de ingredientele sale, \u00eempreun\u0103 cu atingerea o\u021betului \u0219i iu\u021beala ardeiului iute confer\u0103 un gust deosebit banderilelor noastre picante.<\/p>\n<p>Banderillas picante constau de obicei din castrave\u021bi, ardei iute, ceap\u0103, m\u0103sline \u0219i ardei. Acesta este motivul pentru care amestecul acestor arome este at\u00e2t de rafinat. <\/p>\n<h3><strong>Beneficiile banderilelor extra picante<\/strong><\/h3>\n<p>\u0218tia\u021bi care sunt beneficiile banderilelor picante \u0219i ale mur\u0103turilor \u00een general? Iat\u0103 o list\u0103 a celor mai importante: <\/p>\n<ul>\n<li>Bogat \u00een probiotice.<\/li>\n<li>Acestea ajut\u0103 la digestie.<\/li>\n<li>Ele \u00eent\u0103resc sistemul imunitar.<\/li>\n<li>Acestea reduc pofta de zah\u0103r.<\/li>\n<li>Favorabil pentru vezica biliar\u0103.<\/li>\n<\/ul>\n<p>&nbsp;<\/p>\n<p>Dac\u0103 dori\u021bi s\u0103 cump\u0103ra\u021bi m\u0103sline sau orice alt tip de <a href=\"https:\/\/latiendadesami.com\/categoria-producto\/encurtidos\/\" rel=\"noopener noreferrer nofollow\" target=\"_blank\">m\u00e2ncare murat\u0103<\/a>, nu ezita\u021bi s\u0103 arunca\u021bi o privire la catalogul nostru online pentru a vedea varietatea larg\u0103 de <a href=\"https:\/\/latiendadesami.com\/categoria-producto\/encurtidos\/aceitunas\/\" target=\"_blank\" rel=\"noopener noreferrer nofollow\">m\u0103sline<\/a> pe care o avem.<\/p>\n","protected":false},"excerpt":{"rendered":"<p>banderillas picante<\/p>\n<p>Depinde de cantitate<\/p>\n","protected":false},"featured_media":12272,"template":"","meta":{"_et_pb_use_builder":"","_et_pb_old_content":"","_et_gb_content_width":""},"product_brand":[1036],"product_cat":[2897,3101],"product_tag":[4115,2097],"class_list":{"0":"post-34070","1":"product","2":"type-product","3":"status-publish","4":"has-post-thumbnail","6":"product_brand-chicon","7":"product_cat-comert-cu-ridicata","8":"product_cat-muraturi-ro","9":"product_tag-extra-ro","10":"product_tag-picant","12":"first","13":"instock","14":"taxable","15":"shipping-taxable","16":"purchasable","17":"product-type-variable"},"_links":{"self":[{"href":"https:\/\/myspainfood.com\/ro\/wp-json\/wp\/v2\/product\/34070","targetHints":{"allow":["GET"]}}],"collection":[{"href":"https:\/\/myspainfood.com\/ro\/wp-json\/wp\/v2\/product"}],"about":[{"href":"https:\/\/myspainfood.com\/ro\/wp-json\/wp\/v2\/types\/product"}],"wp:featuredmedia":[{"embeddable":true,"href":"https:\/\/myspainfood.com\/ro\/wp-json\/wp\/v2\/media\/12272"}],"wp:attachment":[{"href":"https:\/\/myspainfood.com\/ro\/wp-json\/wp\/v2\/media?parent=34070"}],"wp:term":[{"taxonomy":"product_brand","embeddable":true,"href":"https:\/\/myspainfood.com\/ro\/wp-json\/wp\/v2\/product_brand?post=34070"},{"taxonomy":"product_cat","embeddable":true,"href":"https:\/\/myspainfood.com\/ro\/wp-json\/wp\/v2\/product_cat?post=34070"},{"taxonomy":"product_tag","embeddable":true,"href":"https:\/\/myspainfood.com\/ro\/wp-json\/wp\/v2\/product_tag?post=34070"}],"curies":[{"name":"wp","href":"https:\/\/api.w.org\/{rel}","templated":true}]}}