{"id":34182,"date":"2025-04-10T12:09:58","date_gmt":"2025-04-10T10:09:58","guid":{"rendered":"https:\/\/myspainfood.com\/producto\/chicon-extra-olives-gherkins-900-grame-pachet-6-unitati\/"},"modified":"2025-04-10T12:09:58","modified_gmt":"2025-04-10T10:09:58","slug":"chicon-extra-olives-gherkins-900-grame-pachet-6-unitati","status":"publish","type":"product","link":"https:\/\/myspainfood.com\/ro\/producto\/chicon-extra-olives-gherkins-900-grame-pachet-6-unitati\/","title":{"rendered":"Chic\u00f3n Extra Olives Gherkins 900 grame pachet 6 unit\u0103\u021bi"},"content":{"rendered":"<p>Castrave\u021bii <a href=\"https:\/\/aceitunaschiconlebron.com\/\" target=\"_blank\" rel=\"noopener noreferrer nofollow\">Chic\u00f3n<\/a> Extra sunt fabrica\u021bi \u00een Antequera, Malaga.<\/p>\n<p>Acestea sunt preparate \u00een conformitate cu re\u021beta tradi\u021bional\u0103 \u0219i \u00een mod tradi\u021bional.<\/p>\n<p>Sunt castrave\u021bi foarte mici, fragede, cu aceast\u0103 atingere u\u0219oar\u0103 \u0219i apetisant\u0103 de o\u021bet.<\/p>\n<p>Amestecul de arome oferit de ingrediente, \u00eempreun\u0103 cu atingerea o\u021betului, \u00eei confer\u0103 un gust special, foarte pl\u0103cut la gur\u0103.<\/p>\n<p>Mur\u0103turile sunt o gustare care stimuleaz\u0103 sistemul imunitar, ceea ce \u00eenseamn\u0103 c\u0103 sus\u021bin ap\u0103rarea organismului \u0219i s\u0103n\u0103tatea general\u0103.<\/p>\n<h3><strong>Beneficiile castrave\u021bilor extra<\/strong><\/h3>\n<p>\u0218tia\u021bi care sunt beneficiile mur\u0103turilor \u00een general? Iat\u0103 o list\u0103 a celor mai importante: <\/p>\n<ul>\n<li>Bogat \u00een probiotice.<\/li>\n<li>Acestea ajut\u0103 la digestie.<\/li>\n<li>Ele \u00eent\u0103resc sistemul imunitar.<\/li>\n<li>Acestea reduc pofta de zah\u0103r.<\/li>\n<li>Favorabil pentru vezica biliar\u0103.<\/li>\n<\/ul>\n<p>Dac\u0103 dori\u021bi s\u0103 cump\u0103ra\u021bi m\u0103sline sau orice alt tip de <a href=\"https:\/\/latiendadesami.com\/categoria-producto\/encurtidos\/\" rel=\"noopener noreferrer nofollow\" target=\"_blank\">m\u00e2ncare murat\u0103<\/a>, nu ezita\u021bi s\u0103 arunca\u021bi o privire la catalogul nostru online pentru a vedea varietatea larg\u0103 de <a href=\"https:\/\/latiendadesami.com\/categoria-producto\/encurtidos\/pepinillos\/\" target=\"_blank\" rel=\"noopener noreferrer nofollow\">m\u0103sline<\/a> pe care o avem.<\/p>\n","protected":false},"excerpt":{"rendered":"<p>Castrave\u021bii Chic\u00f3n Extra sunt fabrica\u021bi \u00een Antequera, Malaga. Acestea sunt preparate \u00een conformitate cu re\u021beta tradi\u021bional\u0103 \u0219i \u00een mod tradi\u021bional. Sunt castrave\u021bi foarte mici, fragede, cu aceast\u0103 atingere u\u0219oar\u0103 \u0219i apetisant\u0103 de o\u021bet. Amestecul de arome oferit de ingrediente, \u00eempreun\u0103 cu atingerea o\u021betului, \u00eei confer\u0103 un gust special, foarte pl\u0103cut la gur\u0103. Mur\u0103turile sunt o [&hellip;]<\/p>\n","protected":false},"featured_media":7070,"template":"","meta":{"_et_pb_use_builder":"","_et_pb_old_content":"","_et_gb_content_width":""},"product_brand":[1036],"product_cat":[2897,3101],"product_tag":[4115],"class_list":{"0":"post-34182","1":"product","2":"type-product","3":"status-publish","4":"has-post-thumbnail","6":"product_brand-chicon","7":"product_cat-comert-cu-ridicata","8":"product_cat-muraturi-ro","9":"product_tag-extra-ro","11":"first","12":"outofstock","13":"taxable","14":"shipping-taxable","15":"purchasable","16":"product-type-variable"},"_links":{"self":[{"href":"https:\/\/myspainfood.com\/ro\/wp-json\/wp\/v2\/product\/34182","targetHints":{"allow":["GET"]}}],"collection":[{"href":"https:\/\/myspainfood.com\/ro\/wp-json\/wp\/v2\/product"}],"about":[{"href":"https:\/\/myspainfood.com\/ro\/wp-json\/wp\/v2\/types\/product"}],"wp:featuredmedia":[{"embeddable":true,"href":"https:\/\/myspainfood.com\/ro\/wp-json\/wp\/v2\/media\/7070"}],"wp:attachment":[{"href":"https:\/\/myspainfood.com\/ro\/wp-json\/wp\/v2\/media?parent=34182"}],"wp:term":[{"taxonomy":"product_brand","embeddable":true,"href":"https:\/\/myspainfood.com\/ro\/wp-json\/wp\/v2\/product_brand?post=34182"},{"taxonomy":"product_cat","embeddable":true,"href":"https:\/\/myspainfood.com\/ro\/wp-json\/wp\/v2\/product_cat?post=34182"},{"taxonomy":"product_tag","embeddable":true,"href":"https:\/\/myspainfood.com\/ro\/wp-json\/wp\/v2\/product_tag?post=34182"}],"curies":[{"name":"wp","href":"https:\/\/api.w.org\/{rel}","templated":true}]}}