{"id":34256,"date":"2025-04-10T12:10:12","date_gmt":"2025-04-10T10:10:12","guid":{"rendered":"https:\/\/myspainfood.com\/producto\/somon-afumat-norvegian-port-faroe-600-g\/"},"modified":"2025-06-24T13:41:04","modified_gmt":"2025-06-24T11:41:04","slug":"somon-afumat-norvegian-port-faroe-600-g","status":"publish","type":"product","link":"https:\/\/myspainfood.com\/ro\/producto\/somon-afumat-norvegian-port-faroe-600-g\/","title":{"rendered":"Somon afumat norvegian Port Faroe 600 g"},"content":{"rendered":"<p>Afumarea este o tehnic\u0103 utilizat\u0103 pentru conservarea alimentelor.<\/p>\n<p> Const\u0103 \u00een supunerea alimentelor la o surs\u0103 de fum care provine din focuri f\u0103cute din lemn cu un nivel sc\u0103zut de r\u0103\u0219in\u0103.<\/p>\n<p> Acest proces, pe l\u00e2ng\u0103 conservare, este cel care \u00eei confer\u0103 aroma specific\u0103 de fum.<\/p>\n<p> Somonul afumat este un aliment ob\u021binut prin supunerea somonului la fumul descris mai sus, care \u00eei confer\u0103 un timp de conservare mai lung \u0219i o arom\u0103 diferit\u0103 \u0219i caracteristic\u0103.<\/p>\n<p>&nbsp;<\/p>\n","protected":false},"excerpt":{"rendered":"<p>Afumarea este o tehnic\u0103 utilizat\u0103 pentru conservarea alimentelor. Const\u0103 \u00een supunerea alimentelor la o surs\u0103 de fum care provine din focuri f\u0103cute din lemn cu un nivel sc\u0103zut de r\u0103\u0219in\u0103. Acest proces, pe l\u00e2ng\u0103 conservare, este cel care \u00eei confer\u0103 aroma specific\u0103 de fum. Somonul afumat este un aliment ob\u021binut prin supunerea somonului la fumul [&hellip;]<\/p>\n","protected":false},"featured_media":12605,"template":"","meta":{"_et_pb_use_builder":"","_et_pb_old_content":"","_et_gb_content_width":""},"product_brand":[1361],"product_cat":[1828,7718,7717],"product_tag":[],"class_list":{"0":"post-34256","1":"product","2":"type-product","3":"status-publish","4":"has-post-thumbnail","6":"product_brand-ahumados-fernandez-molina","7":"product_cat-rece","8":"product_cat-somon","9":"product_cat-special-de-craciun","10":"product_shipping_class-transport-la-rece","12":"first","13":"instock","14":"sale","15":"taxable","16":"shipping-taxable","17":"purchasable","18":"product-type-variable"},"_links":{"self":[{"href":"https:\/\/myspainfood.com\/ro\/wp-json\/wp\/v2\/product\/34256","targetHints":{"allow":["GET"]}}],"collection":[{"href":"https:\/\/myspainfood.com\/ro\/wp-json\/wp\/v2\/product"}],"about":[{"href":"https:\/\/myspainfood.com\/ro\/wp-json\/wp\/v2\/types\/product"}],"wp:featuredmedia":[{"embeddable":true,"href":"https:\/\/myspainfood.com\/ro\/wp-json\/wp\/v2\/media\/12605"}],"wp:attachment":[{"href":"https:\/\/myspainfood.com\/ro\/wp-json\/wp\/v2\/media?parent=34256"}],"wp:term":[{"taxonomy":"product_brand","embeddable":true,"href":"https:\/\/myspainfood.com\/ro\/wp-json\/wp\/v2\/product_brand?post=34256"},{"taxonomy":"product_cat","embeddable":true,"href":"https:\/\/myspainfood.com\/ro\/wp-json\/wp\/v2\/product_cat?post=34256"},{"taxonomy":"product_tag","embeddable":true,"href":"https:\/\/myspainfood.com\/ro\/wp-json\/wp\/v2\/product_tag?post=34256"}],"curies":[{"name":"wp","href":"https:\/\/api.w.org\/{rel}","templated":true}]}}