{"id":34685,"date":"2025-04-10T12:10:13","date_gmt":"2025-04-10T10:10:13","guid":{"rendered":"https:\/\/myspainfood.com\/producto\/branza-flor-de-esgueva-viejo-32-kg\/"},"modified":"2025-06-24T13:43:28","modified_gmt":"2025-06-24T11:43:28","slug":"branza-flor-de-esgueva-viejo-32-kg","status":"publish","type":"product","link":"https:\/\/myspainfood.com\/ro\/producto\/branza-flor-de-esgueva-viejo-32-kg\/","title":{"rendered":"Br\u00e2nz\u0103 Flor de Esgueva Viejo 3,2 kg"},"content":{"rendered":"<div class=\"et_pb_blurb_container\">\n<div class=\"et_pb_blurb_container\">\n<h1 class=\"vc_custom_heading\">Floarea de Esgueva Viejo<\/h1>\n<p class=\"vc_custom_heading us_custom_c587e30b\">Produs numai cu lapte crud de oaie \u0219i maturat \u00een coaj\u0103 natural\u0103 timp de minimum 7 luni.<\/p>\n<div class=\"wpb_text_column us_custom_afe9a513\">\n<div class=\"wpb_wrapper\">\n<p>Aceasta este perfec\u021biunea \u00een ceea ce prive\u0219te intensitatea \u0219i textura. Este o br\u00e2nz\u0103 foarte potrivit\u0103 pentru iubitorii de br\u00e2nz\u0103 c\u0103rora le place o textur\u0103 elastic\u0103 \u0219i aproape topitoare, dar f\u0103r\u0103 a pierde \u00een gur\u0103 aroma \u0219i intensitatea pur\u0103 de oaie. Are un postgust lung \u0219i de durat\u0103, care las\u0103 o senza\u021bie pl\u0103cut\u0103 timp de c\u00e2teva minute.  <\/p>\n<\/div>\n<\/div>\n<\/div>\n<\/div>\n","protected":false},"excerpt":{"rendered":"<p>Floarea de Esgueva Viejo Produs numai cu lapte crud de oaie \u0219i maturat \u00een coaj\u0103 natural\u0103 timp de minimum 7 luni. Aceasta este perfec\u021biunea \u00een ceea ce prive\u0219te intensitatea \u0219i textura. Este o br\u00e2nz\u0103 foarte potrivit\u0103 pentru iubitorii de br\u00e2nz\u0103 c\u0103rora le place o textur\u0103 elastic\u0103 \u0219i aproape topitoare, dar f\u0103r\u0103 a pierde \u00een gur\u0103 [&hellip;]<\/p>\n","protected":false},"featured_media":12659,"template":"","meta":{"_et_pb_use_builder":"","_et_pb_old_content":"","_et_gb_content_width":""},"product_brand":[1367],"product_cat":[2239,2720,1828],"product_tag":[],"class_list":{"0":"post-34685","1":"product","2":"type-product","3":"status-publish","4":"has-post-thumbnail","6":"product_brand-flor-de-esgueva","7":"product_cat-branza-si-carnati","8":"product_cat-curatare","9":"product_cat-rece","10":"product_shipping_class-transport-la-rece","12":"first","13":"outofstock","14":"taxable","15":"shipping-taxable","16":"purchasable","17":"product-type-variable"},"_links":{"self":[{"href":"https:\/\/myspainfood.com\/ro\/wp-json\/wp\/v2\/product\/34685","targetHints":{"allow":["GET"]}}],"collection":[{"href":"https:\/\/myspainfood.com\/ro\/wp-json\/wp\/v2\/product"}],"about":[{"href":"https:\/\/myspainfood.com\/ro\/wp-json\/wp\/v2\/types\/product"}],"wp:featuredmedia":[{"embeddable":true,"href":"https:\/\/myspainfood.com\/ro\/wp-json\/wp\/v2\/media\/12659"}],"wp:attachment":[{"href":"https:\/\/myspainfood.com\/ro\/wp-json\/wp\/v2\/media?parent=34685"}],"wp:term":[{"taxonomy":"product_brand","embeddable":true,"href":"https:\/\/myspainfood.com\/ro\/wp-json\/wp\/v2\/product_brand?post=34685"},{"taxonomy":"product_cat","embeddable":true,"href":"https:\/\/myspainfood.com\/ro\/wp-json\/wp\/v2\/product_cat?post=34685"},{"taxonomy":"product_tag","embeddable":true,"href":"https:\/\/myspainfood.com\/ro\/wp-json\/wp\/v2\/product_tag?post=34685"}],"curies":[{"name":"wp","href":"https:\/\/api.w.org\/{rel}","templated":true}]}}