{"id":37190,"date":"2025-04-10T12:11:40","date_gmt":"2025-04-10T10:11:40","guid":{"rendered":"https:\/\/myspainfood.com\/producto\/gazpacho-andaluz-cu-ulei-de-masline-extravirgin-arteoliva-1-litru\/"},"modified":"2026-01-29T12:25:56","modified_gmt":"2026-01-29T11:25:56","slug":"gazpacho-andaluz-cu-ulei-de-masline-extravirgin-arteoliva-1-litru","status":"publish","type":"product","link":"https:\/\/myspainfood.com\/ro\/producto\/gazpacho-andaluz-cu-ulei-de-masline-extravirgin-arteoliva-1-litru\/","title":{"rendered":"Gazpacho andaluz cu ulei de m\u0103sline extravirgin ARTEOLIVA 1 litru"},"content":{"rendered":"<p>Este un produs care urmeaz\u0103 cu fidelitate re\u021beta tradi\u021bional\u0103 a gazpacho-ului andaluz autentic. Acesta \u00eencorporeaz\u0103 legume proaspete de cea mai bun\u0103 calitate, precum ro\u0219ii, castrave\u021bi, piper, usturoi, ulei de m\u0103sline extravirgin \u0219i p\u00e2ine, o\u021bet de sherry, ap\u0103 \u0219i sare de mare. Spre deosebire de alte produse de pe pia\u021b\u0103, gazpacho &#8222;ArteOliva&#8221; \u00eencorporeaz\u0103 mai mult ulei de m\u0103sline extravirgin \u0219i p\u00e2ine, considerate un ingredient esen\u021bial al re\u021betei tradi\u021bionale.  <\/p>\n","protected":false},"excerpt":{"rendered":"<p>Este un produs care urmeaz\u0103 cu fidelitate re\u021beta tradi\u021bional\u0103 a gazpacho-ului andaluz autentic. Acesta \u00eencorporeaz\u0103 legume proaspete de cea mai bun\u0103 calitate, precum ro\u0219ii, castrave\u021bi, piper, usturoi, ulei de m\u0103sline extravirgin \u0219i p\u00e2ine, o\u021bet de sherry, ap\u0103 \u0219i sare de mare. Spre deosebire de alte produse de pe pia\u021b\u0103, gazpacho &#8222;ArteOliva&#8221; \u00eencorporeaz\u0103 mai mult ulei [&hellip;]<\/p>\n","protected":false},"featured_media":14090,"template":"","meta":{"_et_pb_use_builder":"","_et_pb_old_content":"","_et_gb_content_width":""},"product_brand":[1457],"product_cat":[4868,1975,2199],"product_tag":[],"class_list":{"0":"post-37190","1":"product","2":"type-product","3":"status-publish","4":"has-post-thumbnail","6":"product_brand-arteoliva","7":"product_cat-bauturi","8":"product_cat-conserve-ro","9":"product_cat-masline-extra-virgine","11":"first","12":"outofstock","13":"taxable","14":"shipping-taxable","15":"product-type-variable"},"_links":{"self":[{"href":"https:\/\/myspainfood.com\/ro\/wp-json\/wp\/v2\/product\/37190","targetHints":{"allow":["GET"]}}],"collection":[{"href":"https:\/\/myspainfood.com\/ro\/wp-json\/wp\/v2\/product"}],"about":[{"href":"https:\/\/myspainfood.com\/ro\/wp-json\/wp\/v2\/types\/product"}],"wp:featuredmedia":[{"embeddable":true,"href":"https:\/\/myspainfood.com\/ro\/wp-json\/wp\/v2\/media\/14090"}],"wp:attachment":[{"href":"https:\/\/myspainfood.com\/ro\/wp-json\/wp\/v2\/media?parent=37190"}],"wp:term":[{"taxonomy":"product_brand","embeddable":true,"href":"https:\/\/myspainfood.com\/ro\/wp-json\/wp\/v2\/product_brand?post=37190"},{"taxonomy":"product_cat","embeddable":true,"href":"https:\/\/myspainfood.com\/ro\/wp-json\/wp\/v2\/product_cat?post=37190"},{"taxonomy":"product_tag","embeddable":true,"href":"https:\/\/myspainfood.com\/ro\/wp-json\/wp\/v2\/product_tag?post=37190"}],"curies":[{"name":"wp","href":"https:\/\/api.w.org\/{rel}","templated":true}]}}