{"id":37279,"date":"2025-04-10T12:06:58","date_gmt":"2025-04-10T10:06:58","guid":{"rendered":"https:\/\/myspainfood.com\/producto\/file-de-ton-alb-in-sos-murat\/"},"modified":"2025-04-10T12:06:58","modified_gmt":"2025-04-10T10:06:58","slug":"file-de-ton-alb-in-sos-murat","status":"publish","type":"product","link":"https:\/\/myspainfood.com\/ro\/producto\/file-de-ton-alb-in-sos-murat\/","title":{"rendered":"File de ton alb \u00een sos murat"},"content":{"rendered":"<p>File de ton alb \u00een sos murat este un <a href=\"https:\/\/twitter.com\/mca_spain\" target=\"_blank\" rel=\"noopener noreferrer nofollow\">produs al MCA Spania<\/a>.<\/p>\n<p>Principalul s\u0103u ingredient este fileul de ton de calitate superioar\u0103.<\/p>\n<p>Odat\u0103 deschis, se p\u0103streaz\u0103 la frigider \u0219i se consum\u0103 de preferin\u021b\u0103 \u00een termen de 5 zile.<\/p>\n<p>Alta Cocina este una dintre m\u0103rcile comerciale sub care grupul MCA Spania iese pe pia\u021b\u0103.<\/p>\n<p>MCA Spania \u00ee\u0219i are originea \u00een experien\u021ba lui Carlos Ripa, actualul s\u0103u director general, dup\u0103 un deceniu de lucru \u00eentr-o afacere de familie legat\u0103 de sectorul alimentar cu am\u0103nuntul.<\/p>\n<p>Cu toate acestea, la mijlocul anilor 1980, Ripa \u0219i-a lansat propriul proiect personal \u00een ora\u0219ul s\u0103u natal (Mendavia, Navarra): o companie de conserve, MCA Spania.<\/p>\n<p>Aceast\u0103 companie s-a pozi\u021bionat, din conservele de legume \u0219i conservele de pe\u0219te, \u00een prima divizie a sectorului agroalimentar spaniol.<\/p>\n<p>O dezvoltare spectaculoas\u0103 care nu ar fi fost posibil\u0103 f\u0103r\u0103 o echip\u0103 de prim\u0103 clas\u0103 \u0219i o voca\u021bie pentru serviciul clien\u021bi.<\/p>\n<p>Dac\u0103 dori\u021bi s\u0103 cump\u0103ra\u021bi file de ton alb murat sau orice alt tip de <a href=\"https:\/\/latiendadesami.com\/categoria-producto\/conservas\/\" rel=\"noopener noreferrer nofollow\" target=\"_blank\">conserv\u0103<\/a>, nu ezita\u021bi s\u0103 arunca\u021bi o privire la catalogul nostru online.<\/p>\n<p>Avem cea mai bun\u0103 calitate la cel mai bun pre\u021b.<\/p>\n<p>Scrie\u021bi-ne pentru mai multe informa\u021bii sau dac\u0103 ave\u021bi \u00eentreb\u0103ri cu privire la acest produs sau la orice alt produs din catalogul nostru.<\/p>\n","protected":false},"excerpt":{"rendered":"<p>Fileuri de ton alb \u00een sos murat<\/p>\n","protected":false},"featured_media":9410,"template":"","meta":{"_et_pb_use_builder":"","_et_pb_old_content":"","_et_gb_content_width":""},"product_brand":[1129],"product_cat":[1975,4398],"product_tag":[],"class_list":{"0":"post-37279","1":"product","2":"type-product","3":"status-publish","4":"has-post-thumbnail","6":"product_brand-mateo","7":"product_cat-conserve-ro","8":"product_cat-ton-si-bonito","10":"first","11":"outofstock","12":"taxable","13":"shipping-taxable","14":"product-type-variable"},"_links":{"self":[{"href":"https:\/\/myspainfood.com\/ro\/wp-json\/wp\/v2\/product\/37279","targetHints":{"allow":["GET"]}}],"collection":[{"href":"https:\/\/myspainfood.com\/ro\/wp-json\/wp\/v2\/product"}],"about":[{"href":"https:\/\/myspainfood.com\/ro\/wp-json\/wp\/v2\/types\/product"}],"wp:featuredmedia":[{"embeddable":true,"href":"https:\/\/myspainfood.com\/ro\/wp-json\/wp\/v2\/media\/9410"}],"wp:attachment":[{"href":"https:\/\/myspainfood.com\/ro\/wp-json\/wp\/v2\/media?parent=37279"}],"wp:term":[{"taxonomy":"product_brand","embeddable":true,"href":"https:\/\/myspainfood.com\/ro\/wp-json\/wp\/v2\/product_brand?post=37279"},{"taxonomy":"product_cat","embeddable":true,"href":"https:\/\/myspainfood.com\/ro\/wp-json\/wp\/v2\/product_cat?post=37279"},{"taxonomy":"product_tag","embeddable":true,"href":"https:\/\/myspainfood.com\/ro\/wp-json\/wp\/v2\/product_tag?post=37279"}],"curies":[{"name":"wp","href":"https:\/\/api.w.org\/{rel}","templated":true}]}}