{"id":37360,"date":"2025-04-10T12:05:45","date_gmt":"2025-04-10T10:05:45","guid":{"rendered":"https:\/\/myspainfood.com\/producto\/oua-amestecate-4-5-kg\/"},"modified":"2025-04-10T12:05:45","modified_gmt":"2025-04-10T10:05:45","slug":"oua-amestecate-4-5-kg","status":"publish","type":"product","link":"https:\/\/myspainfood.com\/ro\/producto\/oua-amestecate-4-5-kg\/","title":{"rendered":"Ou\u0103 amestecate 4.5 kg"},"content":{"rendered":"<p>Acest amestec de 4,5 kg de mur\u0103turi \u00een ap\u0103, sare \u0219i o\u021bet include m\u0103sline, ceap\u0103 \u0219i castrave\u021bi.<\/p>\n<p>Aceast\u0103 <a href=\"https:\/\/www.google.com\/search?q=revuelto+aceitunas+s%C3%A1ngar&amp;sxsrf=APq-WBt1wkTZta0IAEDoueZPBxEuaY8Dtw:1644308614563&amp;source=lnms&amp;tbm=isch&amp;sa=X&amp;ved=2ahUKEwjouvz21u_1AhVV_rsIHacjBd0Q_AUoAXoECAEQAw&amp;biw=1577&amp;bih=780&amp;dpr=1\" target=\"_blank\" rel=\"noopener noreferrer nofollow\">combina\u021bie<\/a> de m\u0103sline \u0219i mur\u0103turi face posibil\u0103 savurarea unei arome de neegalat \u00een tapas sau aperitive.<\/p>\n<p>Este o completare foarte s\u0103n\u0103toas\u0103 a dietei noastre tradi\u021bionale mediteraneene nutritive.<\/p>\n<p>\u00cen Spania g\u0103sim m\u0103sline, castrave\u021bi, vinete almagro, morcovi, ceap\u0103, fiind foarte tradi\u021bionale caperele, usturoiul sau chiar un amestec al acestora.<\/p>\n<p>Acestea sunt adesea servite ca tapas pentru a \u00eenso\u021bi berea (nu vinul din cauza con\u021binutului lor de o\u021bet).<\/p>\n<p>Mur\u0103turile au trecut de la o tehnic\u0103 veche de conservare a alimentelor \u00een \u00eentreaga lume la una dintre cele mai populare tapas sau aperitive din gastronomia spaniol\u0103.<\/p>\n<h3><strong>Beneficiile ou\u0103lor amestecate 4.5kg<\/strong><\/h3>\n<p>\u0218tia\u021bi care sunt beneficiile 4,5 kg de ou\u0103 amestecate \u0219i mur\u0103turi \u00een general? Iat\u0103 o list\u0103 cu cele mai importante: <\/p>\n<ul>\n<li>Bogat \u00een probiotice.<\/li>\n<li>Acestea ajut\u0103 la digestie.<\/li>\n<li>Ele \u00eent\u0103resc sistemul imunitar.<\/li>\n<li>Acestea reduc pofta de zah\u0103r.<\/li>\n<li>Favorabil pentru vezica biliar\u0103.<\/li>\n<\/ul>\n<p>&nbsp;<\/p>\n<p>Dac\u0103 dori\u021bi s\u0103 cump\u0103ra\u021bi m\u0103sline sau orice alt tip de <a href=\"https:\/\/latiendadesami.com\/categoria-producto\/encurtidos\/\" rel=\"noopener noreferrer nofollow\" target=\"_blank\">mur\u0103turi<\/a>, nu ezita\u021bi s\u0103 arunca\u021bi o privire la catalogul nostru online pentru a vedea varietatea larg\u0103 de <a href=\"https:\/\/latiendadesami.com\/categoria-producto\/encurtidos\/aceitunas\/\" target=\"_blank\" rel=\"noopener noreferrer nofollow\">m\u0103sline<\/a> sau Revuelto 4.5kg pe care o avem.<\/p>\n<p>Scrie\u021bi-ne pentru mai multe informa\u021bii.<\/p>\n","protected":false},"excerpt":{"rendered":"<p>Acest amestec de 4,5 kg de mur\u0103turi \u00een ap\u0103, sare \u0219i o\u021bet include m\u0103sline, ceap\u0103 \u0219i castrave\u021bi. Aceast\u0103 combina\u021bie de m\u0103sline \u0219i mur\u0103turi face posibil\u0103 savurarea unei arome de neegalat \u00een tapas sau aperitive. Este o completare foarte s\u0103n\u0103toas\u0103 a dietei noastre tradi\u021bionale mediteraneene nutritive. \u00cen Spania g\u0103sim m\u0103sline, castrave\u021bi, vinete almagro, morcovi, ceap\u0103, fiind [&hellip;]<\/p>\n","protected":false},"featured_media":7763,"template":"","meta":{"_et_pb_use_builder":"","_et_pb_old_content":"","_et_gb_content_width":""},"product_brand":[1069],"product_cat":[2004,1600,1598],"product_tag":[8110],"class_list":{"0":"post-37360","1":"product","2":"type-product","3":"status-publish","4":"has-post-thumbnail","6":"product_brand-sangar","7":"product_cat-castraveti","8":"product_cat-masline","9":"product_cat-muraturi","10":"product_tag-oua-amestecate","12":"first","13":"outofstock","14":"taxable","15":"shipping-taxable","16":"purchasable","17":"product-type-simple"},"_links":{"self":[{"href":"https:\/\/myspainfood.com\/ro\/wp-json\/wp\/v2\/product\/37360","targetHints":{"allow":["GET"]}}],"collection":[{"href":"https:\/\/myspainfood.com\/ro\/wp-json\/wp\/v2\/product"}],"about":[{"href":"https:\/\/myspainfood.com\/ro\/wp-json\/wp\/v2\/types\/product"}],"wp:featuredmedia":[{"embeddable":true,"href":"https:\/\/myspainfood.com\/ro\/wp-json\/wp\/v2\/media\/7763"}],"wp:attachment":[{"href":"https:\/\/myspainfood.com\/ro\/wp-json\/wp\/v2\/media?parent=37360"}],"wp:term":[{"taxonomy":"product_brand","embeddable":true,"href":"https:\/\/myspainfood.com\/ro\/wp-json\/wp\/v2\/product_brand?post=37360"},{"taxonomy":"product_cat","embeddable":true,"href":"https:\/\/myspainfood.com\/ro\/wp-json\/wp\/v2\/product_cat?post=37360"},{"taxonomy":"product_tag","embeddable":true,"href":"https:\/\/myspainfood.com\/ro\/wp-json\/wp\/v2\/product_tag?post=37360"}],"curies":[{"name":"wp","href":"https:\/\/api.w.org\/{rel}","templated":true}]}}