{"id":37436,"date":"2025-04-10T12:08:54","date_gmt":"2025-04-10T10:08:54","guid":{"rendered":"https:\/\/myspainfood.com\/producto\/sanmer-black-pearl-olive-140-160-intreg-5kg\/"},"modified":"2025-04-10T12:08:54","modified_gmt":"2025-04-10T10:08:54","slug":"sanmer-black-pearl-olive-140-160-intreg-5kg","status":"publish","type":"product","link":"https:\/\/myspainfood.com\/ro\/producto\/sanmer-black-pearl-olive-140-160-intreg-5kg\/","title":{"rendered":"Sanmer Black Pearl Olive 140\/160 \u00eentreg 5kg"},"content":{"rendered":"<p>Culoare neagr\u0103 intens\u0103, cu o str\u0103lucire puternic\u0103, pulp\u0103 suculent\u0103 \u0219i textur\u0103 pl\u0103cut\u0103. Un excelent acompaniament pentru salate proaspete \u0219i pizza, delicios cu orice fel de m\u00e2ncare u\u0219oar\u0103. <\/p>\n","protected":false},"excerpt":{"rendered":"<p>Culoare neagr\u0103 intens\u0103, cu o str\u0103lucire puternic\u0103, pulp\u0103 suculent\u0103 \u0219i textur\u0103 pl\u0103cut\u0103. Un excelent acompaniament pentru salate proaspete \u0219i pizza, delicios cu orice fel de m\u00e2ncare u\u0219oar\u0103.<\/p>\n","protected":false},"featured_media":11498,"template":"","meta":{"_et_pb_use_builder":"","_et_pb_old_content":"","_et_gb_content_width":""},"product_brand":[1069,1303],"product_cat":[1600,1598],"product_tag":[2056,8126],"class_list":{"0":"post-37436","1":"product","2":"type-product","3":"status-publish","4":"has-post-thumbnail","6":"product_brand-sangar","7":"product_brand-sanmer","8":"product_cat-masline","9":"product_cat-muraturi","10":"product_tag-musetel","11":"product_tag-negru","13":"first","14":"outofstock","15":"taxable","16":"shipping-taxable","17":"purchasable","18":"product-type-simple"},"_links":{"self":[{"href":"https:\/\/myspainfood.com\/ro\/wp-json\/wp\/v2\/product\/37436","targetHints":{"allow":["GET"]}}],"collection":[{"href":"https:\/\/myspainfood.com\/ro\/wp-json\/wp\/v2\/product"}],"about":[{"href":"https:\/\/myspainfood.com\/ro\/wp-json\/wp\/v2\/types\/product"}],"wp:featuredmedia":[{"embeddable":true,"href":"https:\/\/myspainfood.com\/ro\/wp-json\/wp\/v2\/media\/11498"}],"wp:attachment":[{"href":"https:\/\/myspainfood.com\/ro\/wp-json\/wp\/v2\/media?parent=37436"}],"wp:term":[{"taxonomy":"product_brand","embeddable":true,"href":"https:\/\/myspainfood.com\/ro\/wp-json\/wp\/v2\/product_brand?post=37436"},{"taxonomy":"product_cat","embeddable":true,"href":"https:\/\/myspainfood.com\/ro\/wp-json\/wp\/v2\/product_cat?post=37436"},{"taxonomy":"product_tag","embeddable":true,"href":"https:\/\/myspainfood.com\/ro\/wp-json\/wp\/v2\/product_tag?post=37436"}],"curies":[{"name":"wp","href":"https:\/\/api.w.org\/{rel}","templated":true}]}}