{"id":37437,"date":"2025-04-10T12:08:46","date_gmt":"2025-04-10T10:08:46","guid":{"rendered":"https:\/\/myspainfood.com\/producto\/ansoa-tripla-55-bucati\/"},"modified":"2025-07-28T10:38:25","modified_gmt":"2025-07-28T08:38:25","slug":"ansoa-tripla-55-bucati","status":"publish","type":"product","link":"https:\/\/myspainfood.com\/ro\/producto\/ansoa-tripla-55-bucati\/","title":{"rendered":"An\u0219oa tripl\u0103 55 buc\u0103\u021bi"},"content":{"rendered":"<p>Ulei (85% ulei de floarea soarelui, 15% ulei de m\u0103sline), m\u0103sline umplute <strong>cu hamsii<\/strong>,<strong> hamsii<\/strong> \u00een o\u021bet \u0219i piparra.<\/p>\n","protected":false},"excerpt":{"rendered":"<p>Ulei (85% ulei de floarea soarelui, 15% ulei de m\u0103sline), m\u0103sline umplute cu hamsii, hamsii \u00een o\u021bet \u0219i piparra.<\/p>\n","protected":false},"featured_media":11345,"template":"","meta":{"_et_pb_use_builder":"","_et_pb_old_content":"","_et_gb_content_width":""},"product_brand":[1277],"product_cat":[1907,1830,1600,1598,1832,1828],"product_tag":[],"class_list":{"0":"post-37437","1":"product","2":"type-product","3":"status-publish","4":"has-post-thumbnail","6":"product_brand-bokeo","7":"product_cat-ansoa-ro","8":"product_cat-ansoa","9":"product_cat-masline","10":"product_cat-muraturi","11":"product_cat-pintxos-ro","12":"product_cat-rece","13":"product_shipping_class-transport-la-rece","15":"first","16":"instock","17":"taxable","18":"shipping-taxable","19":"purchasable","20":"product-type-simple"},"_links":{"self":[{"href":"https:\/\/myspainfood.com\/ro\/wp-json\/wp\/v2\/product\/37437","targetHints":{"allow":["GET"]}}],"collection":[{"href":"https:\/\/myspainfood.com\/ro\/wp-json\/wp\/v2\/product"}],"about":[{"href":"https:\/\/myspainfood.com\/ro\/wp-json\/wp\/v2\/types\/product"}],"wp:featuredmedia":[{"embeddable":true,"href":"https:\/\/myspainfood.com\/ro\/wp-json\/wp\/v2\/media\/11345"}],"wp:attachment":[{"href":"https:\/\/myspainfood.com\/ro\/wp-json\/wp\/v2\/media?parent=37437"}],"wp:term":[{"taxonomy":"product_brand","embeddable":true,"href":"https:\/\/myspainfood.com\/ro\/wp-json\/wp\/v2\/product_brand?post=37437"},{"taxonomy":"product_cat","embeddable":true,"href":"https:\/\/myspainfood.com\/ro\/wp-json\/wp\/v2\/product_cat?post=37437"},{"taxonomy":"product_tag","embeddable":true,"href":"https:\/\/myspainfood.com\/ro\/wp-json\/wp\/v2\/product_tag?post=37437"}],"curies":[{"name":"wp","href":"https:\/\/api.w.org\/{rel}","templated":true}]}}