{"id":37768,"date":"2025-04-10T12:10:39","date_gmt":"2025-04-10T10:10:39","guid":{"rendered":"https:\/\/myspainfood.com\/producto\/vinete-tocate-almagro-45-kg-crude\/"},"modified":"2025-08-25T23:08:50","modified_gmt":"2025-08-25T21:08:50","slug":"vinete-tocate-almagro-45-kg-crude","status":"publish","type":"product","link":"https:\/\/myspainfood.com\/ro\/producto\/vinete-tocate-almagro-45-kg-crude\/","title":{"rendered":"Vinete, tocate Almagro 4,5 kg crude"},"content":{"rendered":"<p>Vinetele tocate Almagro sunt un produs tradi\u021bional din regiunea Campo de Calatrava, \u00een inima regiunii La <a href=\"https:\/\/www.laencajera.es\/berenjenas-de-almagro\" target=\"_blank\" rel=\"noopener noreferrer nofollow\">Mancha<\/a>.<\/p>\n<p>Un produs cu indica\u021bie geografic\u0103 protejat\u0103 care a devenit un punct de referin\u021b\u0103 gastronomic, fie ca aperitiv, fie \u00een m\u00e2nc\u0103ruri calde sau reci.<\/p>\n<p>Ingrediente: Sare, piper, ardei gras: Aubergine &#8222;De Almagro&#8221;, ap\u0103, sare, o\u021bet de vin, piper, fenicul, condimente naturale (usturoi, chimen, paprika, ulei de m\u0103sline), poten\u021biator de arom\u0103 (E-621), acidulan\u021bi (E-330), conservan\u021bi (E-270, E-211, E-202E-223), antioxidan\u021bi (E-300) \u0219i arome naturale.<\/p>\n<p>P\u0103stra\u021bi \u00eentr-un loc r\u0103coros \u0219i uscat, \u00eentre 3\u00baC \u0219i 10\u00baC.<\/p>\n<p>Proteja\u021bi de lumina soarelui \u0219i de mirosurile puternice.<\/p>\n<p>Aubergine din Almagro, odat\u0103 ambalajul deschis, se p\u0103streaz\u0103 la frigider \u0219i se consum\u0103 \u00een termen de 30 de zile.<\/p>\n<p>Dac\u0103 dori\u021bi s\u0103 cump\u0103ra\u021bi m\u0103sline sau orice alt tip de <a href=\"https:\/\/latiendadesami.com\/categoria-producto\/encurtidos\/\" rel=\"noopener noreferrer nofollow\" target=\"_blank\">mur\u0103turi<\/a>, nu ezita\u021bi s\u0103 arunca\u021bi o privire la catalogul nostru online pentru a vedea varietatea larg\u0103 de <a href=\"https:\/\/latiendadesami.com\/categoria-producto\/encurtidos\/berenjenas\/\" target=\"_blank\" rel=\"noopener noreferrer nofollow\">vinete<\/a> pe care o avem.<\/p>\n<p>Marca este La Encajonera, o afacere de familie, fondat\u0103 \u00een 1990, situat\u0103 \u00een inima La Mancha, \u00een ora\u0219ul ALMAGRO, \u00een provincia Ciudad Real.<\/p>\n<p>Procesul de fabrica\u021bie a produselor sale \u00eencepe \u00een aceea\u0219i zon\u0103 de cre\u0219tere, select\u00e2nd produsul de cea mai bun\u0103 calitate.<\/p>\n<p>Fabrica este dotat\u0103 cu cea mai avansat\u0103 tehnologie, p\u0103str\u00e2nd \u00een acela\u0219i timp tradi\u021bia \u0219i know-how-ul lucr\u0103torilor s\u0103i artizani.<\/p>\n","protected":false},"excerpt":{"rendered":"<p>Vinetele tocate Almagro sunt un produs tradi\u021bional din regiunea Campo de Calatrava, \u00een inima regiunii La Mancha. Un produs cu indica\u021bie geografic\u0103 protejat\u0103 care a devenit un punct de referin\u021b\u0103 gastronomic, fie ca aperitiv, fie \u00een m\u00e2nc\u0103ruri calde sau reci. Ingrediente: Sare, piper, ardei gras: Aubergine &#8222;De Almagro&#8221;, ap\u0103, sare, o\u021bet de vin, piper, fenicul, [&hellip;]<\/p>\n","protected":false},"featured_media":13019,"template":"","meta":{"_et_pb_use_builder":"","_et_pb_old_content":"","_et_gb_content_width":""},"product_brand":[1057],"product_cat":[2134,1598],"product_tag":[2136],"class_list":{"0":"post-37768","1":"product","2":"type-product","3":"status-publish","4":"has-post-thumbnail","6":"product_brand-la-encajera","7":"product_cat-aubergine","8":"product_cat-muraturi","9":"product_tag-alinada-ro","11":"first","12":"instock","13":"taxable","14":"shipping-taxable","15":"purchasable","16":"product-type-simple"},"_links":{"self":[{"href":"https:\/\/myspainfood.com\/ro\/wp-json\/wp\/v2\/product\/37768","targetHints":{"allow":["GET"]}}],"collection":[{"href":"https:\/\/myspainfood.com\/ro\/wp-json\/wp\/v2\/product"}],"about":[{"href":"https:\/\/myspainfood.com\/ro\/wp-json\/wp\/v2\/types\/product"}],"wp:featuredmedia":[{"embeddable":true,"href":"https:\/\/myspainfood.com\/ro\/wp-json\/wp\/v2\/media\/13019"}],"wp:attachment":[{"href":"https:\/\/myspainfood.com\/ro\/wp-json\/wp\/v2\/media?parent=37768"}],"wp:term":[{"taxonomy":"product_brand","embeddable":true,"href":"https:\/\/myspainfood.com\/ro\/wp-json\/wp\/v2\/product_brand?post=37768"},{"taxonomy":"product_cat","embeddable":true,"href":"https:\/\/myspainfood.com\/ro\/wp-json\/wp\/v2\/product_cat?post=37768"},{"taxonomy":"product_tag","embeddable":true,"href":"https:\/\/myspainfood.com\/ro\/wp-json\/wp\/v2\/product_tag?post=37768"}],"curies":[{"name":"wp","href":"https:\/\/api.w.org\/{rel}","templated":true}]}}