{"id":38104,"date":"2025-04-10T12:14:40","date_gmt":"2025-04-10T10:14:40","guid":{"rendered":"https:\/\/myspainfood.com\/producto\/midiile-chile-escabeche-10-15-bucati-marevento\/"},"modified":"2026-01-30T14:30:22","modified_gmt":"2026-01-30T13:30:22","slug":"midiile-chile-escabeche-10-15-bucati-marevento","status":"publish","type":"product","link":"https:\/\/myspainfood.com\/ro\/producto\/midiile-chile-escabeche-10-15-bucati-marevento\/","title":{"rendered":"Midiile Chile escabeche 10-15 buc\u0103\u021bi Marevento"},"content":{"rendered":"<p>G\u0103tite \u0219i pr\u0103jite \u00een ulei de floarea-soarelui. Byssus-ul este \u00eendep\u0103rtat manual \u0219i ambalat unul c\u00e2te unul. \u00censo\u021bit\u0103 de o marinat\u0103 unic\u0103 realizat\u0103 din ingrediente naturale. Ingrediente: Midiile chiliene, escabeche (ulei de floarea soarelui, o\u021bet de vin ro\u0219u, ap\u0103, arome naturale, condimente \u0219i sare).<\/p>\n","protected":false},"excerpt":{"rendered":"<p>G\u0103tite \u0219i pr\u0103jite \u00een ulei de floarea-soarelui. Byssus-ul este \u00eendep\u0103rtat manual \u0219i ambalat unul c\u00e2te unul. \u00censo\u021bit\u0103 de o marinat\u0103 unic\u0103 realizat\u0103 din ingrediente naturale. Ingrediente: Midiile chiliene, escabeche (ulei de floarea soarelui, o\u021bet de vin ro\u0219u, ap\u0103, arome naturale, condimente \u0219i sare).<\/p>\n","protected":false},"featured_media":14999,"template":"","meta":{"_et_pb_use_builder":"","_et_pb_old_content":"","_et_gb_content_width":""},"product_brand":[1428],"product_cat":[1975,4061],"product_tag":[],"class_list":{"0":"post-38104","1":"product","2":"type-product","3":"status-publish","4":"has-post-thumbnail","6":"product_brand-portonovo","7":"product_cat-conserve-ro","8":"product_cat-midiile-ro","10":"first","11":"instock","12":"taxable","13":"shipping-taxable","14":"purchasable","15":"product-type-variable"},"_links":{"self":[{"href":"https:\/\/myspainfood.com\/ro\/wp-json\/wp\/v2\/product\/38104","targetHints":{"allow":["GET"]}}],"collection":[{"href":"https:\/\/myspainfood.com\/ro\/wp-json\/wp\/v2\/product"}],"about":[{"href":"https:\/\/myspainfood.com\/ro\/wp-json\/wp\/v2\/types\/product"}],"wp:featuredmedia":[{"embeddable":true,"href":"https:\/\/myspainfood.com\/ro\/wp-json\/wp\/v2\/media\/14999"}],"wp:attachment":[{"href":"https:\/\/myspainfood.com\/ro\/wp-json\/wp\/v2\/media?parent=38104"}],"wp:term":[{"taxonomy":"product_brand","embeddable":true,"href":"https:\/\/myspainfood.com\/ro\/wp-json\/wp\/v2\/product_brand?post=38104"},{"taxonomy":"product_cat","embeddable":true,"href":"https:\/\/myspainfood.com\/ro\/wp-json\/wp\/v2\/product_cat?post=38104"},{"taxonomy":"product_tag","embeddable":true,"href":"https:\/\/myspainfood.com\/ro\/wp-json\/wp\/v2\/product_tag?post=38104"}],"curies":[{"name":"wp","href":"https:\/\/api.w.org\/{rel}","templated":true}]}}