{"id":38164,"date":"2025-04-10T12:14:40","date_gmt":"2025-04-10T10:14:40","guid":{"rendered":"https:\/\/myspainfood.com\/producto\/midiile-din-noua-zeelanda-in-sos-murat-4-6-bucati-giant-portonovo-115-gr\/"},"modified":"2026-01-30T14:31:46","modified_gmt":"2026-01-30T13:31:46","slug":"midiile-din-noua-zeelanda-in-sos-murat-4-6-bucati-giant-portonovo-115-gr","status":"publish","type":"product","link":"https:\/\/myspainfood.com\/ro\/producto\/midiile-din-noua-zeelanda-in-sos-murat-4-6-bucati-giant-portonovo-115-gr\/","title":{"rendered":"Midiile din Noua Zeeland\u0103 \u00een sos murat 4-6 buc\u0103\u021bi Giant Portonovo - 115 Gr"},"content":{"rendered":"<p>Descoperi\u021bi intensitatea gustului \u0219i calitatea <strong>midiilor din Noua Zeeland\u0103<\/strong> <strong>Gigante Portonovo<\/strong> <strong>\u00een sos murat<\/strong>. Acest produs premium con\u021bine \u00eentre 4 \u0219i 6 buc\u0103\u021bi selectate de midii mari, \u00eentr-o prezentare de 115 grame, ideale pentru a fi savurate \u00een tapas, salate sau ca aperitiv gourmet. <\/p>\n<p>Crescute \u00een apele cristaline ale Noii Zeelande, aceste midii se remarc\u0103 prin textura c\u0103rnoas\u0103 \u0219i gustul de neegalat, poten\u021bate de o marinat\u0103 delicat\u0103 care le eviden\u021biaz\u0103 prospe\u021bimea \u0219i calitatea. De asemenea, sunt bogate \u00een proteine, omega-3 \u0219i minerale esen\u021biale, ceea ce le face o alegere s\u0103n\u0103toas\u0103 \u0219i delicioas\u0103 pentru orice diet\u0103. <\/p>\n<p>Pentru mai multe op\u021biuni de fructe de mare, vizita\u021bi <a href=\"https:\/\/latiendadesami.com\/categoria-producto\/conservas\/\" target=\"_new\" rel=\"noopener noreferrer nofollow\" target=\"_blank\">sec\u021biunea noastr\u0103 de conserve<\/a> \u0219i descoperi\u021bi beneficiile <strong>midiilor din Noua Zeeland\u0103 murate<\/strong> \u00eentr-o diet\u0103 echilibrat\u0103. Gusta\u021bi calitatea \u0219i autenticitatea pe care numai Portonovo le poate oferi!<\/p>\n","protected":false},"excerpt":{"rendered":"<p>Descoperi\u021bi intensitatea gustului \u0219i calitatea midiilor din Noua Zeeland\u0103 Gigante Portonovo \u00een sos murat. Acest produs premium con\u021bine \u00eentre 4 \u0219i 6 buc\u0103\u021bi selectate de midii mari, \u00eentr-o prezentare de 115 grame, ideale pentru a fi savurate \u00een tapas, salate sau ca aperitiv gourmet. Crescute \u00een apele cristaline ale Noii Zeelande, aceste midii se remarc\u0103 [&hellip;]<\/p>\n","protected":false},"featured_media":14909,"template":"","meta":{"_et_pb_use_builder":"","_et_pb_old_content":"","_et_gb_content_width":""},"product_brand":[1428],"product_cat":[1975,4061],"product_tag":[],"class_list":{"0":"post-38164","1":"product","2":"type-product","3":"status-publish","4":"has-post-thumbnail","6":"product_brand-portonovo","7":"product_cat-conserve-ro","8":"product_cat-midiile-ro","10":"first","11":"outofstock","12":"taxable","13":"shipping-taxable","14":"product-type-variable"},"_links":{"self":[{"href":"https:\/\/myspainfood.com\/ro\/wp-json\/wp\/v2\/product\/38164","targetHints":{"allow":["GET"]}}],"collection":[{"href":"https:\/\/myspainfood.com\/ro\/wp-json\/wp\/v2\/product"}],"about":[{"href":"https:\/\/myspainfood.com\/ro\/wp-json\/wp\/v2\/types\/product"}],"wp:featuredmedia":[{"embeddable":true,"href":"https:\/\/myspainfood.com\/ro\/wp-json\/wp\/v2\/media\/14909"}],"wp:attachment":[{"href":"https:\/\/myspainfood.com\/ro\/wp-json\/wp\/v2\/media?parent=38164"}],"wp:term":[{"taxonomy":"product_brand","embeddable":true,"href":"https:\/\/myspainfood.com\/ro\/wp-json\/wp\/v2\/product_brand?post=38164"},{"taxonomy":"product_cat","embeddable":true,"href":"https:\/\/myspainfood.com\/ro\/wp-json\/wp\/v2\/product_cat?post=38164"},{"taxonomy":"product_tag","embeddable":true,"href":"https:\/\/myspainfood.com\/ro\/wp-json\/wp\/v2\/product_tag?post=38164"}],"curies":[{"name":"wp","href":"https:\/\/api.w.org\/{rel}","templated":true}]}}