{"id":38630,"date":"2025-04-10T12:09:10","date_gmt":"2025-04-10T10:09:10","guid":{"rendered":"https:\/\/myspainfood.com\/producto\/branza-de-capra-si-de-vaca-ribera-del-duero-vin-el-gran-cardenal\/"},"modified":"2026-04-24T07:36:14","modified_gmt":"2026-04-24T05:36:14","slug":"branza-de-capra-si-de-vaca-ribera-del-duero-vin-el-gran-cardenal","status":"publish","type":"product","link":"https:\/\/myspainfood.com\/ro\/producto\/branza-de-capra-si-de-vaca-ribera-del-duero-vin-el-gran-cardenal\/","title":{"rendered":"Br\u00e2nz\u0103 de capr\u0103 \u0219i de vac\u0103 Ribera del Duero Vin El Gran Cardenal"},"content":{"rendered":"<div class=\"et_pb_blurb_container\">\n<div class=\"et_pb_blurb_container\">\n<h4 class=\"et_pb_module_header\">Capr\u0103 cu vin Ribera de Duero<\/h4>\n<div class=\"et_pb_blurb_description\">\n<p>Br\u00e2nz\u0103 cremoas\u0103 din lapte de capr\u0103 \u0219i de vac\u0103, \u00eenso\u021bit\u0103 de unul dintre vinurile excelente produse \u00een Spania, vinul Ribera del Duero (o denumire care include podgorii situate \u00een Castilla y Le\u00f3n).<\/p>\n<p>Culoarea vinului poate fi v\u0103zut\u0103 \u00een interiorul br\u00e2nzei, deoarece acesta este ad\u0103ugat \u00een momentul producerii.<\/p>\n<\/div>\n<\/div>\n<\/div>\n","protected":false},"excerpt":{"rendered":"<p>Capr\u0103 cu vin Ribera de Duero Br\u00e2nz\u0103 cremoas\u0103 din lapte de capr\u0103 \u0219i de vac\u0103, \u00eenso\u021bit\u0103 de unul dintre vinurile excelente produse \u00een Spania, vinul Ribera del Duero (o denumire care include podgorii situate \u00een Castilla y Le\u00f3n). Culoarea vinului poate fi v\u0103zut\u0103 \u00een interiorul br\u00e2nzei, deoarece acesta este ad\u0103ugat \u00een momentul producerii.<\/p>\n","protected":false},"featured_media":11741,"template":"","meta":{"_et_pb_use_builder":"","_et_pb_old_content":"","_et_gb_content_width":""},"product_brand":[],"product_cat":[2239,2720,1828],"product_tag":[],"class_list":{"0":"post-38630","1":"product","2":"type-product","3":"status-publish","4":"has-post-thumbnail","6":"product_cat-branza-si-carnati","7":"product_cat-curatare","8":"product_cat-rece","9":"product_shipping_class-transport-la-rece","11":"first","12":"outofstock","13":"taxable","14":"shipping-taxable","15":"purchasable","16":"product-type-variable"},"_links":{"self":[{"href":"https:\/\/myspainfood.com\/ro\/wp-json\/wp\/v2\/product\/38630","targetHints":{"allow":["GET"]}}],"collection":[{"href":"https:\/\/myspainfood.com\/ro\/wp-json\/wp\/v2\/product"}],"about":[{"href":"https:\/\/myspainfood.com\/ro\/wp-json\/wp\/v2\/types\/product"}],"wp:featuredmedia":[{"embeddable":true,"href":"https:\/\/myspainfood.com\/ro\/wp-json\/wp\/v2\/media\/11741"}],"wp:attachment":[{"href":"https:\/\/myspainfood.com\/ro\/wp-json\/wp\/v2\/media?parent=38630"}],"wp:term":[{"taxonomy":"product_brand","embeddable":true,"href":"https:\/\/myspainfood.com\/ro\/wp-json\/wp\/v2\/product_brand?post=38630"},{"taxonomy":"product_cat","embeddable":true,"href":"https:\/\/myspainfood.com\/ro\/wp-json\/wp\/v2\/product_cat?post=38630"},{"taxonomy":"product_tag","embeddable":true,"href":"https:\/\/myspainfood.com\/ro\/wp-json\/wp\/v2\/product_tag?post=38630"}],"curies":[{"name":"wp","href":"https:\/\/api.w.org\/{rel}","templated":true}]}}