{"id":38676,"date":"2025-04-10T12:09:16","date_gmt":"2025-04-10T10:09:16","guid":{"rendered":"https:\/\/myspainfood.com\/producto\/ansoa-cantabrica-serie-platina-in-ulei-de-masline\/"},"modified":"2025-06-24T13:39:20","modified_gmt":"2025-06-24T11:39:20","slug":"ansoa-cantabrica-serie-platina-in-ulei-de-masline","status":"publish","type":"product","link":"https:\/\/myspainfood.com\/ro\/producto\/ansoa-cantabrica-serie-platina-in-ulei-de-masline\/","title":{"rendered":"An\u0219oa Cantabric\u0103 serie platin\u0103 \u00een ulei de m\u0103sline"},"content":{"rendered":"<p>An\u0219oa <a href=\"https:\/\/conservasarlequin.com\/serie-oro\/\" target=\"_blank\" rel=\"noopener noreferrer nofollow\">Arlequin<\/a> Platinum Series \u00een ulei de m\u0103sline este un produs artizanal conservat.<\/p>\n<p><strong>E. A. N.:<\/strong> 8421993910985<\/p>\n<p><strong>Cod:<\/strong> 10010044<\/p>\n<p><strong>Greutate net\u0103: <\/strong>110g \/ 70g<\/p>\n<p><strong>Nr. de fileuri \/ Nr. de buc\u0103\u021bi:<\/strong> 12<\/p>\n<p>Misiunea Conservas <a href=\"https:\/\/latiendadesami.com\/marca\/arlequin\/\" target=\"_blank\" rel=\"noopener noreferrer nofollow\">Arlequ\u00edn<\/a> este de a oferi un produs excelent, cele mai bune servicii \u0219i o gam\u0103 larg\u0103 de conserve de pe\u0219te la cel mai bun pre\u021b.<\/p>\n<p>De asemenea, sunt speciali\u0219ti \u00een an\u0219oa, Anchoa Arlequin Serie Oro 00, Serie Platinum \u00een ulei de m\u0103sline, an\u0219oa, bonito, ton cu aripioare galbene, midii, macrou \u0219i sardine.<\/p>\n<p>De exemplu, Comidista din ziarul El Pa\u00eds a spus despre ventresca: &#8222;Este at\u00e2t de fraged\u0103, aproape cremoas\u0103, \u00eenc\u00e2t te face s\u0103 vrei s\u0103 te c\u0103s\u0103tore\u0219ti cu ea \u0219i s\u0103 tr\u0103ie\u0219ti fericit p\u00e2n\u0103 te ia Domnul&#8221;.<\/p>\n<h4>Principalele beneficii ale alimentelor conservate<\/h4>\n<ol>\n<li>P\u0103streaz\u0103 toate propriet\u0103\u021bile nutritive ale alimentelor \u00een sine. Alimentele \u00ee\u0219i p\u0103streaz\u0103 prospe\u021bimea. <\/li>\n<li>Alimentele utilizate sunt s\u0103n\u0103toase \u0219i, prin urmare, potrivite pentru o diet\u0103 optim\u0103 datorit\u0103 con\u021binutului lor ridicat de vitamine \u0219i proteine.<\/li>\n<li>Aceste produse au o durat\u0103 de via\u021b\u0103 mai lung\u0103 (2-5 ani este tipic).<\/li>\n<li>Conservele sunt foarte u\u0219or de depozitat, deoarece ambalajul lor este u\u0219or de aplicat.<\/li>\n<\/ol>\n<p>Dac\u0103 dori\u021bi s\u0103 cump\u0103ra\u021bi ton sau orice alt tip de <a href=\"https:\/\/latiendadesami.com\/categoria-producto\/conservas\/\" rel=\"noopener noreferrer nofollow\" target=\"_blank\">conserv\u0103<\/a>, nu ezita\u021bi s\u0103 arunca\u021bi o privire la catalogul nostru online pentru a vedea varietatea larg\u0103 de <a href=\"https:\/\/latiendadesami.com\/categoria-producto\/conservas\/atun-y-bonito\/\" target=\"_blank\" rel=\"noopener noreferrer nofollow\">ton<\/a> pe care o avem.<\/p>\n<p>Scrie\u021bi-ne pentru mai multe informa\u021bii.<\/p>\n","protected":false},"excerpt":{"rendered":"<p>An\u0219oa Arlequin Platinum Series \u00een ulei de m\u0103sline este un produs artizanal conservat. E. A. N.: 8421993910985 Cod: 10010044 Greutate net\u0103: 110g \/ 70g Nr. de fileuri \/ Nr. de buc\u0103\u021bi: 12 Misiunea Conservas Arlequ\u00edn este de a oferi un produs excelent, cele mai bune servicii \u0219i o gam\u0103 larg\u0103 de conserve de pe\u0219te la [&hellip;]<\/p>\n","protected":false},"featured_media":11840,"template":"","meta":{"_et_pb_use_builder":"","_et_pb_old_content":"","_et_gb_content_width":""},"product_brand":[1162],"product_cat":[5190,1828],"product_tag":[8213],"class_list":{"0":"post-38676","1":"product","2":"type-product","3":"status-publish","4":"has-post-thumbnail","6":"product_brand-arlequin","7":"product_cat-ansoa-ro-3","8":"product_cat-rece","9":"product_tag-seria-platinum","10":"product_shipping_class-transport-la-rece","12":"first","13":"outofstock","14":"sale","15":"taxable","16":"shipping-taxable","17":"purchasable","18":"product-type-simple"},"_links":{"self":[{"href":"https:\/\/myspainfood.com\/ro\/wp-json\/wp\/v2\/product\/38676","targetHints":{"allow":["GET"]}}],"collection":[{"href":"https:\/\/myspainfood.com\/ro\/wp-json\/wp\/v2\/product"}],"about":[{"href":"https:\/\/myspainfood.com\/ro\/wp-json\/wp\/v2\/types\/product"}],"wp:featuredmedia":[{"embeddable":true,"href":"https:\/\/myspainfood.com\/ro\/wp-json\/wp\/v2\/media\/11840"}],"wp:attachment":[{"href":"https:\/\/myspainfood.com\/ro\/wp-json\/wp\/v2\/media?parent=38676"}],"wp:term":[{"taxonomy":"product_brand","embeddable":true,"href":"https:\/\/myspainfood.com\/ro\/wp-json\/wp\/v2\/product_brand?post=38676"},{"taxonomy":"product_cat","embeddable":true,"href":"https:\/\/myspainfood.com\/ro\/wp-json\/wp\/v2\/product_cat?post=38676"},{"taxonomy":"product_tag","embeddable":true,"href":"https:\/\/myspainfood.com\/ro\/wp-json\/wp\/v2\/product_tag?post=38676"}],"curies":[{"name":"wp","href":"https:\/\/api.w.org\/{rel}","templated":true}]}}