{"id":38998,"date":"2025-04-10T12:09:43","date_gmt":"2025-04-10T10:09:43","guid":{"rendered":"https:\/\/myspainfood.com\/producto\/el-gran-cardenal-semicured-san-isidro-branza\/"},"modified":"2025-07-28T10:41:47","modified_gmt":"2025-07-28T08:41:47","slug":"el-gran-cardenal-semicured-san-isidro-branza","status":"publish","type":"product","link":"https:\/\/myspainfood.com\/ro\/producto\/el-gran-cardenal-semicured-san-isidro-branza\/","title":{"rendered":"El Gran Cardenal Semicured San Isidro Br\u00e2nz\u0103"},"content":{"rendered":"<p>Cea mai bl\u00e2nd\u0103 dintre br\u00e2nzeturi, datorit\u0103 con\u021binutului s\u0103u mai mare de lapte de vac\u0103 \u0219i cu un minim de 10% lapte de oaie.<\/p>\n<p>Se g\u0103se\u0219te \u00een dou\u0103 tipuri, \u00een func\u021bie de gradul de maturare, semicurat (de la 2 la 4 luni de maturare) \u0219i maturat (de la 4 la 6 luni de maturare).<\/p>\n","protected":false},"excerpt":{"rendered":"<p>Cea mai bl\u00e2nd\u0103 dintre br\u00e2nzeturi, datorit\u0103 con\u021binutului s\u0103u mai mare de lapte de vac\u0103 \u0219i cu un minim de 10% lapte de oaie. Se g\u0103se\u0219te \u00een dou\u0103 tipuri, \u00een func\u021bie de gradul de maturare, semicurat (de la 2 la 4 luni de maturare) \u0219i maturat (de la 4 la 6 luni de maturare).<\/p>\n","protected":false},"featured_media":12092,"template":"","meta":{"_et_pb_use_builder":"","_et_pb_old_content":"","_et_gb_content_width":""},"product_brand":[1319],"product_cat":[2239,2720,1828],"product_tag":[],"class_list":{"0":"post-38998","1":"product","2":"type-product","3":"status-publish","4":"has-post-thumbnail","6":"product_brand-el-gran-cardenal","7":"product_cat-branza-si-carnati","8":"product_cat-curatare","9":"product_cat-rece","10":"product_shipping_class-transport-la-rece","12":"first","13":"outofstock","14":"taxable","15":"shipping-taxable","16":"product-type-variable"},"_links":{"self":[{"href":"https:\/\/myspainfood.com\/ro\/wp-json\/wp\/v2\/product\/38998","targetHints":{"allow":["GET"]}}],"collection":[{"href":"https:\/\/myspainfood.com\/ro\/wp-json\/wp\/v2\/product"}],"about":[{"href":"https:\/\/myspainfood.com\/ro\/wp-json\/wp\/v2\/types\/product"}],"wp:featuredmedia":[{"embeddable":true,"href":"https:\/\/myspainfood.com\/ro\/wp-json\/wp\/v2\/media\/12092"}],"wp:attachment":[{"href":"https:\/\/myspainfood.com\/ro\/wp-json\/wp\/v2\/media?parent=38998"}],"wp:term":[{"taxonomy":"product_brand","embeddable":true,"href":"https:\/\/myspainfood.com\/ro\/wp-json\/wp\/v2\/product_brand?post=38998"},{"taxonomy":"product_cat","embeddable":true,"href":"https:\/\/myspainfood.com\/ro\/wp-json\/wp\/v2\/product_cat?post=38998"},{"taxonomy":"product_tag","embeddable":true,"href":"https:\/\/myspainfood.com\/ro\/wp-json\/wp\/v2\/product_tag?post=38998"}],"curies":[{"name":"wp","href":"https:\/\/api.w.org\/{rel}","templated":true}]}}