{"id":39077,"date":"2025-04-10T12:09:47","date_gmt":"2025-04-10T10:09:47","guid":{"rendered":"https:\/\/myspainfood.com\/producto\/sparanghel-4-6-oti\/"},"modified":"2025-04-10T12:09:47","modified_gmt":"2025-04-10T10:09:47","slug":"sparanghel-4-6-oti","status":"publish","type":"product","link":"https:\/\/myspainfood.com\/ro\/producto\/sparanghel-4-6-oti\/","title":{"rendered":"Sparanghel 4\/6 OTI"},"content":{"rendered":"<p>Asparagus 4\/6 OTI este un produs natural fabricat \u00een <a href=\"http:\/\/www.conservasoti.es\/paginas\/historia.html\" target=\"_blank\" rel=\"noopener noreferrer nofollow\">mod tradi\u021bional<\/a>.<\/p>\n<p>Ca majoritatea legumelor, sparanghelul este bogat \u00een fibre \u0219i este, de asemenea, sc\u0103zut \u00een calorii, doar 23 Kcal per 100g, datorit\u0103 con\u021binutului sc\u0103zut de carbohidra\u021bi \u0219i a faptului c\u0103 este practic lipsit de gr\u0103simi.<\/p>\n<p>Conservas Oti este o companie cu o tradi\u021bie de familie, a c\u0103rei munc\u0103 bun\u0103 a fost transmis\u0103 din genera\u021bie \u00een genera\u021bie.<\/p>\n<p>Munca asidu\u0103 \u0219i efortul familiei au permis \u00een mare m\u0103sur\u0103 <span class=\"negrita\">Conservas Oti<\/span> s\u0103 creasc\u0103 \u0219i s\u0103 se extind\u0103.<\/p>\n<p>Principalele domenii de activitate sunt De pe mare, De pe uscat \u0219i De la ferm\u0103.<\/p>\n<p>Din mare: midii, Ventresca, Sardinillas, Melva&#8230; Bonito del norte Costera OTI 415 g <\/p>\n<p>Produsele locale includ: n\u0103ut l\u0103ptos, fasole alb\u0103, fasole Pinto, linte Pardina&#8230;<\/p>\n<p>Din ferm\u0103: br\u00e2nz\u0103 PUro de Oveja, \u0219unc\u0103 iberic\u0103 de ghind\u0103, Salchich\u00f3n de ghind\u0103, Chorizo iberic de ghind\u0103&#8230;<\/p>\n<h4>Principalele beneficii ale alimentelor conservate<\/h4>\n<ol>\n<li>P\u0103streaz\u0103 toate propriet\u0103\u021bile nutritive ale alimentelor \u00een sine. Alimentele \u00ee\u0219i p\u0103streaz\u0103 prospe\u021bimea. <\/li>\n<li>Alimentele utilizate sunt s\u0103n\u0103toase \u0219i, prin urmare, potrivite pentru o diet\u0103 optim\u0103 datorit\u0103 con\u021binutului lor ridicat de vitamine \u0219i proteine.<\/li>\n<li>Aceste produse au o durat\u0103 de via\u021b\u0103 mai lung\u0103 (2-5 ani este tipic).<\/li>\n<li>Conservele sunt foarte u\u0219or de depozitat, deoarece ambalajul lor este u\u0219or de aplicat.<\/li>\n<\/ol>\n<p>Dac\u0103 dori\u021bi s\u0103 cump\u0103ra\u021bi ton sau orice alt tip de <a href=\"https:\/\/latiendadesami.com\/categoria-producto\/conservas\/\" rel=\"noopener noreferrer nofollow\" target=\"_blank\">conserv\u0103<\/a>, nu ezita\u021bi s\u0103 arunca\u021bi o privire la catalogul nostru online pentru a vedea varietatea larg\u0103 de <a href=\"https:\/\/latiendadesami.com\/categoria-producto\/conservas\/atun-y-bonito\/\" target=\"_blank\" rel=\"noopener noreferrer nofollow\">ton<\/a> pe care o avem.<\/p>\n<p>Scrie\u021bi-ne pentru mai multe informa\u021bii.<\/p>\n","protected":false},"excerpt":{"rendered":"<p>Asparagus 4\/6 OTI este un produs natural fabricat \u00een mod tradi\u021bional. Ca majoritatea legumelor, sparanghelul este bogat \u00een fibre \u0219i este, de asemenea, sc\u0103zut \u00een calorii, doar 23 Kcal per 100g, datorit\u0103 con\u021binutului sc\u0103zut de carbohidra\u021bi \u0219i a faptului c\u0103 este practic lipsit de gr\u0103simi. Conservas Oti este o companie cu o tradi\u021bie de familie, [&hellip;]<\/p>\n","protected":false},"featured_media":11912,"template":"","meta":{"_et_pb_use_builder":"","_et_pb_old_content":"","_et_gb_content_width":""},"product_brand":[1075],"product_cat":[2897,2902],"product_tag":[],"class_list":{"0":"post-39077","1":"product","2":"type-product","3":"status-publish","4":"has-post-thumbnail","6":"product_brand-oti","7":"product_cat-comert-cu-ridicata","8":"product_cat-conserve-ro-2","10":"first","11":"outofstock","12":"taxable","13":"shipping-taxable","14":"product-type-variable"},"_links":{"self":[{"href":"https:\/\/myspainfood.com\/ro\/wp-json\/wp\/v2\/product\/39077","targetHints":{"allow":["GET"]}}],"collection":[{"href":"https:\/\/myspainfood.com\/ro\/wp-json\/wp\/v2\/product"}],"about":[{"href":"https:\/\/myspainfood.com\/ro\/wp-json\/wp\/v2\/types\/product"}],"wp:featuredmedia":[{"embeddable":true,"href":"https:\/\/myspainfood.com\/ro\/wp-json\/wp\/v2\/media\/11912"}],"wp:attachment":[{"href":"https:\/\/myspainfood.com\/ro\/wp-json\/wp\/v2\/media?parent=39077"}],"wp:term":[{"taxonomy":"product_brand","embeddable":true,"href":"https:\/\/myspainfood.com\/ro\/wp-json\/wp\/v2\/product_brand?post=39077"},{"taxonomy":"product_cat","embeddable":true,"href":"https:\/\/myspainfood.com\/ro\/wp-json\/wp\/v2\/product_cat?post=39077"},{"taxonomy":"product_tag","embeddable":true,"href":"https:\/\/myspainfood.com\/ro\/wp-json\/wp\/v2\/product_tag?post=39077"}],"curies":[{"name":"wp","href":"https:\/\/api.w.org\/{rel}","templated":true}]}}