{"id":39173,"date":"2025-04-10T12:09:23","date_gmt":"2025-04-10T10:09:23","guid":{"rendered":"https:\/\/myspainfood.com\/producto\/mini-stele-de-branza-130-bucati\/"},"modified":"2025-06-24T13:42:08","modified_gmt":"2025-06-24T11:42:08","slug":"mini-stele-de-branza-130-bucati","status":"publish","type":"product","link":"https:\/\/myspainfood.com\/ro\/producto\/mini-stele-de-branza-130-bucati\/","title":{"rendered":"Mini stele de br\u00e2nz\u0103 130 buc\u0103\u021bi"},"content":{"rendered":"<p>Ulei (85% floarea soarelui, 15% m\u0103sline), m\u0103sline umplute cu an\u0219oa, file de an\u0219oa, br\u00e2nz\u0103 semi-curat\u0103 \u0219i piper ro\u0219u.<\/p>\n","protected":false},"excerpt":{"rendered":"<p>Ulei (85% floarea soarelui, 15% m\u0103sline), m\u0103sline umplute cu an\u0219oa, file de an\u0219oa, br\u00e2nz\u0103 semi-curat\u0103 \u0219i piper ro\u0219u.<\/p>\n","protected":false},"featured_media":11948,"template":"","meta":{"_et_pb_use_builder":"","_et_pb_old_content":"","_et_gb_content_width":""},"product_brand":[1277],"product_cat":[1830,2239,1600,1598,1832,1828],"product_tag":[],"class_list":{"0":"post-39173","1":"product","2":"type-product","3":"status-publish","4":"has-post-thumbnail","6":"product_brand-bokeo","7":"product_cat-ansoa","8":"product_cat-branza-si-carnati","9":"product_cat-masline","10":"product_cat-muraturi","11":"product_cat-pintxos-ro","12":"product_cat-rece","13":"product_shipping_class-transport-la-rece","15":"first","16":"outofstock","17":"taxable","18":"shipping-taxable","19":"purchasable","20":"product-type-simple"},"_links":{"self":[{"href":"https:\/\/myspainfood.com\/ro\/wp-json\/wp\/v2\/product\/39173","targetHints":{"allow":["GET"]}}],"collection":[{"href":"https:\/\/myspainfood.com\/ro\/wp-json\/wp\/v2\/product"}],"about":[{"href":"https:\/\/myspainfood.com\/ro\/wp-json\/wp\/v2\/types\/product"}],"wp:featuredmedia":[{"embeddable":true,"href":"https:\/\/myspainfood.com\/ro\/wp-json\/wp\/v2\/media\/11948"}],"wp:attachment":[{"href":"https:\/\/myspainfood.com\/ro\/wp-json\/wp\/v2\/media?parent=39173"}],"wp:term":[{"taxonomy":"product_brand","embeddable":true,"href":"https:\/\/myspainfood.com\/ro\/wp-json\/wp\/v2\/product_brand?post=39173"},{"taxonomy":"product_cat","embeddable":true,"href":"https:\/\/myspainfood.com\/ro\/wp-json\/wp\/v2\/product_cat?post=39173"},{"taxonomy":"product_tag","embeddable":true,"href":"https:\/\/myspainfood.com\/ro\/wp-json\/wp\/v2\/product_tag?post=39173"}],"curies":[{"name":"wp","href":"https:\/\/api.w.org\/{rel}","templated":true}]}}