{"id":40320,"date":"2025-04-10T12:12:57","date_gmt":"2025-04-10T10:12:57","guid":{"rendered":"https:\/\/myspainfood.com\/producto\/a-inigo-morcovi-feliati-400-g\/"},"modified":"2025-04-10T12:12:57","modified_gmt":"2025-04-10T10:12:57","slug":"a-inigo-morcovi-feliati-400-g","status":"publish","type":"product","link":"https:\/\/myspainfood.com\/ro\/producto\/a-inigo-morcovi-feliati-400-g\/","title":{"rendered":"A.I\u00f1igo Morcovi felia\u021bi 400 g"},"content":{"rendered":"<p>Morcovii A.I\u00f1igo sunt alegerea perfect\u0103 pentru cei care caut\u0103 calitate \u0219i arom\u0103 \u00een m\u00e2ncarea lor. Cultiva\u021bi \u0219i selecta\u021bi cu grij\u0103, ace\u0219ti morcovi ofer\u0103 o textur\u0103 crocant\u0103 \u0219i o arom\u0103 dulce \u0219i natural\u0103 care va \u00eembog\u0103\u021bi orice fel de m\u00e2ncare. <\/p>\n<p>&nbsp;<\/p>\n<p><strong>Valoarea energetic\u0103:<\/strong> 71,4 kJ \/ 16,8kcal<\/p>\n<p><strong>Gr\u0103simi saturate<\/strong>: 0 g<\/p>\n<p><strong>Carbohidra\u021bi<\/strong>: 4,2 g<\/p>\n<p><strong>Din care zaharuri:<\/strong> 2,3 g<\/p>\n<p><strong>Fibre dietetice<\/strong>: 1,4 g<\/p>\n<p><strong>Proteine<\/strong>: 0g<\/p>\n<p><strong>Sare<\/strong>: 0,65 g<\/p>\n","protected":false},"excerpt":{"rendered":"<p>Morcovii A.I\u00f1igo sunt alegerea perfect\u0103 pentru cei care caut\u0103 calitate \u0219i arom\u0103 \u00een m\u00e2ncarea lor. Cultiva\u021bi \u0219i selecta\u021bi cu grij\u0103, ace\u0219ti morcovi ofer\u0103 o textur\u0103 crocant\u0103 \u0219i o arom\u0103 dulce \u0219i natural\u0103 care va \u00eembog\u0103\u021bi orice fel de m\u00e2ncare. &nbsp; Valoarea energetic\u0103: 71,4 kJ \/ 16,8kcal Gr\u0103simi saturate: 0 g Carbohidra\u021bi: 4,2 g Din care [&hellip;]<\/p>\n","protected":false},"featured_media":14504,"template":"","meta":{"_et_pb_use_builder":"","_et_pb_old_content":"","_et_gb_content_width":""},"product_brand":[1461],"product_cat":[1975],"product_tag":[],"class_list":{"0":"post-40320","1":"product","2":"type-product","3":"status-publish","4":"has-post-thumbnail","6":"product_brand-a-inigo","7":"product_cat-conserve-ro","9":"first","10":"outofstock","11":"taxable","12":"shipping-taxable","13":"product-type-variable"},"_links":{"self":[{"href":"https:\/\/myspainfood.com\/ro\/wp-json\/wp\/v2\/product\/40320","targetHints":{"allow":["GET"]}}],"collection":[{"href":"https:\/\/myspainfood.com\/ro\/wp-json\/wp\/v2\/product"}],"about":[{"href":"https:\/\/myspainfood.com\/ro\/wp-json\/wp\/v2\/types\/product"}],"wp:featuredmedia":[{"embeddable":true,"href":"https:\/\/myspainfood.com\/ro\/wp-json\/wp\/v2\/media\/14504"}],"wp:attachment":[{"href":"https:\/\/myspainfood.com\/ro\/wp-json\/wp\/v2\/media?parent=40320"}],"wp:term":[{"taxonomy":"product_brand","embeddable":true,"href":"https:\/\/myspainfood.com\/ro\/wp-json\/wp\/v2\/product_brand?post=40320"},{"taxonomy":"product_cat","embeddable":true,"href":"https:\/\/myspainfood.com\/ro\/wp-json\/wp\/v2\/product_cat?post=40320"},{"taxonomy":"product_tag","embeddable":true,"href":"https:\/\/myspainfood.com\/ro\/wp-json\/wp\/v2\/product_tag?post=40320"}],"curies":[{"name":"wp","href":"https:\/\/api.w.org\/{rel}","templated":true}]}}