{"id":40409,"date":"2025-04-10T12:12:57","date_gmt":"2025-04-10T10:12:57","guid":{"rendered":"https:\/\/myspainfood.com\/producto\/la-vieja-fabrica-dulceata-de-zmeura-280-g\/"},"modified":"2025-04-10T12:12:57","modified_gmt":"2025-04-10T10:12:57","slug":"la-vieja-fabrica-dulceata-de-zmeura-280-g","status":"publish","type":"product","link":"https:\/\/myspainfood.com\/ro\/producto\/la-vieja-fabrica-dulceata-de-zmeura-280-g\/","title":{"rendered":"La Vieja F\u00e1brica Dulcea\u021b\u0103 de zmeur\u0103 280 g"},"content":{"rendered":"<p>Dulcea\u021ba de zmeur\u0103 La Vieja F\u00e1brica este un produs gourmet care se remarc\u0103 prin aroma sa intens\u0103 \u0219i prin prepararea sa cu ingrediente de cea mai \u00eenalt\u0103 calitate. Realizat\u0103 din zmeur\u0103 proasp\u0103t\u0103 \u0219i selec\u021bionat\u0103, aceast\u0103 dulcea\u021b\u0103 ofer\u0103 o experien\u021b\u0103 gustativ\u0103 unic\u0103, captur\u00e2nd esen\u021ba fructului \u00een fiecare \u00eembuc\u0103tur\u0103. <\/p>\n<p><span class=\"info-key \"><strong>Denumirea produsului alimentar<\/strong>:<\/span> Dulcea\u021b\u0103 de zmeur\u0103<\/p>\n<p><span class=\"info-key \"><strong>Denumirea operatorului<\/strong>:<\/span> \u00c1ngel Camacho Alimentaci\u00f3n, S.L.<\/p>\n<p><strong><span class=\"info-key \">Adresa operatorului:<\/span><\/strong> Avda. del Pilar, 6 - 41530 Mor\u00f3n de la Frontera (Sevilla).<\/p>\n<p><span class=\"info-key \"><strong>Locul de origine al produsului alimentar<\/strong>:<\/span> Produs din Spania<\/p>\n<p><strong><span class=\"info-key \">Cantitate net\u0103:<\/span><\/strong> 350 g<\/p>\n<p><strong><span class=\"info-key \">Alte informa\u021bii obligatorii pe etichet\u0103:<\/span><\/strong> Fabricat cu 45 g de zmeur\u0103 la 100 g.<\/p>\n<p><strong>Con\u021binut total de zah\u0103r<\/strong> 50 g la 100 g.<\/p>\n","protected":false},"excerpt":{"rendered":"<p>Dulcea\u021ba de zmeur\u0103 La Vieja F\u00e1brica este un produs gourmet care se remarc\u0103 prin aroma sa intens\u0103 \u0219i prin prepararea sa cu ingrediente de cea mai \u00eenalt\u0103 calitate. Realizat\u0103 din zmeur\u0103 proasp\u0103t\u0103 \u0219i selec\u021bionat\u0103, aceast\u0103 dulcea\u021b\u0103 ofer\u0103 o experien\u021b\u0103 gustativ\u0103 unic\u0103, captur\u00e2nd esen\u021ba fructului \u00een fiecare \u00eembuc\u0103tur\u0103. Denumirea produsului alimentar: Dulcea\u021b\u0103 de zmeur\u0103 Denumirea operatorului: [&hellip;]<\/p>\n","protected":false},"featured_media":14450,"template":"","meta":{"_et_pb_use_builder":"","_et_pb_old_content":"","_et_gb_content_width":""},"product_brand":[1460],"product_cat":[1975],"product_tag":[],"class_list":{"0":"post-40409","1":"product","2":"type-product","3":"status-publish","4":"has-post-thumbnail","6":"product_brand-la-vieja-fabrica","7":"product_cat-conserve-ro","9":"first","10":"outofstock","11":"taxable","12":"shipping-taxable","13":"product-type-variable"},"_links":{"self":[{"href":"https:\/\/myspainfood.com\/ro\/wp-json\/wp\/v2\/product\/40409","targetHints":{"allow":["GET"]}}],"collection":[{"href":"https:\/\/myspainfood.com\/ro\/wp-json\/wp\/v2\/product"}],"about":[{"href":"https:\/\/myspainfood.com\/ro\/wp-json\/wp\/v2\/types\/product"}],"wp:featuredmedia":[{"embeddable":true,"href":"https:\/\/myspainfood.com\/ro\/wp-json\/wp\/v2\/media\/14450"}],"wp:attachment":[{"href":"https:\/\/myspainfood.com\/ro\/wp-json\/wp\/v2\/media?parent=40409"}],"wp:term":[{"taxonomy":"product_brand","embeddable":true,"href":"https:\/\/myspainfood.com\/ro\/wp-json\/wp\/v2\/product_brand?post=40409"},{"taxonomy":"product_cat","embeddable":true,"href":"https:\/\/myspainfood.com\/ro\/wp-json\/wp\/v2\/product_cat?post=40409"},{"taxonomy":"product_tag","embeddable":true,"href":"https:\/\/myspainfood.com\/ro\/wp-json\/wp\/v2\/product_tag?post=40409"}],"curies":[{"name":"wp","href":"https:\/\/api.w.org\/{rel}","templated":true}]}}