{"id":40500,"date":"2025-04-10T12:12:57","date_gmt":"2025-04-10T10:12:57","guid":{"rendered":"https:\/\/myspainfood.com\/producto\/la-vieja-fabrica-dulceata-de-capsuni-diet-280-g\/"},"modified":"2025-04-10T12:12:57","modified_gmt":"2025-04-10T10:12:57","slug":"la-vieja-fabrica-dulceata-de-capsuni-diet-280-g","status":"publish","type":"product","link":"https:\/\/myspainfood.com\/ro\/producto\/la-vieja-fabrica-dulceata-de-capsuni-diet-280-g\/","title":{"rendered":"La Vieja F\u00e1brica Dulcea\u021b\u0103 de c\u0103p\u0219uni DIET 280 g"},"content":{"rendered":"<p>Dulcea\u021ba dietetic\u0103 de c\u0103p\u0219uni La Vieja F\u00e1brica este o op\u021biune delicioas\u0103 \u0219i s\u0103n\u0103toas\u0103 pentru cei care doresc s\u0103 se bucure de gustul autentic al c\u0103p\u0219unilor f\u0103r\u0103 a ad\u0103uga zaharuri rafinate. Aceast\u0103 dulcea\u021b\u0103 dietetic\u0103 este realizat\u0103 cu ingrediente naturale \u0219i \u00eendulcitori cu con\u021binut sc\u0103zut de calorii, oferind o alternativ\u0103 perfect\u0103 pentru cei care \u00ee\u0219i urm\u0103resc aportul caloric \u0219i glicemic. <\/p>\n<p><span class=\"info-key \"><strong>Denumirea produsului alimentar<\/strong>:<\/span> Dulcea\u021b\u0103 dietetic\u0103 de c\u0103p\u0219uni<\/p>\n<p><span class=\"info-key \"><strong>Denumirea operatorului<\/strong>:<\/span> \u00c1ngel Camacho Alimentaci\u00f3n, S.L.<\/p>\n<p><span class=\"info-key \"><strong>Adresa operatorului<\/strong>:<\/span> Avda. del Pilar, 6 - 41530 Mor\u00f3n de la Frontera (Sevilla)<\/p>\n<p><strong><span class=\"info-key \">Locul de origine al alimentelor:<\/span><\/strong> Produs din Spania<\/p>\n<p><strong><span class=\"info-key \">Cantitate net\u0103:<\/span><\/strong> 280 g<\/p>\n<p><strong><span class=\"info-key \">Alte informa\u021bii obligatorii de etichetare:<\/span><\/strong> Potrivit pentru diabetici. Fabricat cu 55 g de c\u0103p\u0219uni la 100 g. <\/p>\n<p><strong>Con\u021binut total de zah\u0103r<\/strong> 42 g la 100 g.<\/p>\n","protected":false},"excerpt":{"rendered":"<p>Dulcea\u021ba dietetic\u0103 de c\u0103p\u0219uni La Vieja F\u00e1brica este o op\u021biune delicioas\u0103 \u0219i s\u0103n\u0103toas\u0103 pentru cei care doresc s\u0103 se bucure de gustul autentic al c\u0103p\u0219unilor f\u0103r\u0103 a ad\u0103uga zaharuri rafinate. Aceast\u0103 dulcea\u021b\u0103 dietetic\u0103 este realizat\u0103 cu ingrediente naturale \u0219i \u00eendulcitori cu con\u021binut sc\u0103zut de calorii, oferind o alternativ\u0103 perfect\u0103 pentru cei care \u00ee\u0219i urm\u0103resc aportul [&hellip;]<\/p>\n","protected":false},"featured_media":14396,"template":"","meta":{"_et_pb_use_builder":"","_et_pb_old_content":"","_et_gb_content_width":""},"product_brand":[1460],"product_cat":[1975],"product_tag":[],"class_list":{"0":"post-40500","1":"product","2":"type-product","3":"status-publish","4":"has-post-thumbnail","6":"product_brand-la-vieja-fabrica","7":"product_cat-conserve-ro","9":"first","10":"outofstock","11":"taxable","12":"shipping-taxable","13":"product-type-variable"},"_links":{"self":[{"href":"https:\/\/myspainfood.com\/ro\/wp-json\/wp\/v2\/product\/40500","targetHints":{"allow":["GET"]}}],"collection":[{"href":"https:\/\/myspainfood.com\/ro\/wp-json\/wp\/v2\/product"}],"about":[{"href":"https:\/\/myspainfood.com\/ro\/wp-json\/wp\/v2\/types\/product"}],"wp:featuredmedia":[{"embeddable":true,"href":"https:\/\/myspainfood.com\/ro\/wp-json\/wp\/v2\/media\/14396"}],"wp:attachment":[{"href":"https:\/\/myspainfood.com\/ro\/wp-json\/wp\/v2\/media?parent=40500"}],"wp:term":[{"taxonomy":"product_brand","embeddable":true,"href":"https:\/\/myspainfood.com\/ro\/wp-json\/wp\/v2\/product_brand?post=40500"},{"taxonomy":"product_cat","embeddable":true,"href":"https:\/\/myspainfood.com\/ro\/wp-json\/wp\/v2\/product_cat?post=40500"},{"taxonomy":"product_tag","embeddable":true,"href":"https:\/\/myspainfood.com\/ro\/wp-json\/wp\/v2\/product_tag?post=40500"}],"curies":[{"name":"wp","href":"https:\/\/api.w.org\/{rel}","templated":true}]}}