{"id":40545,"date":"2025-04-10T12:12:57","date_gmt":"2025-04-10T10:12:57","guid":{"rendered":"https:\/\/myspainfood.com\/producto\/dulceata-de-fructe-de-padure-la-vieja-fabrica-280-g\/"},"modified":"2025-09-02T10:52:42","modified_gmt":"2025-09-02T08:52:42","slug":"dulceata-de-fructe-de-padure-la-vieja-fabrica-280-g","status":"publish","type":"product","link":"https:\/\/myspainfood.com\/ro\/producto\/dulceata-de-fructe-de-padure-la-vieja-fabrica-280-g\/","title":{"rendered":"Dulcea\u021b\u0103 de fructe de p\u0103dure La Vieja F\u00e1brica 280 g"},"content":{"rendered":"<p>Dulcea\u021ba de fructe de p\u0103dure La Vieja F\u00e1brica este o combina\u021bie rafinat\u0103 a celor mai bune fructe de p\u0103dure, atent selec\u021bionate pentru a oferi o arom\u0103 unic\u0103 \u0219i delicioas\u0103. Acest produs se remarc\u0103 prin produc\u021bia sa artizanal\u0103 \u0219i angajamentul s\u0103u fa\u021b\u0103 de calitate, oferind o experien\u021b\u0103 gastronomic\u0103 care evoc\u0103 esen\u021ba naturii \u00een fiecare lingur\u0103. <\/p>\n<p><span class=\"info-key \"><strong>Denumirea produsului alimentar<\/strong>:<\/span> Dulcea\u021b\u0103 de fructe de p\u0103dure<\/p>\n<p><span class=\"info-key \"><strong>Denumirea operatorului<\/strong>:<\/span> \u00c1ngel Camacho Alimentaci\u00f3n, S.L.<\/p>\n<p><strong><span class=\"info-key \">Adresa operatorului:<\/span><\/strong> Avda. del Pilar, 6 - 41530 Mor\u00f3n de la Frontera (Sevilla).<\/p>\n<p><span class=\"info-key \"><strong>Locul de origine al produsului alimentar<\/strong>:<\/span> Produs din Spania<\/p>\n<p><span class=\"info-key \"><strong>Cantitate net\u0103<\/strong>:<\/span> 350 g<\/p>\n<p><span class=\"info-key \"><strong>Alte informa\u021bii obligatorii pe etichet\u0103<\/strong>:<\/span> Fabricat cu 45 g de fructe de p\u0103dure la 100 g.<\/p>\n<p> <strong> Con\u021binut total de zah\u0103r<\/strong> 50 g la 100 g.<\/p>\n","protected":false},"excerpt":{"rendered":"<p>Dulcea\u021ba de fructe de p\u0103dure La Vieja F\u00e1brica este o combina\u021bie rafinat\u0103 a celor mai bune fructe de p\u0103dure, atent selec\u021bionate pentru a oferi o arom\u0103 unic\u0103 \u0219i delicioas\u0103. Acest produs se remarc\u0103 prin produc\u021bia sa artizanal\u0103 \u0219i angajamentul s\u0103u fa\u021b\u0103 de calitate, oferind o experien\u021b\u0103 gastronomic\u0103 care evoc\u0103 esen\u021ba naturii \u00een fiecare lingur\u0103. Denumirea [&hellip;]<\/p>\n","protected":false},"featured_media":14369,"template":"","meta":{"_et_pb_use_builder":"","_et_pb_old_content":"","_et_gb_content_width":""},"product_brand":[1460],"product_cat":[1975],"product_tag":[],"class_list":{"0":"post-40545","1":"product","2":"type-product","3":"status-publish","4":"has-post-thumbnail","6":"product_brand-la-vieja-fabrica","7":"product_cat-conserve-ro","9":"first","10":"outofstock","11":"taxable","12":"shipping-taxable","13":"product-type-variable"},"_links":{"self":[{"href":"https:\/\/myspainfood.com\/ro\/wp-json\/wp\/v2\/product\/40545","targetHints":{"allow":["GET"]}}],"collection":[{"href":"https:\/\/myspainfood.com\/ro\/wp-json\/wp\/v2\/product"}],"about":[{"href":"https:\/\/myspainfood.com\/ro\/wp-json\/wp\/v2\/types\/product"}],"wp:featuredmedia":[{"embeddable":true,"href":"https:\/\/myspainfood.com\/ro\/wp-json\/wp\/v2\/media\/14369"}],"wp:attachment":[{"href":"https:\/\/myspainfood.com\/ro\/wp-json\/wp\/v2\/media?parent=40545"}],"wp:term":[{"taxonomy":"product_brand","embeddable":true,"href":"https:\/\/myspainfood.com\/ro\/wp-json\/wp\/v2\/product_brand?post=40545"},{"taxonomy":"product_cat","embeddable":true,"href":"https:\/\/myspainfood.com\/ro\/wp-json\/wp\/v2\/product_cat?post=40545"},{"taxonomy":"product_tag","embeddable":true,"href":"https:\/\/myspainfood.com\/ro\/wp-json\/wp\/v2\/product_tag?post=40545"}],"curies":[{"name":"wp","href":"https:\/\/api.w.org\/{rel}","templated":true}]}}