{"id":40714,"date":"2025-04-10T12:13:20","date_gmt":"2025-04-10T10:13:20","guid":{"rendered":"https:\/\/myspainfood.com\/producto\/vin-mataromera-ribera-del-duero-crianza-2019-denumire-de-origine-75-cl\/"},"modified":"2026-01-29T12:52:23","modified_gmt":"2026-01-29T11:52:23","slug":"vin-mataromera-ribera-del-duero-crianza-2019-denumire-de-origine-75-cl","status":"publish","type":"product","link":"https:\/\/myspainfood.com\/ro\/producto\/vin-mataromera-ribera-del-duero-crianza-2019-denumire-de-origine-75-cl\/","title":{"rendered":"Vin Mataromera Ribera del Duero Crianza 2019 Denumire de origine 75 cl"},"content":{"rendered":"<p>Mataromera este o vin\u0103rie renumit\u0103 din Ribera del Duero, cunoscut\u0103 pentru dedicarea sa pentru excelen\u021b\u0103 \u0219i pentru utilizarea unor tehnici de viticultur\u0103 \u0219i vinifica\u021bie care respect\u0103 at\u00e2t tradi\u021bia, c\u00e2t \u0219i inova\u021bia. Acest vin reflect\u0103 caracterul unic al podgoriilor situate pe pantele V\u0103ii Duero, unde climatul continental extrem \u0219i solurile argilo-calcaroase ofer\u0103 condi\u021bii ideale pentru cultivarea Tempranillo. <\/p>\n<p>&nbsp;<\/p>\n<p>Acest vin este o expresie autentic\u0103 a Ribera del Duero, oferind o experien\u021b\u0103 senzorial\u0103 bogat\u0103 \u0219i memorabil\u0103. Perfect pentru s\u0103rb\u0103tori speciale sau pentru a fi savurat la o cin\u0103 sofisticat\u0103. <\/p>\n<p>&nbsp;<\/p>\n<p>\u00cenvechit \u00een butoaie de stejar francez \u0219i american timp de aproximativ 14 luni, urmat de o perioad\u0103 suplimentar\u0103 de rafinare \u00een sticl\u0103.<\/p>\n","protected":false},"excerpt":{"rendered":"<p>Mataromera este o vin\u0103rie renumit\u0103 din Ribera del Duero, cunoscut\u0103 pentru dedicarea sa pentru excelen\u021b\u0103 \u0219i pentru utilizarea unor tehnici de viticultur\u0103 \u0219i vinifica\u021bie care respect\u0103 at\u00e2t tradi\u021bia, c\u00e2t \u0219i inova\u021bia. Acest vin reflect\u0103 caracterul unic al podgoriilor situate pe pantele V\u0103ii Duero, unde climatul continental extrem \u0219i solurile argilo-calcaroase ofer\u0103 condi\u021bii ideale pentru cultivarea [&hellip;]<\/p>\n","protected":false},"featured_media":14567,"template":"","meta":{"_et_pb_use_builder":"","_et_pb_old_content":"","_et_gb_content_width":""},"product_brand":[1462],"product_cat":[4868,6263],"product_tag":[],"class_list":{"0":"post-40714","1":"product","2":"type-product","3":"status-publish","4":"has-post-thumbnail","6":"product_brand-matarromera","7":"product_cat-bauturi","8":"product_cat-vin-ro-3","10":"first","11":"outofstock","12":"taxable","13":"shipping-taxable","14":"product-type-variable"},"_links":{"self":[{"href":"https:\/\/myspainfood.com\/ro\/wp-json\/wp\/v2\/product\/40714","targetHints":{"allow":["GET"]}}],"collection":[{"href":"https:\/\/myspainfood.com\/ro\/wp-json\/wp\/v2\/product"}],"about":[{"href":"https:\/\/myspainfood.com\/ro\/wp-json\/wp\/v2\/types\/product"}],"wp:featuredmedia":[{"embeddable":true,"href":"https:\/\/myspainfood.com\/ro\/wp-json\/wp\/v2\/media\/14567"}],"wp:attachment":[{"href":"https:\/\/myspainfood.com\/ro\/wp-json\/wp\/v2\/media?parent=40714"}],"wp:term":[{"taxonomy":"product_brand","embeddable":true,"href":"https:\/\/myspainfood.com\/ro\/wp-json\/wp\/v2\/product_brand?post=40714"},{"taxonomy":"product_cat","embeddable":true,"href":"https:\/\/myspainfood.com\/ro\/wp-json\/wp\/v2\/product_cat?post=40714"},{"taxonomy":"product_tag","embeddable":true,"href":"https:\/\/myspainfood.com\/ro\/wp-json\/wp\/v2\/product_tag?post=40714"}],"curies":[{"name":"wp","href":"https:\/\/api.w.org\/{rel}","templated":true}]}}