{"id":40754,"date":"2025-04-10T12:13:45","date_gmt":"2025-04-10T10:13:45","guid":{"rendered":"https:\/\/myspainfood.com\/producto\/sierra-zarza-gourmet-branza-de-capra-750-grame\/"},"modified":"2025-04-10T12:13:45","modified_gmt":"2025-04-10T10:13:45","slug":"sierra-zarza-gourmet-branza-de-capra-750-grame","status":"publish","type":"product","link":"https:\/\/myspainfood.com\/ro\/producto\/sierra-zarza-gourmet-branza-de-capra-750-grame\/","title":{"rendered":"Sierra Zarza Gourmet Br\u00e2nz\u0103 de capr\u0103 750 grame"},"content":{"rendered":"<p>Descoperi\u021bi esen\u021ba autentic\u0103 a zonelor rurale cu rafinata noastr\u0103 br\u00e2nz\u0103 de capr\u0103 Sierra Zarza, un deliciu artizanal care \u00eentruchipeaz\u0103 tradi\u021bia \u0219i calitatea celui mai pur lapte de capr\u0103. Ob\u021binut\u0103 din turme selec\u021bionate care pasc \u00een voie pe pantele din Sierra Zarza, aceast\u0103 br\u00e2nz\u0103 ofer\u0103 o experien\u021b\u0103 gastronomic\u0103 de neegalat. <\/p>\n<p>Br\u00e2nza de capr\u0103 Sierra Zarza vine \u00eentr-o prezentare elegant\u0103, ideal\u0103 at\u00e2t pentru ocazii speciale, c\u00e2t \u0219i pentru utilizarea zilnic\u0103. Perfect\u0103 cu vinuri albe \u0219i ros\u00e9, aceasta este, de asemenea, un adaos excelent la salate, tapas \u0219i deserturi gourmet. Versatilitatea sa \u00een buc\u0103t\u0103rie o face un ingredient esen\u021bial pentru iubitorii de m\u00e2ncare bun\u0103.  <\/p>\n<p>Descoperi\u021bi esen\u021ba autentic\u0103 a zonelor rurale cu rafinata noastr\u0103 br\u00e2nz\u0103 de capr\u0103 Sierra Zarza, un deliciu artizanal care \u00eentruchipeaz\u0103 tradi\u021bia \u0219i calitatea celui mai pur lapte de capr\u0103. Ob\u021binut\u0103 din turme selec\u021bionate care pasc \u00een voie pe pantele din Sierra Zarza, aceast\u0103 br\u00e2nz\u0103 ofer\u0103 o experien\u021b\u0103 gastronomic\u0103 de neegalat. <\/p>\n<p>&nbsp;<\/p>\n<p>Br\u00e2nza de capr\u0103 Sierra Zarza vine \u00eentr-o prezentare elegant\u0103, ideal\u0103 at\u00e2t pentru ocazii speciale, c\u00e2t \u0219i pentru utilizarea zilnic\u0103. Perfect\u0103 cu vinuri albe \u0219i ros\u00e9, aceasta este, de asemenea, un adaos excelent la salate, tapas \u0219i deserturi gourmet. Versatilitatea sa \u00een buc\u0103t\u0103rie o face un ingredient esen\u021bial pentru iubitorii de m\u00e2ncare bun\u0103.  <\/p>\n","protected":false},"excerpt":{"rendered":"<p>Descoperi\u021bi esen\u021ba autentic\u0103 a zonelor rurale cu rafinata noastr\u0103 br\u00e2nz\u0103 de capr\u0103 Sierra Zarza, un deliciu artizanal care \u00eentruchipeaz\u0103 tradi\u021bia \u0219i calitatea celui mai pur lapte de capr\u0103. Ob\u021binut\u0103 din turme selec\u021bionate care pasc \u00een voie pe pantele din Sierra Zarza, aceast\u0103 br\u00e2nz\u0103 ofer\u0103 o experien\u021b\u0103 gastronomic\u0103 de neegalat. Br\u00e2nza de capr\u0103 Sierra Zarza vine [&hellip;]<\/p>\n","protected":false},"featured_media":14675,"template":"","meta":{"_et_pb_use_builder":"","_et_pb_old_content":"","_et_gb_content_width":""},"product_brand":[1465],"product_cat":[2239,2720],"product_tag":[],"class_list":{"0":"post-40754","1":"product","2":"type-product","3":"status-publish","4":"has-post-thumbnail","6":"product_brand-sierra-zarza","7":"product_cat-branza-si-carnati","8":"product_cat-curatare","10":"first","11":"outofstock","12":"taxable","13":"shipping-taxable","14":"purchasable","15":"product-type-variable"},"_links":{"self":[{"href":"https:\/\/myspainfood.com\/ro\/wp-json\/wp\/v2\/product\/40754","targetHints":{"allow":["GET"]}}],"collection":[{"href":"https:\/\/myspainfood.com\/ro\/wp-json\/wp\/v2\/product"}],"about":[{"href":"https:\/\/myspainfood.com\/ro\/wp-json\/wp\/v2\/types\/product"}],"wp:featuredmedia":[{"embeddable":true,"href":"https:\/\/myspainfood.com\/ro\/wp-json\/wp\/v2\/media\/14675"}],"wp:attachment":[{"href":"https:\/\/myspainfood.com\/ro\/wp-json\/wp\/v2\/media?parent=40754"}],"wp:term":[{"taxonomy":"product_brand","embeddable":true,"href":"https:\/\/myspainfood.com\/ro\/wp-json\/wp\/v2\/product_brand?post=40754"},{"taxonomy":"product_cat","embeddable":true,"href":"https:\/\/myspainfood.com\/ro\/wp-json\/wp\/v2\/product_cat?post=40754"},{"taxonomy":"product_tag","embeddable":true,"href":"https:\/\/myspainfood.com\/ro\/wp-json\/wp\/v2\/product_tag?post=40754"}],"curies":[{"name":"wp","href":"https:\/\/api.w.org\/{rel}","templated":true}]}}