{"id":40830,"date":"2025-04-10T12:13:45","date_gmt":"2025-04-10T10:13:45","guid":{"rendered":"https:\/\/myspainfood.com\/producto\/ramon-bilbao-rioja-crianza-2020-denumire-de-origine-75-cl\/"},"modified":"2026-01-29T12:57:29","modified_gmt":"2026-01-29T11:57:29","slug":"ramon-bilbao-rioja-crianza-2020-denumire-de-origine-75-cl","status":"publish","type":"product","link":"https:\/\/myspainfood.com\/ro\/producto\/ramon-bilbao-rioja-crianza-2020-denumire-de-origine-75-cl\/","title":{"rendered":"Ramon Bilbao Rioja Crianza 2020 Denumire de origine 75 cl"},"content":{"rendered":"<p>Descoperi\u021bi excelen\u021ba din Rioja cu Ram\u00f3n Bilbao Crianza 2020, un vin ro\u0219u care reflect\u0103 tradi\u021bia \u0219i spiritul inovator al uneia dintre cele mai prestigioase crame din Spania. Elaborat cu o aten\u021bie meticuloas\u0103 la detalii, acest vin este o reprezentare autentic\u0103 a calit\u0103\u021bii \u0219i caracterului regiunii Rioja. <\/p>\n<p>&nbsp;<\/p>\n<p>Vin\u0103ria Ram\u00f3n Bilbao, fondat\u0103 \u00een 1924, combin\u0103 tradi\u021bia vinifica\u021biei din Rioja cu o viziune inovatoare, cre\u00e2nd vinuri care sunt at\u00e2t un tribut adus mo\u0219tenirii regiunii, c\u00e2t \u0219i o expresie a modernit\u0103\u021bii. Ram\u00f3n Bilbao Crianza 2020 este un vin care v\u0103 invit\u0103 s\u0103 explora\u021bi bog\u0103\u021bia \u0219i diversitatea Rioja, ideal pentru orice ocazie, de la cine formale la \u00eent\u00e2lniri informale. <\/p>\n","protected":false},"excerpt":{"rendered":"<p>Descoperi\u021bi excelen\u021ba din Rioja cu Ram\u00f3n Bilbao Crianza 2020, un vin ro\u0219u care reflect\u0103 tradi\u021bia \u0219i spiritul inovator al uneia dintre cele mai prestigioase crame din Spania. Elaborat cu o aten\u021bie meticuloas\u0103 la detalii, acest vin este o reprezentare autentic\u0103 a calit\u0103\u021bii \u0219i caracterului regiunii Rioja. &nbsp; Vin\u0103ria Ram\u00f3n Bilbao, fondat\u0103 \u00een 1924, combin\u0103 tradi\u021bia [&hellip;]<\/p>\n","protected":false},"featured_media":14621,"template":"","meta":{"_et_pb_use_builder":"","_et_pb_old_content":"","_et_gb_content_width":""},"product_brand":[1463],"product_cat":[4868,6263],"product_tag":[],"class_list":{"0":"post-40830","1":"product","2":"type-product","3":"status-publish","4":"has-post-thumbnail","6":"product_brand-ramon-bilbao","7":"product_cat-bauturi","8":"product_cat-vin-ro-3","10":"first","11":"outofstock","12":"taxable","13":"shipping-taxable","14":"product-type-variable"},"_links":{"self":[{"href":"https:\/\/myspainfood.com\/ro\/wp-json\/wp\/v2\/product\/40830","targetHints":{"allow":["GET"]}}],"collection":[{"href":"https:\/\/myspainfood.com\/ro\/wp-json\/wp\/v2\/product"}],"about":[{"href":"https:\/\/myspainfood.com\/ro\/wp-json\/wp\/v2\/types\/product"}],"wp:featuredmedia":[{"embeddable":true,"href":"https:\/\/myspainfood.com\/ro\/wp-json\/wp\/v2\/media\/14621"}],"wp:attachment":[{"href":"https:\/\/myspainfood.com\/ro\/wp-json\/wp\/v2\/media?parent=40830"}],"wp:term":[{"taxonomy":"product_brand","embeddable":true,"href":"https:\/\/myspainfood.com\/ro\/wp-json\/wp\/v2\/product_brand?post=40830"},{"taxonomy":"product_cat","embeddable":true,"href":"https:\/\/myspainfood.com\/ro\/wp-json\/wp\/v2\/product_cat?post=40830"},{"taxonomy":"product_tag","embeddable":true,"href":"https:\/\/myspainfood.com\/ro\/wp-json\/wp\/v2\/product_tag?post=40830"}],"curies":[{"name":"wp","href":"https:\/\/api.w.org\/{rel}","templated":true}]}}