{"id":40873,"date":"2025-04-10T12:14:06","date_gmt":"2025-04-10T10:14:06","guid":{"rendered":"https:\/\/myspainfood.com\/producto\/a-inigo-garbanzos-de-primera-3-kg\/"},"modified":"2025-04-10T12:14:06","modified_gmt":"2025-04-10T10:14:06","slug":"a-inigo-garbanzos-de-primera-3-kg","status":"publish","type":"product","link":"https:\/\/myspainfood.com\/ro\/producto\/a-inigo-garbanzos-de-primera-3-kg\/","title":{"rendered":"A. I\u00f1igo Garbanzos de Primera 3 kg"},"content":{"rendered":"<p>Descoperi\u021bi <strong>n\u0103utul Primera A. I\u00f1igo. I\u00f1igo<\/strong>, selectate meticulos pentru a v\u0103 oferi cea mai bun\u0103 calitate \u0219i arom\u0103 \u00een fiecare boabe. Acest n\u0103ut premium este ingredientul perfect pentru a v\u0103 ridica nivelul m\u00e2nc\u0103rurilor, oferind o textur\u0103 fin\u0103 \u0219i cremoas\u0103 care se adapteaz\u0103 la o mare varietate de re\u021bete. <\/p>\n<p><strong>Beneficii:<\/strong><\/p>\n<ul>\n<li><strong>Nutritive:<\/strong> bogate \u00een fibre \u0219i proteine, esen\u021biale pentru o diet\u0103 s\u0103n\u0103toas\u0103 \u0219i echilibrat\u0103.<\/li>\n<li><strong>Energetice:<\/strong> Ofer\u0103 energie \u0219i sa\u021bietate \u0219i sunt ideale pentru orice mas\u0103 a zilei.<\/li>\n<li><strong>S\u0103n\u0103tos:<\/strong> F\u0103r\u0103 aditivi sau conservan\u021bi, sunt o alegere natural\u0103 \u0219i s\u0103n\u0103toas\u0103 pentru \u00eentreaga familie.<\/li>\n<li><strong>Versatilitate \u00een buc\u0103t\u0103rie:<\/strong> Se adapteaz\u0103 la o mare varietate de re\u021bete, at\u00e2t tradi\u021bionale, c\u00e2t \u0219i moderne, permi\u021b\u00e2ndu-v\u0103 s\u0103 crea\u021bi m\u00e2nc\u0103ruri delicioase \u0219i nutritive.<\/li>\n<\/ul>\n<p><strong>Recomand\u0103ri pentru utilizare:<\/strong><\/p>\n<ul>\n<li><strong>Salate:<\/strong> Ad\u0103uga\u021bi-le la salate pentru o not\u0103 de textur\u0103 \u0219i nutri\u021bie.<\/li>\n<li><strong>Toc\u0103ni\u021be \u0219i supe:<\/strong> Perfect pentru \u00eembog\u0103\u021birea toc\u0103ni\u021belor de carne, pas\u0103re sau legume, precum \u0219i a supelor reconfortante.<\/li>\n<li><strong>Hummus:<\/strong> Folosi\u021bi-le pentru a face hummus de cas\u0103, ad\u0103ug\u00e2nd tahini, l\u0103m\u00e2ie, usturoi \u0219i ulei de m\u0103sline.<\/li>\n<li><strong>M\u00e2nc\u0103ruri tradi\u021bionale:<\/strong> Ideal pentru toc\u0103ni\u021be, caserole \u0219i alte re\u021bete tradi\u021bionale spaniole.<\/li>\n<\/ul>\n<p><strong>Conservare:<\/strong><\/p>\n<ul>\n<li>A se p\u0103stra \u00eentr-un loc r\u0103coros \u0219i uscat.<\/li>\n<li>P\u0103stra\u021bi recipientul bine \u00eenchis pentru a p\u0103stra prospe\u021bimea.<\/li>\n<\/ul>\n","protected":false},"excerpt":{"rendered":"<p>Descoperi\u021bi n\u0103utul Primera A. I\u00f1igo. I\u00f1igo, selectate meticulos pentru a v\u0103 oferi cea mai bun\u0103 calitate \u0219i arom\u0103 \u00een fiecare boabe. Acest n\u0103ut premium este ingredientul perfect pentru a v\u0103 ridica nivelul m\u00e2nc\u0103rurilor, oferind o textur\u0103 fin\u0103 \u0219i cremoas\u0103 care se adapteaz\u0103 la o mare varietate de re\u021bete. Beneficii: Nutritive: bogate \u00een fibre \u0219i proteine, [&hellip;]<\/p>\n","protected":false},"featured_media":14810,"template":"","meta":{"_et_pb_use_builder":"","_et_pb_old_content":"","_et_gb_content_width":""},"product_brand":[1461],"product_cat":[8048],"product_tag":[],"class_list":{"0":"post-40873","1":"product","2":"type-product","3":"status-publish","4":"has-post-thumbnail","6":"product_brand-a-inigo","7":"product_cat-categoria-de-testare","9":"first","10":"outofstock","11":"taxable","12":"shipping-taxable","13":"product-type-variable"},"_links":{"self":[{"href":"https:\/\/myspainfood.com\/ro\/wp-json\/wp\/v2\/product\/40873","targetHints":{"allow":["GET"]}}],"collection":[{"href":"https:\/\/myspainfood.com\/ro\/wp-json\/wp\/v2\/product"}],"about":[{"href":"https:\/\/myspainfood.com\/ro\/wp-json\/wp\/v2\/types\/product"}],"wp:featuredmedia":[{"embeddable":true,"href":"https:\/\/myspainfood.com\/ro\/wp-json\/wp\/v2\/media\/14810"}],"wp:attachment":[{"href":"https:\/\/myspainfood.com\/ro\/wp-json\/wp\/v2\/media?parent=40873"}],"wp:term":[{"taxonomy":"product_brand","embeddable":true,"href":"https:\/\/myspainfood.com\/ro\/wp-json\/wp\/v2\/product_brand?post=40873"},{"taxonomy":"product_cat","embeddable":true,"href":"https:\/\/myspainfood.com\/ro\/wp-json\/wp\/v2\/product_cat?post=40873"},{"taxonomy":"product_tag","embeddable":true,"href":"https:\/\/myspainfood.com\/ro\/wp-json\/wp\/v2\/product_tag?post=40873"}],"curies":[{"name":"wp","href":"https:\/\/api.w.org\/{rel}","templated":true}]}}