{"id":41005,"date":"2025-04-10T12:14:06","date_gmt":"2025-04-10T10:14:06","guid":{"rendered":"https:\/\/myspainfood.com\/producto\/ton-cu-aripioare-galbene-olympos-in-sos-murat-18-kilograme\/"},"modified":"2025-04-10T12:14:06","modified_gmt":"2025-04-10T10:14:06","slug":"ton-cu-aripioare-galbene-olympos-in-sos-murat-18-kilograme","status":"publish","type":"product","link":"https:\/\/myspainfood.com\/ro\/producto\/ton-cu-aripioare-galbene-olympos-in-sos-murat-18-kilograme\/","title":{"rendered":"Ton cu aripioare galbene Olympos \u00een sos murat 1,8 kilograme"},"content":{"rendered":"<article class=\"4ever-article\" data-clipboard-cangjie=\"[\"root\",{\"copyFrom\":33891801},[\"p\",{\"jc\":\"left\",\"ind\":{},\"spacing\":{}},[\"span\",{\"data-type\":\"text\"},[\"span\",{\"data-type\":\"leaf\"},\"Descubre la excelencia del \"],[\"span\",{\"bold\":true,\"data-type\":\"leaf\"},\"At\u00fan Claro en Escabeche Olympos\"],[\"span\",{\"data-type\":\"leaf\"},\", una delicia gourmet que eleva tus comidas cotidianas. Seleccionado cuidadosamente y preparado con los m\u00e1s altos est\u00e1ndares de calidad, este at\u00fan claro ofrece un sabor aut\u00e9ntico y una textura suave que deleitar\u00e1 a tu paladar.\"]]],[\"p\",{\"jc\":\"left\",\"ind\":{},\"spacing\":{}},[\"span\",{\"data-type\":\"text\"},[\"span\",{\"data-type\":\"leaf\"},\"\"]]],[\"p\",{\"jc\":\"left\",\"ind\":{},\"spacing\":{}},[\"span\",{\"data-type\":\"text\"},[\"span\",{\"bold\":true,\"data-type\":\"leaf\"},\"Beneficios:\"]]],[\"p\",{\"list\":{\"listId\":\"ca7ejz8ee1c\",\"isOrdered\":false,\"level\":0},\"jc\":\"left\",\"spacing\":{}},[\"span\",{\"data-type\":\"text\"},[\"span\",{\"bold\":true,\"data-type\":\"leaf\"},\"F\u00e1cil de Usar:\"],[\"span\",{\"data-type\":\"leaf\"},\" Abre la lata y disfruta de su delicioso sabor directamente o como ingrediente principal en tus recetas favoritas.\"]]],[\"p\",{\"list\":{\"listId\":\"ca7ejz8ee1c\",\"isOrdered\":false,\"level\":0},\"jc\":\"left\",\"spacing\":{}},[\"span\",{\"data-type\":\"text\"},[\"span\",{\"bold\":true,\"data-type\":\"leaf\"},\"Saludable:\"],[\"span\",{\"data-type\":\"leaf\"},\" Bajo en grasas saturadas y libre de conservantes artificiales, es una opci\u00f3n nutritiva para toda la familia.\"]]],[\"p\",{\"list\":{\"listId\":\"ca7ejz8ee1c\",\"isOrdered\":false,\"level\":0},\"jc\":\"left\",\"spacing\":{}},[\"span\",{\"data-type\":\"text\"},[\"span\",{\"bold\":true,\"data-type\":\"leaf\"},\"Sabor Aut\u00e9ntico:\"],[\"span\",{\"data-type\":\"leaf\"},\" La preparaci\u00f3n en escabeche realza el sabor natural del at\u00fan, ofreci\u00e9ndote una experiencia gastron\u00f3mica \u00fanica.\"]]],[\"p\",{\"jc\":\"left\",\"ind\":{},\"spacing\":{}},[\"span\",{\"data-type\":\"text\"},[\"span\",{\"data-type\":\"leaf\"},\"\"]]],[\"p\",{\"jc\":\"left\",\"ind\":{},\"spacing\":{}},[\"span\",{\"data-type\":\"text\"},[\"span\",{\"bold\":true,\"data-type\":\"leaf\"},\"Recomendaciones de Uso:\"]]],[\"p\",{\"list\":{\"listId\":\"wuep2lhyiif\",\"isOrdered\":false,\"level\":0},\"jc\":\"left\",\"spacing\":{}},[\"span\",{\"data-type\":\"text\"},[\"span\",{\"bold\":true,\"data-type\":\"leaf\"},\"Ensaladas:\"],[\"span\",{\"data-type\":\"leaf\"},\" Comb\u00ednalo con vegetales frescos y un aderezo ligero para una ensalada nutritiva.\"]]],[\"p\",{\"list\":{\"listId\":\"wuep2lhyiif\",\"isOrdered\":false,\"level\":0},\"jc\":\"left\",\"spacing\":{}},[\"span\",{\"data-type\":\"text\"},[\"span\",{\"bold\":true,\"data-type\":\"leaf\"},\"Tapas:\"],[\"span\",{\"data-type\":\"leaf\"},\" \u00dasalo como ingrediente principal en tapas espa\u00f1olas, junto con pimientos, aceitunas y pan crujiente.\"]]],[\"p\",{\"list\":{\"listId\":\"wuep2lhyiif\",\"isOrdered\":false,\"level\":0},\"jc\":\"left\",\"spacing\":{}},[\"span\",{\"data-type\":\"text\"},[\"span\",{\"bold\":true,\"data-type\":\"leaf\"},\"Platos Principales:\"],[\"span\",{\"data-type\":\"leaf\"},\" A\u00f1\u00e1delo a pastas, arroces o guisos para un plato principal lleno de sabor y nutrientes.\"]]],[\"p\",{\"jc\":\"left\",\"ind\":{},\"spacing\":{}},[\"span\",{\"data-type\":\"text\"},[\"span\",{\"data-type\":\"leaf\"},\"\"]]],[\"p\",{\"jc\":\"left\",\"ind\":{},\"spacing\":{}},[\"span\",{\"data-type\":\"text\"},[\"span\",{\"bold\":true,\"data-type\":\"leaf\"},\"Conservaci\u00f3n:\"]]],[\"p\",{\"list\":{\"listId\":\"x5ptcu8sy7j\",\"isOrdered\":false,\"level\":0},\"jc\":\"left\",\"spacing\":{}},[\"span\",{\"data-type\":\"text\"},[\"span\",{\"data-type\":\"leaf\"},\"Almacenar en un lugar fresco y seco.\"]]],[\"p\",{\"list\":{\"listId\":\"x5ptcu8sy7j\",\"isOrdered\":false,\"level\":0},\"jc\":\"left\",\"spacing\":{}},[\"span\",{\"data-type\":\"text\"},[\"span\",{\"data-type\":\"leaf\"},\"Una vez abierto, mantener refrigerado y consumir en los pr\u00f3ximos 2 d\u00edas.\"]]]]\">Descoperi\u021bi excelen\u021ba tonului cu aripioare galbene murat Olympos, un deliciu gastronomic care v\u0103 \u00eenal\u021b\u0103 mesele de zi cu zi. Atent selectat \u0219i preparat la cele mai \u00eenalte standarde de calitate, acest ton u\u0219or ofer\u0103 o arom\u0103 autentic\u0103 \u0219i o textur\u0103 fin\u0103 care v\u0103 va \u00eenc\u00e2nta gustul: <\/p>\n<ul>\n<li>\n<div>U\u0219or de utilizat: Deschide\u021bi cutia \u0219i bucura\u021bi-v\u0103 de gustul delicios direct sau ca ingredient principal \u00een re\u021betele dvs. preferate.<\/div>\n<\/li>\n<li>\n<div>S\u0103n\u0103tos: Cu un con\u021binut sc\u0103zut de gr\u0103simi saturate \u0219i f\u0103r\u0103 conservan\u021bi artificiali, este o alegere nutritiv\u0103 pentru \u00eentreaga familie.<\/div>\n<\/li>\n<li>\n<div>Arom\u0103 autentic\u0103: Preparatul murat spore\u0219te aroma natural\u0103 a tonului, oferindu-v\u0103 o experien\u021b\u0103 gastronomic\u0103 unic\u0103.<\/div>\n<\/li>\n<\/ul>\n<p>&nbsp;<\/p>\n<p>Recomand\u0103ri pentru utilizare:<\/p>\n<ul>\n<li>\n<div>Salate: Combina\u021bi cu legume proaspete \u0219i un dressing u\u0219or pentru o salat\u0103 nutritiv\u0103.<\/div>\n<\/li>\n<li>\n<div>Tapas: Utiliza\u021bi-l ca ingredient principal \u00een tapas spaniole, \u00eempreun\u0103 cu ardei, m\u0103sline \u0219i p\u00e2ine crocant\u0103.<\/div>\n<\/li>\n<li>\n<div>M\u00e2nc\u0103ruri principale: Ad\u0103uga\u021bi-l la paste, orez sau tocan\u0103 pentru un fel principal plin de arom\u0103 \u0219i nutrien\u021bi.<\/div>\n<\/li>\n<\/ul>\n<p>&nbsp;<\/p>\n<p>Conservare:<\/p>\n<ul>\n<li>\n<div>A se p\u0103stra \u00eentr-un loc r\u0103coros \u0219i uscat.<\/div>\n<\/li>\n<li>\n<div>Odat\u0103 deschis, se p\u0103streaz\u0103 la frigider \u0219i se consum\u0103 \u00een termen de 2 zile.<\/div>\n<\/li>\n<\/ul>\n<\/article>\n","protected":false},"excerpt":{"rendered":"<p>Descoperi\u021bi excelen\u021ba tonului cu aripioare galbene murat Olympos, un deliciu gastronomic care v\u0103 \u00eenal\u021b\u0103 mesele de zi cu zi. Atent selectat \u0219i preparat la cele mai \u00eenalte standarde de calitate, acest ton u\u0219or ofer\u0103 o arom\u0103 autentic\u0103 \u0219i o textur\u0103 fin\u0103 care v\u0103 va \u00eenc\u00e2nta gustul: U\u0219or de utilizat: Deschide\u021bi cutia \u0219i bucura\u021bi-v\u0103 de gustul [&hellip;]<\/p>\n","protected":false},"featured_media":14729,"template":"","meta":{"_et_pb_use_builder":"","_et_pb_old_content":"","_et_gb_content_width":""},"product_brand":[1248],"product_cat":[1975,4398],"product_tag":[],"class_list":{"0":"post-41005","1":"product","2":"type-product","3":"status-publish","4":"has-post-thumbnail","6":"product_brand-olympos","7":"product_cat-conserve-ro","8":"product_cat-ton-si-bonito","10":"first","11":"outofstock","12":"taxable","13":"shipping-taxable","14":"product-type-variable"},"_links":{"self":[{"href":"https:\/\/myspainfood.com\/ro\/wp-json\/wp\/v2\/product\/41005","targetHints":{"allow":["GET"]}}],"collection":[{"href":"https:\/\/myspainfood.com\/ro\/wp-json\/wp\/v2\/product"}],"about":[{"href":"https:\/\/myspainfood.com\/ro\/wp-json\/wp\/v2\/types\/product"}],"wp:featuredmedia":[{"embeddable":true,"href":"https:\/\/myspainfood.com\/ro\/wp-json\/wp\/v2\/media\/14729"}],"wp:attachment":[{"href":"https:\/\/myspainfood.com\/ro\/wp-json\/wp\/v2\/media?parent=41005"}],"wp:term":[{"taxonomy":"product_brand","embeddable":true,"href":"https:\/\/myspainfood.com\/ro\/wp-json\/wp\/v2\/product_brand?post=41005"},{"taxonomy":"product_cat","embeddable":true,"href":"https:\/\/myspainfood.com\/ro\/wp-json\/wp\/v2\/product_cat?post=41005"},{"taxonomy":"product_tag","embeddable":true,"href":"https:\/\/myspainfood.com\/ro\/wp-json\/wp\/v2\/product_tag?post=41005"}],"curies":[{"name":"wp","href":"https:\/\/api.w.org\/{rel}","templated":true}]}}