{"id":41048,"date":"2025-04-10T12:14:06","date_gmt":"2025-04-10T10:14:06","guid":{"rendered":"https:\/\/myspainfood.com\/producto\/pateu-de-ton-murat-cusumano-delicios-gourmet-170-gr\/"},"modified":"2025-04-10T12:14:06","modified_gmt":"2025-04-10T10:14:06","slug":"pateu-de-ton-murat-cusumano-delicios-gourmet-170-gr","status":"publish","type":"product","link":"https:\/\/myspainfood.com\/ro\/producto\/pateu-de-ton-murat-cusumano-delicios-gourmet-170-gr\/","title":{"rendered":"Pateu de ton murat Cusumano - Delicios &amp; Gourmet - 170 gr"},"content":{"rendered":"<p>Pateul de ton Cusumano este o delicates\u0103 gastronomic\u0103 realizat\u0103 din ton de \u00eenalt\u0103 calitate, atent selectat \u0219i prelucrat pentru a oferi o arom\u0103 incomparabil\u0103 \u0219i o textur\u0103 fin\u0103. Ideal pentru iubitorii de m\u00e2ncare bun\u0103, acest pateu combin\u0103 ce este mai bun din mare cu ingrediente naturale \u0219i o not\u0103 de rafinament. <\/p>\n<ul>\n<li><strong>Marca:<\/strong> Cusumano<\/li>\n<li><strong>Tip produs:<\/strong> Pateu de ton<\/li>\n<li><strong>Prezentare:<\/strong> Cutie sau borcan de sticl\u0103<\/li>\n<li><strong>Greutate net\u0103:<\/strong> (specifica\u021bi greutatea exact\u0103, de exemplu 100g, 200g)<\/li>\n<li><strong>Ingrediente:<\/strong> Ton, ulei de m\u0103sline, condimente naturale, sare (\u0219i alte ingrediente naturale, dac\u0103 sunt disponibile).<\/li>\n<li><strong>Depozitare:<\/strong> A se p\u0103stra \u00eentr-un loc r\u0103coros \u0219i uscat. Dup\u0103 deschidere, p\u0103stra\u021bi la frigider \u0219i consuma\u021bi \u00een termen de (specifica\u021bi termenul, de exemplu, 3 zile). <\/li>\n<\/ul>\n<p>Pateul de ton Cusumano se caracterizeaz\u0103 prin gustul s\u0103u delicat \u0219i rafinat, cu un echilibru perfect \u00eentre aroma tonului \u0219i notele subtile ale condimentelor naturale. Textura sa este cremoas\u0103 \u0219i u\u0219or de \u00eentins, ceea ce \u00eel face o alegere ideal\u0103 at\u00e2t pentru ocazii speciale, c\u00e2t \u0219i pentru savurarea zilnic\u0103. <\/p>\n","protected":false},"excerpt":{"rendered":"<p>Pateul de ton Cusumano este o delicates\u0103 gastronomic\u0103 realizat\u0103 din ton de \u00eenalt\u0103 calitate, atent selectat \u0219i prelucrat pentru a oferi o arom\u0103 incomparabil\u0103 \u0219i o textur\u0103 fin\u0103. Ideal pentru iubitorii de m\u00e2ncare bun\u0103, acest pateu combin\u0103 ce este mai bun din mare cu ingrediente naturale \u0219i o not\u0103 de rafinament. Marca: Cusumano Tip produs: [&hellip;]<\/p>\n","protected":false},"featured_media":14711,"template":"","meta":{"_et_pb_use_builder":"","_et_pb_old_content":"","_et_gb_content_width":""},"product_brand":[1272],"product_cat":[3735],"product_tag":[],"class_list":{"0":"post-41048","1":"product","2":"type-product","3":"status-publish","4":"has-post-thumbnail","6":"product_brand-cusumano","7":"product_cat-conserve-ro-4","9":"first","10":"instock","11":"taxable","12":"shipping-taxable","13":"product-type-variable"},"_links":{"self":[{"href":"https:\/\/myspainfood.com\/ro\/wp-json\/wp\/v2\/product\/41048","targetHints":{"allow":["GET"]}}],"collection":[{"href":"https:\/\/myspainfood.com\/ro\/wp-json\/wp\/v2\/product"}],"about":[{"href":"https:\/\/myspainfood.com\/ro\/wp-json\/wp\/v2\/types\/product"}],"wp:featuredmedia":[{"embeddable":true,"href":"https:\/\/myspainfood.com\/ro\/wp-json\/wp\/v2\/media\/14711"}],"wp:attachment":[{"href":"https:\/\/myspainfood.com\/ro\/wp-json\/wp\/v2\/media?parent=41048"}],"wp:term":[{"taxonomy":"product_brand","embeddable":true,"href":"https:\/\/myspainfood.com\/ro\/wp-json\/wp\/v2\/product_brand?post=41048"},{"taxonomy":"product_cat","embeddable":true,"href":"https:\/\/myspainfood.com\/ro\/wp-json\/wp\/v2\/product_cat?post=41048"},{"taxonomy":"product_tag","embeddable":true,"href":"https:\/\/myspainfood.com\/ro\/wp-json\/wp\/v2\/product_tag?post=41048"}],"curies":[{"name":"wp","href":"https:\/\/api.w.org\/{rel}","templated":true}]}}