{"id":41131,"date":"2025-04-10T12:14:28","date_gmt":"2025-04-10T10:14:28","guid":{"rendered":"https:\/\/myspainfood.com\/producto\/aubergine-intregi-condimentate-la-encajera-560-grame\/"},"modified":"2025-04-10T12:14:28","modified_gmt":"2025-04-10T10:14:28","slug":"aubergine-intregi-condimentate-la-encajera-560-grame","status":"publish","type":"product","link":"https:\/\/myspainfood.com\/ro\/producto\/aubergine-intregi-condimentate-la-encajera-560-grame\/","title":{"rendered":"Aubergine \u00eentregi condimentate La Encajera 560 grame"},"content":{"rendered":"<p>Aubergina \u00eentreag\u0103 cu dressing este un <a href=\"https:\/\/www.laencajera.es\/berenjenas-de-almagro\" target=\"_blank\" rel=\"noopener noreferrer nofollow\">aperitiv<\/a> ideal.<\/p>\n<p>De asemenea, se folose\u0219te ca acompaniament pentru salate.<\/p>\n<p>Acestea sunt condimentate cu ap\u0103, o\u021bet de vin, ulei de m\u0103sline, paprika, sare, chimen \u0219i usturoi.<\/p>\n<p>Vinetele cu sos de vinete sunt originare din Castilla la Mancha, Spania.<\/p>\n<p>Ingrediente S: Vinete &#8222;De Almagro&#8221;, Ap\u0103, Sare, O\u021bet de vin, Condimente naturale (Usturoi, Chimen, Paprika, Ulei de m\u0103sline), Amplificator de arom\u0103 (E-621), Acidulan\u021bi (E-330), Conservan\u021bi (E-270, E-211, E-202E-223), Antioxidant (E-300) \u0219i Arome naturale.<\/p>\n<p>P\u0103stra\u021bi \u00eentr-un loc r\u0103coros \u0219i uscat, \u00eentre 3\u00baC \u0219i 10\u00baC. P\u0103stra\u021bi departe de lumina soarelui \u0219i de mirosurile puternice. <\/p>\n<p>Odat\u0103 deschis, se p\u0103streaz\u0103 la frigider \u0219i se consum\u0103 \u00een termen de 30 de zile.<\/p>\n<p>Dac\u0103 dori\u021bi s\u0103 cump\u0103ra\u021bi m\u0103sline sau orice alt tip de <a href=\"https:\/\/latiendadesami.com\/categoria-producto\/encurtidos\/\" rel=\"noopener noreferrer nofollow\" target=\"_blank\">mur\u0103turi<\/a>, nu ezita\u021bi s\u0103 arunca\u021bi o privire la catalogul nostru online pentru a vedea varietatea larg\u0103 de <a href=\"https:\/\/latiendadesami.com\/categoria-producto\/encurtidos\/berenjenas\/\" target=\"_blank\" rel=\"noopener noreferrer nofollow\">vinete<\/a> pe care o avem.<\/p>\n<p>Marca este La Encajonera, o afacere de familie, fondat\u0103 \u00een 1990, situat\u0103 \u00een inima La Mancha, \u00een ora\u0219ul ALMAGRO, \u00een provincia Ciudad Real.<\/p>\n<p>Procesul de fabrica\u021bie a produselor sale \u00eencepe \u00een aceea\u0219i zon\u0103 de cre\u0219tere, select\u00e2nd produsul de cea mai bun\u0103 calitate.<\/p>\n<p>Fabrica este dotat\u0103 cu cea mai avansat\u0103 tehnologie, p\u0103str\u00e2nd \u00een acela\u0219i timp tradi\u021bia \u0219i know-how-ul lucr\u0103torilor s\u0103i artizani.<\/p>\n","protected":false},"excerpt":{"rendered":"<p>Aubergina \u00eentreag\u0103 cu dressing este un aperitiv ideal. De asemenea, se folose\u0219te ca acompaniament pentru salate. Acestea sunt condimentate cu ap\u0103, o\u021bet de vin, ulei de m\u0103sline, paprika, sare, chimen \u0219i usturoi. Vinetele cu sos de vinete sunt originare din Castilla la Mancha, Spania. Ingrediente S: Vinete &#8222;De Almagro&#8221;, Ap\u0103, Sare, O\u021bet de vin, Condimente [&hellip;]<\/p>\n","protected":false},"featured_media":7440,"template":"","meta":{"_et_pb_use_builder":"","_et_pb_old_content":"","_et_gb_content_width":""},"product_brand":[1057],"product_cat":[2134,1598],"product_tag":[2136],"class_list":{"0":"post-41131","1":"product","2":"type-product","3":"status-publish","4":"has-post-thumbnail","6":"product_brand-la-encajera","7":"product_cat-aubergine","8":"product_cat-muraturi","9":"product_tag-alinada-ro","11":"first","12":"outofstock","13":"taxable","14":"shipping-taxable","15":"product-type-variable"},"_links":{"self":[{"href":"https:\/\/myspainfood.com\/ro\/wp-json\/wp\/v2\/product\/41131","targetHints":{"allow":["GET"]}}],"collection":[{"href":"https:\/\/myspainfood.com\/ro\/wp-json\/wp\/v2\/product"}],"about":[{"href":"https:\/\/myspainfood.com\/ro\/wp-json\/wp\/v2\/types\/product"}],"wp:featuredmedia":[{"embeddable":true,"href":"https:\/\/myspainfood.com\/ro\/wp-json\/wp\/v2\/media\/7440"}],"wp:attachment":[{"href":"https:\/\/myspainfood.com\/ro\/wp-json\/wp\/v2\/media?parent=41131"}],"wp:term":[{"taxonomy":"product_brand","embeddable":true,"href":"https:\/\/myspainfood.com\/ro\/wp-json\/wp\/v2\/product_brand?post=41131"},{"taxonomy":"product_cat","embeddable":true,"href":"https:\/\/myspainfood.com\/ro\/wp-json\/wp\/v2\/product_cat?post=41131"},{"taxonomy":"product_tag","embeddable":true,"href":"https:\/\/myspainfood.com\/ro\/wp-json\/wp\/v2\/product_tag?post=41131"}],"curies":[{"name":"wp","href":"https:\/\/api.w.org\/{rel}","templated":true}]}}