{"id":41759,"date":"2025-04-10T12:12:29","date_gmt":"2025-04-10T10:12:29","guid":{"rendered":"https:\/\/myspainfood.com\/producto\/la-vieja-fabrica-dulceata-de-piersici-diet-280-g\/"},"modified":"2025-04-10T12:12:29","modified_gmt":"2025-04-10T10:12:29","slug":"la-vieja-fabrica-dulceata-de-piersici-diet-280-g","status":"publish","type":"product","link":"https:\/\/myspainfood.com\/ro\/producto\/la-vieja-fabrica-dulceata-de-piersici-diet-280-g\/","title":{"rendered":"La Vieja F\u00e1brica Dulcea\u021b\u0103 de piersici DIET 280 g"},"content":{"rendered":"<p>Dulcea\u021ba de piersici dietetic\u0103 La Vieja F\u00e1brica este o op\u021biune delicioas\u0103 pentru cei care doresc s\u0103 se bucure de aroma autentic\u0103 a fructelor f\u0103r\u0103 a ad\u0103uga calorii inutile dietei lor. Aceast\u0103 dulcea\u021b\u0103, preparat\u0103 cu piersici selectate \u0219i dup\u0103 re\u021betele artizanale tradi\u021bionale La Vieja F\u00e1brica, ofer\u0103 o arom\u0103 proasp\u0103t\u0103 \u0219i natural\u0103. <\/p>\n<p><strong>Origine<\/strong>: Spania Produc\u0103tor: \u00c1ngel Camacho Alimentaci\u00f3n, S.L.<\/p>\n<p><strong>Adresa produc\u0103torului<\/strong>: Avda. del Pilar, 6 - 41530 Mor\u00f3n de la Frontera (Sevilla)<\/p>\n<p> <strong> Origine<\/strong>: Produs din Spania<\/p>\n<p><strong>Greutate net\u0103<\/strong>: 280 g<\/p>\n<p><strong>Informa\u021bii suplimentare obligatorii pe etichet\u0103<\/strong>: Con\u021bine 55 g de piersici la 100 g.<\/p>\n<p><strong>Zaharuri totale<\/strong>: 42 g per 100 g.<\/p>\n","protected":false},"excerpt":{"rendered":"<p>Dulcea\u021ba de piersici dietetic\u0103 La Vieja F\u00e1brica este o op\u021biune delicioas\u0103 pentru cei care doresc s\u0103 se bucure de aroma autentic\u0103 a fructelor f\u0103r\u0103 a ad\u0103uga calorii inutile dietei lor. Aceast\u0103 dulcea\u021b\u0103, preparat\u0103 cu piersici selectate \u0219i dup\u0103 re\u021betele artizanale tradi\u021bionale La Vieja F\u00e1brica, ofer\u0103 o arom\u0103 proasp\u0103t\u0103 \u0219i natural\u0103. Origine: Spania Produc\u0103tor: \u00c1ngel Camacho [&hellip;]<\/p>\n","protected":false},"featured_media":14261,"template":"","meta":{"_et_pb_use_builder":"","_et_pb_old_content":"","_et_gb_content_width":""},"product_brand":[1460],"product_cat":[1975],"product_tag":[],"class_list":{"0":"post-41759","1":"product","2":"type-product","3":"status-publish","4":"has-post-thumbnail","6":"product_brand-la-vieja-fabrica","7":"product_cat-conserve-ro","9":"first","10":"outofstock","11":"taxable","12":"shipping-taxable","13":"product-type-variable"},"_links":{"self":[{"href":"https:\/\/myspainfood.com\/ro\/wp-json\/wp\/v2\/product\/41759","targetHints":{"allow":["GET"]}}],"collection":[{"href":"https:\/\/myspainfood.com\/ro\/wp-json\/wp\/v2\/product"}],"about":[{"href":"https:\/\/myspainfood.com\/ro\/wp-json\/wp\/v2\/types\/product"}],"wp:featuredmedia":[{"embeddable":true,"href":"https:\/\/myspainfood.com\/ro\/wp-json\/wp\/v2\/media\/14261"}],"wp:attachment":[{"href":"https:\/\/myspainfood.com\/ro\/wp-json\/wp\/v2\/media?parent=41759"}],"wp:term":[{"taxonomy":"product_brand","embeddable":true,"href":"https:\/\/myspainfood.com\/ro\/wp-json\/wp\/v2\/product_brand?post=41759"},{"taxonomy":"product_cat","embeddable":true,"href":"https:\/\/myspainfood.com\/ro\/wp-json\/wp\/v2\/product_cat?post=41759"},{"taxonomy":"product_tag","embeddable":true,"href":"https:\/\/myspainfood.com\/ro\/wp-json\/wp\/v2\/product_tag?post=41759"}],"curies":[{"name":"wp","href":"https:\/\/api.w.org\/{rel}","templated":true}]}}