{"id":41805,"date":"2025-04-10T12:12:57","date_gmt":"2025-04-10T10:12:57","guid":{"rendered":"https:\/\/myspainfood.com\/producto\/a-inigo-fasole-verde-bucati-medii-rotunde-400-gr\/"},"modified":"2025-04-10T12:12:57","modified_gmt":"2025-04-10T10:12:57","slug":"a-inigo-fasole-verde-bucati-medii-rotunde-400-gr","status":"publish","type":"product","link":"https:\/\/myspainfood.com\/ro\/producto\/a-inigo-fasole-verde-bucati-medii-rotunde-400-gr\/","title":{"rendered":"A.I\u00f1igo Fasole verde buc\u0103\u021bi medii rotunde 400 gr"},"content":{"rendered":"<p>Fasolea verde A.I\u00f1igo reprezint\u0103 excelen\u021ba \u00een materie de prospe\u021bime \u0219i arom\u0103. Aceste fasole verde, atent selec\u021bionate \u0219i recoltate la maturitatea optim\u0103, sunt alegerea ideal\u0103 pentru orice mas\u0103 zilnic\u0103. <\/p>\n<p><strong>Valoarea energetic\u0103:<\/strong> 15,9 kJ \/ 67,5 kcal<\/p>\n<p><strong>Gr\u0103sime<\/strong>: 0 g<\/p>\n<p><strong>Din care saturate<\/strong> 0 g<\/p>\n<p><strong>Carbohidra\u021bi:<\/strong> 3,3 g<\/p>\n<p><strong>Din care zaharuri<\/strong>: 0,8 g<\/p>\n<p><strong>Fibre dietetice<\/strong>: 1,5 g<\/p>\n<p><strong>Proteine<\/strong>: 0,67 g<\/p>\n<p><strong>Sare<\/strong>: 0,5 g<\/p>\n","protected":false},"excerpt":{"rendered":"<p>Fasolea verde A.I\u00f1igo reprezint\u0103 excelen\u021ba \u00een materie de prospe\u021bime \u0219i arom\u0103. Aceste fasole verde, atent selec\u021bionate \u0219i recoltate la maturitatea optim\u0103, sunt alegerea ideal\u0103 pentru orice mas\u0103 zilnic\u0103. Valoarea energetic\u0103: 15,9 kJ \/ 67,5 kcal Gr\u0103sime: 0 g Din care saturate 0 g Carbohidra\u021bi: 3,3 g Din care zaharuri: 0,8 g Fibre dietetice: 1,5 g [&hellip;]<\/p>\n","protected":false},"featured_media":14531,"template":"","meta":{"_et_pb_use_builder":"","_et_pb_old_content":"","_et_gb_content_width":""},"product_brand":[1461],"product_cat":[1975],"product_tag":[],"class_list":{"0":"post-41805","1":"product","2":"type-product","3":"status-publish","4":"has-post-thumbnail","6":"product_brand-a-inigo","7":"product_cat-conserve-ro","9":"first","10":"instock","11":"taxable","12":"shipping-taxable","13":"product-type-variable"},"_links":{"self":[{"href":"https:\/\/myspainfood.com\/ro\/wp-json\/wp\/v2\/product\/41805","targetHints":{"allow":["GET"]}}],"collection":[{"href":"https:\/\/myspainfood.com\/ro\/wp-json\/wp\/v2\/product"}],"about":[{"href":"https:\/\/myspainfood.com\/ro\/wp-json\/wp\/v2\/types\/product"}],"wp:featuredmedia":[{"embeddable":true,"href":"https:\/\/myspainfood.com\/ro\/wp-json\/wp\/v2\/media\/14531"}],"wp:attachment":[{"href":"https:\/\/myspainfood.com\/ro\/wp-json\/wp\/v2\/media?parent=41805"}],"wp:term":[{"taxonomy":"product_brand","embeddable":true,"href":"https:\/\/myspainfood.com\/ro\/wp-json\/wp\/v2\/product_brand?post=41805"},{"taxonomy":"product_cat","embeddable":true,"href":"https:\/\/myspainfood.com\/ro\/wp-json\/wp\/v2\/product_cat?post=41805"},{"taxonomy":"product_tag","embeddable":true,"href":"https:\/\/myspainfood.com\/ro\/wp-json\/wp\/v2\/product_tag?post=41805"}],"curies":[{"name":"wp","href":"https:\/\/api.w.org\/{rel}","templated":true}]}}